{"id":13174,"date":"2025-02-06T15:13:58","date_gmt":"2025-02-06T14:13:58","guid":{"rendered":"https:\/\/store.microbiotech.dz\/?post_type=product&#038;p=13174"},"modified":"2026-01-18T13:25:22","modified_gmt":"2026-01-18T12:25:22","slug":"pied-a-coulisse-numerique","status":"publish","type":"product","link":"https:\/\/store.microbiotech.dz\/index.php\/produit\/pied-a-coulisse-numerique\/","title":{"rendered":"Pied \u00e0 coulisse num\u00e9rique"},"content":{"rendered":"<p class=\"LC20lb MBeuO DKV0Md\"><span style=\"font-size: 16px; font-style: normal; font-weight: 400;\">Le<\/span><span style=\"font-size: 16px; font-style: normal; font-weight: 400;\">\u00a0<\/span><a href=\"https:\/\/fr.wikipedia.org\/wiki\/Pied_%C3%A0_coulisse\" target=\"_blank\" rel=\"noopener\">Pied \u00e0 coulisse<\/a> num\u00e9rique de laboratoire offre une pr\u00e9cision optimale pour <a href=\"https:\/\/store.microbiotech.dz\/?s=mesure\" target=\"_blank\" rel=\"noopener\">mesurer<\/a> les dimensions internes, externes, de profondeur et de pas. Son \u00e9cran LCD affiche les valeurs en m\u00e9trique, imp\u00e9rial ou fractionnel pour une lecture facile. Fabriqu\u00e9 en acier inoxydable tremp\u00e9, il garantit robustesse et durabilit\u00e9. La fonction de mise \u00e0 z\u00e9ro \u00e0 n\u2019importe quelle position et l\u2019arr\u00eat automatique optimisent son utilisation. Livr\u00e9 avec un bo\u00eetier de rangement solide, il constitue un outil essentiel pour les mesures de haute pr\u00e9cision en laboratoire et en industrie.<\/p>\n","protected":false},"excerpt":{"rendered":"<p>&nbsp;<\/p>\n<p>Origine :\u00a0<b>Chine\u00a0<\/b><img loading=\"lazy\" decoding=\"async\" class=\"alignnone wp-image-1795\" src=\"https:\/\/store.microbiotech.dz\/wp-content\/uploads\/2022\/04\/China-Flag.png\" sizes=\"auto, (max-width: 32px) 100vw, 32px\" srcset=\"https:\/\/store.microbiotech.dz\/wp-content\/uploads\/2022\/04\/China-Flag.png 224w, https:\/\/store.microbiotech.dz\/wp-content\/uploads\/2022\/04\/China-Flag-150x150.png 150w, https:\/\/store.microbiotech.dz\/wp-content\/uploads\/2022\/04\/China-Flag-100x100.png 100w\" alt=\"\" width=\"32\" height=\"32\" \/><br \/>\nMat\u00e9riau : <strong>acier inoxydable<\/strong><br \/>\nLongueur : <strong>150 mm<\/strong><br \/>\nGraduation :<strong> intervalles de 1 mm<\/strong><\/p>\n","protected":false},"featured_media":13175,"comment_status":"open","ping_status":"closed","template":"","meta":{"site-sidebar-layout":"default","site-content-layout":"","ast-site-content-layout":"default","site-content-style":"default","site-sidebar-style":"default","ast-global-header-display":"","ast-banner-title-visibility":"","ast-main-header-display":"","ast-hfb-above-header-display":"","ast-hfb-below-header-display":"","ast-hfb-mobile-header-display":"","site-post-title":"","ast-breadcrumbs-content":"","ast-featured-img":"","footer-sml-layout":"","ast-disable-related-posts":"","theme-transparent-header-meta":"default","adv-header-id-meta":"","stick-header-meta":"","header-above-stick-meta":"","header-main-stick-meta":"","header-below-stick-meta":"","astra-migrate-meta-layouts":"set","ast-page-background-enabled":"default","ast-page-background-meta":{"desktop":{"background-color":"var(--ast-global-color-4)","background-image":"","background-repeat":"repeat","background-position":"center center","background-size":"auto","background-attachment":"scroll","background-type":"","background-media":"","overlay-type":"","overlay-color":"","overlay-opacity":"","overlay-gradient":""},"tablet":{"background-color":"","background-image":"","background-repeat":"repeat","background-position":"center center","background-size":"auto","background-attachment":"scroll","background-type":"","background-media":"","overlay-type":"","overlay-color":"","overlay-opacity":"","overlay-gradient":""},"mobile":{"background-color":"","background-image":"","background-repeat":"repeat","background-position":"center center","background-size":"auto","background-attachment":"scroll","background-type":"","background-media":"","overlay-type":"","overlay-color":"","overlay-opacity":"","overlay-gradient":""}},"ast-content-background-meta":{"desktop":{"background-color":"var(--ast-global-color-5)","background-image":"","background-repeat":"repeat","background-position":"center center","background-size":"auto","background-attachment":"scroll","background-type":"","background-media":"","overlay-type":"","overlay-color":"","overlay-opacity":"","overlay-gradient":""},"tablet":{"background-color":"var(--ast-global-color-5)","background-image":"","background-repeat":"repeat","background-position":"center center","background-size":"auto","background-attachment":"scroll","background-type":"","background-media":"","overlay-type":"","overlay-color":"","overlay-opacity":"","overlay-gradient":""},"mobile":{"background-color":"var(--ast-global-color-5)","background-image":"","background-repeat":"repeat","background-position":"center center","background-size":"auto","background-attachment":"scroll","background-type":"","background-media":"","overlay-type":"","overlay-color":"","overlay-opacity":"","overlay-gradient":""}},"jetpack_post_was_ever_published":false},"product_brand":[],"product_cat":[238],"product_tag":[930,2647,2791,2792],"class_list":{"0":"post-13174","1":"product","2":"type-product","3":"status-publish","4":"has-post-thumbnail","6":"product_cat-equipements","7":"product_tag-f90","8":"product_tag-mesure","9":"product_tag-pied-a-coulisse","10":"product_tag-pied-de-mesure","11":"desktop-align-center","12":"tablet-align-left","13":"mobile-align-left","15":"first","16":"instock","17":"taxable","18":"shipping-taxable","19":"purchasable","20":"product-type-simple"},"yoast_head":"<!-- This site is optimized with the Yoast SEO plugin v27.5 - https:\/\/yoast.com\/product\/yoast-seo-wordpress\/ -->\n<title>Pied \u00e0 coulisse num\u00e9rique - La Boutique en ligne<\/title>\n<meta name=\"description\" content=\"Le Pied \u00e0 coulisse num\u00e9rique de haute qualit\u00e9 en acier inoxydable offre une pr\u00e9cision optimale pour mesurer les dimensions\" \/>\n<meta name=\"robots\" content=\"index, follow, max-snippet:-1, max-image-preview:large, max-video-preview:-1\" \/>\n<link rel=\"canonical\" href=\"https:\/\/store.microbiotech.dz\/index.php\/produit\/pied-a-coulisse-numerique\/\" \/>\n<meta property=\"og:locale\" content=\"fr_FR\" \/>\n<meta property=\"og:type\" content=\"article\" \/>\n<meta property=\"og:title\" content=\"Pied \u00e0 coulisse num\u00e9rique - La Boutique en ligne\" \/>\n<meta property=\"og:description\" content=\"Le Pied \u00e0 coulisse num\u00e9rique de haute qualit\u00e9 en acier inoxydable offre une pr\u00e9cision optimale pour mesurer les dimensions\" \/>\n<meta property=\"og:url\" content=\"https:\/\/store.microbiotech.dz\/index.php\/produit\/pied-a-coulisse-numerique\/\" \/>\n<meta property=\"og:site_name\" content=\"La Boutique en ligne\" \/>\n<meta property=\"article:publisher\" content=\"https:\/\/www.facebook.com\/MicroBiotech.dz\" \/>\n<meta property=\"article:modified_time\" content=\"2026-01-18T12:25:22+00:00\" \/>\n<meta property=\"og:image\" content=\"https:\/\/store.microbiotech.dz\/wp-content\/uploads\/2025\/02\/pied-coulisse2.webp\" \/>\n\t<meta property=\"og:image:width\" content=\"600\" \/>\n\t<meta property=\"og:image:height\" content=\"600\" \/>\n\t<meta property=\"og:image:type\" content=\"image\/webp\" \/>\n<meta name=\"twitter:card\" content=\"summary_large_image\" \/>\n<meta name=\"twitter:site\" content=\"@MicrobiotechD\" \/>\n<script type=\"application\/ld+json\" class=\"yoast-schema-graph\">{\"@context\":\"https:\\\/\\\/schema.org\",\"@graph\":[{\"@type\":\"WebPage\",\"@id\":\"https:\\\/\\\/store.microbiotech.dz\\\/index.php\\\/produit\\\/pied-a-coulisse-numerique\\\/\",\"url\":\"https:\\\/\\\/store.microbiotech.dz\\\/index.php\\\/produit\\\/pied-a-coulisse-numerique\\\/\",\"name\":\"Pied \u00e0 coulisse num\u00e9rique - La Boutique en ligne\",\"isPartOf\":{\"@id\":\"https:\\\/\\\/store.microbiotech.dz\\\/#website\"},\"primaryImageOfPage\":{\"@id\":\"https:\\\/\\\/store.microbiotech.dz\\\/index.php\\\/produit\\\/pied-a-coulisse-numerique\\\/#primaryimage\"},\"image\":{\"@id\":\"https:\\\/\\\/store.microbiotech.dz\\\/index.php\\\/produit\\\/pied-a-coulisse-numerique\\\/#primaryimage\"},\"thumbnailUrl\":\"https:\\\/\\\/store.microbiotech.dz\\\/wp-content\\\/uploads\\\/2025\\\/02\\\/pied-coulisse2.webp\",\"datePublished\":\"2025-02-06T14:13:58+00:00\",\"dateModified\":\"2026-01-18T12:25:22+00:00\",\"description\":\"Le Pied \u00e0 coulisse num\u00e9rique de haute qualit\u00e9 en acier inoxydable offre une pr\u00e9cision optimale pour mesurer les dimensions\",\"breadcrumb\":{\"@id\":\"https:\\\/\\\/store.microbiotech.dz\\\/index.php\\\/produit\\\/pied-a-coulisse-numerique\\\/#breadcrumb\"},\"inLanguage\":\"fr-FR\",\"potentialAction\":[{\"@type\":\"ReadAction\",\"target\":[\"https:\\\/\\\/store.microbiotech.dz\\\/index.php\\\/produit\\\/pied-a-coulisse-numerique\\\/\"]}]},{\"@type\":\"ImageObject\",\"inLanguage\":\"fr-FR\",\"@id\":\"https:\\\/\\\/store.microbiotech.dz\\\/index.php\\\/produit\\\/pied-a-coulisse-numerique\\\/#primaryimage\",\"url\":\"https:\\\/\\\/store.microbiotech.dz\\\/wp-content\\\/uploads\\\/2025\\\/02\\\/pied-coulisse2.webp\",\"contentUrl\":\"https:\\\/\\\/store.microbiotech.dz\\\/wp-content\\\/uploads\\\/2025\\\/02\\\/pied-coulisse2.webp\",\"width\":600,\"height\":600,\"caption\":\"Pied \u00e0 coulisse num\u00e9rique\"},{\"@type\":\"BreadcrumbList\",\"@id\":\"https:\\\/\\\/store.microbiotech.dz\\\/index.php\\\/produit\\\/pied-a-coulisse-numerique\\\/#breadcrumb\",\"itemListElement\":[{\"@type\":\"ListItem\",\"position\":1,\"name\":\"Accueil\",\"item\":\"https:\\\/\\\/store.microbiotech.dz\\\/\"},{\"@type\":\"ListItem\",\"position\":2,\"name\":\"Nos Produits\",\"item\":\"https:\\\/\\\/store.microbiotech.dz\\\/index.php\\\/nos-produits\\\/\"},{\"@type\":\"ListItem\",\"position\":3,\"name\":\"Pied \u00e0 coulisse num\u00e9rique\"}]},{\"@type\":\"WebSite\",\"@id\":\"https:\\\/\\\/store.microbiotech.dz\\\/#website\",\"url\":\"https:\\\/\\\/store.microbiotech.dz\\\/\",\"name\":\"La Boutique en ligne\",\"description\":\"Qualit\u00e9 - Rapidit\u00e9 - Tranquillit\u00e9\",\"publisher\":{\"@id\":\"https:\\\/\\\/store.microbiotech.dz\\\/#organization\"},\"potentialAction\":[{\"@type\":\"SearchAction\",\"target\":{\"@type\":\"EntryPoint\",\"urlTemplate\":\"https:\\\/\\\/store.microbiotech.dz\\\/?s={search_term_string}\"},\"query-input\":{\"@type\":\"PropertyValueSpecification\",\"valueRequired\":true,\"valueName\":\"search_term_string\"}}],\"inLanguage\":\"fr-FR\"},{\"@type\":\"Organization\",\"@id\":\"https:\\\/\\\/store.microbiotech.dz\\\/#organization\",\"name\":\"Microbiotech EURL\",\"url\":\"https:\\\/\\\/store.microbiotech.dz\\\/\",\"logo\":{\"@type\":\"ImageObject\",\"inLanguage\":\"fr-FR\",\"@id\":\"https:\\\/\\\/store.microbiotech.dz\\\/#\\\/schema\\\/logo\\\/image\\\/\",\"url\":\"https:\\\/\\\/store.microbiotech.dz\\\/wp-content\\\/uploads\\\/2021\\\/09\\\/cropped-logo-microbiotech-2.jpg\",\"contentUrl\":\"https:\\\/\\\/store.microbiotech.dz\\\/wp-content\\\/uploads\\\/2021\\\/09\\\/cropped-logo-microbiotech-2.jpg\",\"width\":815,\"height\":586,\"caption\":\"Microbiotech EURL\"},\"image\":{\"@id\":\"https:\\\/\\\/store.microbiotech.dz\\\/#\\\/schema\\\/logo\\\/image\\\/\"},\"sameAs\":[\"https:\\\/\\\/www.facebook.com\\\/MicroBiotech.dz\",\"https:\\\/\\\/x.com\\\/MicrobiotechD\",\"https:\\\/\\\/www.linkedin.com\\\/in\\\/microbiotech\\\/\",\"https:\\\/\\\/www.youtube.com\\\/channel\\\/UCTxc3VIiX7LXD2LQYfZEcDg\"]}]}<\/script>\n<!-- \/ Yoast SEO plugin. -->","yoast_head_json":{"title":"Pied \u00e0 coulisse num\u00e9rique - La Boutique en ligne","description":"Le Pied \u00e0 coulisse num\u00e9rique de haute qualit\u00e9 en acier inoxydable offre une pr\u00e9cision optimale pour mesurer les dimensions","robots":{"index":"index","follow":"follow","max-snippet":"max-snippet:-1","max-image-preview":"max-image-preview:large","max-video-preview":"max-video-preview:-1"},"canonical":"https:\/\/store.microbiotech.dz\/index.php\/produit\/pied-a-coulisse-numerique\/","og_locale":"fr_FR","og_type":"article","og_title":"Pied \u00e0 coulisse num\u00e9rique - La Boutique en ligne","og_description":"Le Pied \u00e0 coulisse num\u00e9rique de haute qualit\u00e9 en acier inoxydable offre une pr\u00e9cision optimale pour mesurer les dimensions","og_url":"https:\/\/store.microbiotech.dz\/index.php\/produit\/pied-a-coulisse-numerique\/","og_site_name":"La Boutique en ligne","article_publisher":"https:\/\/www.facebook.com\/MicroBiotech.dz","article_modified_time":"2026-01-18T12:25:22+00:00","og_image":[{"width":600,"height":600,"url":"https:\/\/store.microbiotech.dz\/wp-content\/uploads\/2025\/02\/pied-coulisse2.webp","type":"image\/webp"}],"twitter_card":"summary_large_image","twitter_site":"@MicrobiotechD","schema":{"@context":"https:\/\/schema.org","@graph":[{"@type":"WebPage","@id":"https:\/\/store.microbiotech.dz\/index.php\/produit\/pied-a-coulisse-numerique\/","url":"https:\/\/store.microbiotech.dz\/index.php\/produit\/pied-a-coulisse-numerique\/","name":"Pied \u00e0 coulisse num\u00e9rique - La Boutique en ligne","isPartOf":{"@id":"https:\/\/store.microbiotech.dz\/#website"},"primaryImageOfPage":{"@id":"https:\/\/store.microbiotech.dz\/index.php\/produit\/pied-a-coulisse-numerique\/#primaryimage"},"image":{"@id":"https:\/\/store.microbiotech.dz\/index.php\/produit\/pied-a-coulisse-numerique\/#primaryimage"},"thumbnailUrl":"https:\/\/store.microbiotech.dz\/wp-content\/uploads\/2025\/02\/pied-coulisse2.webp","datePublished":"2025-02-06T14:13:58+00:00","dateModified":"2026-01-18T12:25:22+00:00","description":"Le Pied \u00e0 coulisse num\u00e9rique de haute qualit\u00e9 en acier inoxydable offre une pr\u00e9cision optimale pour mesurer les dimensions","breadcrumb":{"@id":"https:\/\/store.microbiotech.dz\/index.php\/produit\/pied-a-coulisse-numerique\/#breadcrumb"},"inLanguage":"fr-FR","potentialAction":[{"@type":"ReadAction","target":["https:\/\/store.microbiotech.dz\/index.php\/produit\/pied-a-coulisse-numerique\/"]}]},{"@type":"ImageObject","inLanguage":"fr-FR","@id":"https:\/\/store.microbiotech.dz\/index.php\/produit\/pied-a-coulisse-numerique\/#primaryimage","url":"https:\/\/store.microbiotech.dz\/wp-content\/uploads\/2025\/02\/pied-coulisse2.webp","contentUrl":"https:\/\/store.microbiotech.dz\/wp-content\/uploads\/2025\/02\/pied-coulisse2.webp","width":600,"height":600,"caption":"Pied \u00e0 coulisse num\u00e9rique"},{"@type":"BreadcrumbList","@id":"https:\/\/store.microbiotech.dz\/index.php\/produit\/pied-a-coulisse-numerique\/#breadcrumb","itemListElement":[{"@type":"ListItem","position":1,"name":"Accueil","item":"https:\/\/store.microbiotech.dz\/"},{"@type":"ListItem","position":2,"name":"Nos Produits","item":"https:\/\/store.microbiotech.dz\/index.php\/nos-produits\/"},{"@type":"ListItem","position":3,"name":"Pied \u00e0 coulisse num\u00e9rique"}]},{"@type":"WebSite","@id":"https:\/\/store.microbiotech.dz\/#website","url":"https:\/\/store.microbiotech.dz\/","name":"La Boutique en ligne","description":"Qualit\u00e9 - Rapidit\u00e9 - Tranquillit\u00e9","publisher":{"@id":"https:\/\/store.microbiotech.dz\/#organization"},"potentialAction":[{"@type":"SearchAction","target":{"@type":"EntryPoint","urlTemplate":"https:\/\/store.microbiotech.dz\/?s={search_term_string}"},"query-input":{"@type":"PropertyValueSpecification","valueRequired":true,"valueName":"search_term_string"}}],"inLanguage":"fr-FR"},{"@type":"Organization","@id":"https:\/\/store.microbiotech.dz\/#organization","name":"Microbiotech EURL","url":"https:\/\/store.microbiotech.dz\/","logo":{"@type":"ImageObject","inLanguage":"fr-FR","@id":"https:\/\/store.microbiotech.dz\/#\/schema\/logo\/image\/","url":"https:\/\/store.microbiotech.dz\/wp-content\/uploads\/2021\/09\/cropped-logo-microbiotech-2.jpg","contentUrl":"https:\/\/store.microbiotech.dz\/wp-content\/uploads\/2021\/09\/cropped-logo-microbiotech-2.jpg","width":815,"height":586,"caption":"Microbiotech EURL"},"image":{"@id":"https:\/\/store.microbiotech.dz\/#\/schema\/logo\/image\/"},"sameAs":["https:\/\/www.facebook.com\/MicroBiotech.dz","https:\/\/x.com\/MicrobiotechD","https:\/\/www.linkedin.com\/in\/microbiotech\/","https:\/\/www.youtube.com\/channel\/UCTxc3VIiX7LXD2LQYfZEcDg"]}]}},"jetpack_sharing_enabled":true,"_links":{"self":[{"href":"https:\/\/store.microbiotech.dz\/index.php\/wp-json\/wp\/v2\/product\/13174","targetHints":{"allow":["GET"]}}],"collection":[{"href":"https:\/\/store.microbiotech.dz\/index.php\/wp-json\/wp\/v2\/product"}],"about":[{"href":"https:\/\/store.microbiotech.dz\/index.php\/wp-json\/wp\/v2\/types\/product"}],"replies":[{"embeddable":true,"href":"https:\/\/store.microbiotech.dz\/index.php\/wp-json\/wp\/v2\/comments?post=13174"}],"wp:featuredmedia":[{"embeddable":true,"href":"https:\/\/store.microbiotech.dz\/index.php\/wp-json\/wp\/v2\/media\/13175"}],"wp:attachment":[{"href":"https:\/\/store.microbiotech.dz\/index.php\/wp-json\/wp\/v2\/media?parent=13174"}],"wp:term":[{"taxonomy":"product_brand","embeddable":true,"href":"https:\/\/store.microbiotech.dz\/index.php\/wp-json\/wp\/v2\/product_brand?post=13174"},{"taxonomy":"product_cat","embeddable":true,"href":"https:\/\/store.microbiotech.dz\/index.php\/wp-json\/wp\/v2\/product_cat?post=13174"},{"taxonomy":"product_tag","embeddable":true,"href":"https:\/\/store.microbiotech.dz\/index.php\/wp-json\/wp\/v2\/product_tag?post=13174"}],"curies":[{"name":"wp","href":"https:\/\/api.w.org\/{rel}","templated":true}]}}