{"id":12586,"date":"2024-12-26T13:23:32","date_gmt":"2024-12-26T12:23:32","guid":{"rendered":"https:\/\/store.microbiotech.dz\/?post_type=product&#038;p=12586"},"modified":"2025-02-03T13:53:03","modified_gmt":"2025-02-03T12:53:03","slug":"congelateur-a-basse-temperature-80c","status":"publish","type":"product","link":"https:\/\/store.microbiotech.dz\/index.php\/produit\/congelateur-a-basse-temperature-80c\/","title":{"rendered":"Cong\u00e9lateur \u00e0 basse temp\u00e9rature -80\u00b0C"},"content":{"rendered":"<p><span style=\"font-size: 16px; font-style: normal; font-weight: 400;\">Le<\/span><span style=\"font-size: 16px; font-style: normal; font-weight: 400;\">\u00a0<\/span><a href=\"https:\/\/store.microbiotech.dz\/?s=r%C3%A9frig%C3%A9rateur\">Cong\u00e9lateur<\/a> \u00e0 basse temp\u00e9rature -80\u00b0C pour laboratoire offre une solution de r\u00e9frig\u00e9ration \u00e0 tr\u00e8s basse temp\u00e9rature, id\u00e9ale pour la pr\u00e9servation des \u00e9chantillons et mat\u00e9riaux sensibles. Utilis\u00e9 dans des domaines tels que la recherche scientifique, le traitement m\u00e9dical et l&rsquo;ing\u00e9nierie biologique, il garantit un environnement stable \u00e0 -86\u00b0C. Fiable et performant, ce cong\u00e9lateur r\u00e9pond aux besoins des laboratoires modernes pour le stockage s\u00e9curis\u00e9 des \u00e9chantillons les plus d\u00e9licats.<\/p>\n","protected":false},"excerpt":{"rendered":"<p>&nbsp;<\/p>\n<p>Origine : <b>Chine<\/b> <img loading=\"lazy\" decoding=\"async\" class=\"\" src=\"https:\/\/store.microbiotech.dz\/wp-content\/uploads\/2022\/04\/China-Flag.png\" width=\"33\" height=\"33\" \/><br \/>\nVolume : <strong>108 litres<\/strong><br \/>\nAlarme sonore et visuelle : <strong>Temp\u00e9rature \u00e9lev\u00e9e, d\u00e9faillance du capteur<\/strong><br \/>\nType de r\u00e9frig\u00e9ration :<strong> R\u00e9frig\u00e9ration directe<\/strong><br \/>\nTemp\u00e9rature :<strong> -40~-86\u00baC<\/strong><br \/>\nPr\u00e9cision de la temp\u00e9rature : <strong>0,1\u00baC<\/strong><br \/>\nCondenseur et \u00e9vaporateur :<strong> Fabriqu\u00e9 en cuivre<\/strong><br \/>\nCompresseur : <strong>compresseur herm\u00e9tique<\/strong><br \/>\nSyst\u00e8me de contr\u00f4le : <strong>Contr\u00f4le par microprocesseur, \u00e9cran tactile LCD 7 pouces<\/strong><br \/>\nPorte : <strong>Porte verrouillable<\/strong><br \/>\nRoulette : <strong>4 roulettes<\/strong><br \/>\nChambre avec porte int\u00e9rieure : <strong>2<\/strong><\/p>\n","protected":false},"featured_media":12587,"comment_status":"open","ping_status":"closed","template":"","meta":{"site-sidebar-layout":"default","site-content-layout":"","ast-site-content-layout":"default","site-content-style":"default","site-sidebar-style":"default","ast-global-header-display":"","ast-banner-title-visibility":"","ast-main-header-display":"","ast-hfb-above-header-display":"","ast-hfb-below-header-display":"","ast-hfb-mobile-header-display":"","site-post-title":"","ast-breadcrumbs-content":"","ast-featured-img":"","footer-sml-layout":"","ast-disable-related-posts":"","theme-transparent-header-meta":"default","adv-header-id-meta":"","stick-header-meta":"","header-above-stick-meta":"","header-main-stick-meta":"","header-below-stick-meta":"","astra-migrate-meta-layouts":"set","ast-page-background-enabled":"default","ast-page-background-meta":{"desktop":{"background-color":"var(--ast-global-color-4)","background-image":"","background-repeat":"repeat","background-position":"center center","background-size":"auto","background-attachment":"scroll","background-type":"","background-media":"","overlay-type":"","overlay-color":"","overlay-opacity":"","overlay-gradient":""},"tablet":{"background-color":"","background-image":"","background-repeat":"repeat","background-position":"center center","background-size":"auto","background-attachment":"scroll","background-type":"","background-media":"","overlay-type":"","overlay-color":"","overlay-opacity":"","overlay-gradient":""},"mobile":{"background-color":"","background-image":"","background-repeat":"repeat","background-position":"center center","background-size":"auto","background-attachment":"scroll","background-type":"","background-media":"","overlay-type":"","overlay-color":"","overlay-opacity":"","overlay-gradient":""}},"ast-content-background-meta":{"desktop":{"background-color":"var(--ast-global-color-5)","background-image":"","background-repeat":"repeat","background-position":"center center","background-size":"auto","background-attachment":"scroll","background-type":"","background-media":"","overlay-type":"","overlay-color":"","overlay-opacity":"","overlay-gradient":""},"tablet":{"background-color":"var(--ast-global-color-5)","background-image":"","background-repeat":"repeat","background-position":"center center","background-size":"auto","background-attachment":"scroll","background-type":"","background-media":"","overlay-type":"","overlay-color":"","overlay-opacity":"","overlay-gradient":""},"mobile":{"background-color":"var(--ast-global-color-5)","background-image":"","background-repeat":"repeat","background-position":"center center","background-size":"auto","background-attachment":"scroll","background-type":"","background-media":"","overlay-type":"","overlay-color":"","overlay-opacity":"","overlay-gradient":""}},"jetpack_post_was_ever_published":false},"product_brand":[],"product_cat":[238],"product_tag":[2037,930,2718,2036,2035],"class_list":{"0":"post-12586","1":"product","2":"type-product","3":"status-publish","4":"has-post-thumbnail","6":"product_cat-equipements","7":"product_tag-congelateur","8":"product_tag-f90","9":"product_tag-incubateur-a-basse-temperature","10":"product_tag-refrigerateur","11":"product_tag-refrigerateur-de-laboratoire","12":"desktop-align-center","13":"tablet-align-left","14":"mobile-align-left","16":"first","17":"instock","18":"taxable","19":"shipping-taxable","20":"purchasable","21":"product-type-simple"},"yoast_head":"<!-- This site is optimized with the Yoast SEO plugin v27.4 - https:\/\/yoast.com\/product\/yoast-seo-wordpress\/ -->\n<title>Cong\u00e9lateur \u00e0 basse temp\u00e9rature -80\u00b0C - La Boutique en ligne<\/title>\n<meta name=\"description\" content=\"Cong\u00e9lateur \u00e0 basse temp\u00e9rature -80\u00b0C avec performances pratiques et sup\u00e9rieures pour une utilisation en toute s\u00e9curit\u00e9 dans vos laboratoires.\" \/>\n<meta name=\"robots\" content=\"index, follow, max-snippet:-1, max-image-preview:large, max-video-preview:-1\" \/>\n<link rel=\"canonical\" href=\"https:\/\/store.microbiotech.dz\/index.php\/produit\/congelateur-a-basse-temperature-80c\/\" \/>\n<meta property=\"og:locale\" content=\"fr_FR\" \/>\n<meta property=\"og:type\" content=\"article\" \/>\n<meta property=\"og:title\" content=\"Cong\u00e9lateur \u00e0 basse temp\u00e9rature -80\u00b0C - La Boutique en ligne\" \/>\n<meta property=\"og:description\" content=\"Cong\u00e9lateur \u00e0 basse temp\u00e9rature -80\u00b0C avec performances pratiques et sup\u00e9rieures pour une utilisation en toute s\u00e9curit\u00e9 dans vos laboratoires.\" \/>\n<meta property=\"og:url\" content=\"https:\/\/store.microbiotech.dz\/index.php\/produit\/congelateur-a-basse-temperature-80c\/\" \/>\n<meta property=\"og:site_name\" content=\"La Boutique en ligne\" \/>\n<meta property=\"article:publisher\" content=\"https:\/\/www.facebook.com\/MicroBiotech.dz\" \/>\n<meta property=\"article:modified_time\" content=\"2025-02-03T12:53:03+00:00\" \/>\n<meta property=\"og:image\" content=\"https:\/\/store.microbiotech.dz\/wp-content\/uploads\/2024\/12\/Biobase-86-Degree-108L-LED-Display-Ultra-Low-Temp-Freezer.webp\" \/>\n\t<meta property=\"og:image:width\" content=\"600\" \/>\n\t<meta property=\"og:image:height\" content=\"600\" \/>\n\t<meta property=\"og:image:type\" content=\"image\/webp\" \/>\n<meta name=\"twitter:card\" content=\"summary_large_image\" \/>\n<meta name=\"twitter:site\" content=\"@MicrobiotechD\" \/>\n<script type=\"application\/ld+json\" class=\"yoast-schema-graph\">{\"@context\":\"https:\\\/\\\/schema.org\",\"@graph\":[{\"@type\":\"WebPage\",\"@id\":\"https:\\\/\\\/store.microbiotech.dz\\\/index.php\\\/produit\\\/congelateur-a-basse-temperature-80c\\\/\",\"url\":\"https:\\\/\\\/store.microbiotech.dz\\\/index.php\\\/produit\\\/congelateur-a-basse-temperature-80c\\\/\",\"name\":\"Cong\u00e9lateur \u00e0 basse temp\u00e9rature -80\u00b0C - La Boutique en ligne\",\"isPartOf\":{\"@id\":\"https:\\\/\\\/store.microbiotech.dz\\\/#website\"},\"primaryImageOfPage\":{\"@id\":\"https:\\\/\\\/store.microbiotech.dz\\\/index.php\\\/produit\\\/congelateur-a-basse-temperature-80c\\\/#primaryimage\"},\"image\":{\"@id\":\"https:\\\/\\\/store.microbiotech.dz\\\/index.php\\\/produit\\\/congelateur-a-basse-temperature-80c\\\/#primaryimage\"},\"thumbnailUrl\":\"https:\\\/\\\/store.microbiotech.dz\\\/wp-content\\\/uploads\\\/2024\\\/12\\\/Biobase-86-Degree-108L-LED-Display-Ultra-Low-Temp-Freezer.webp\",\"datePublished\":\"2024-12-26T12:23:32+00:00\",\"dateModified\":\"2025-02-03T12:53:03+00:00\",\"description\":\"Cong\u00e9lateur \u00e0 basse temp\u00e9rature -80\u00b0C avec performances pratiques et sup\u00e9rieures pour une utilisation en toute s\u00e9curit\u00e9 dans vos laboratoires.\",\"breadcrumb\":{\"@id\":\"https:\\\/\\\/store.microbiotech.dz\\\/index.php\\\/produit\\\/congelateur-a-basse-temperature-80c\\\/#breadcrumb\"},\"inLanguage\":\"fr-FR\",\"potentialAction\":[{\"@type\":\"ReadAction\",\"target\":[\"https:\\\/\\\/store.microbiotech.dz\\\/index.php\\\/produit\\\/congelateur-a-basse-temperature-80c\\\/\"]}]},{\"@type\":\"ImageObject\",\"inLanguage\":\"fr-FR\",\"@id\":\"https:\\\/\\\/store.microbiotech.dz\\\/index.php\\\/produit\\\/congelateur-a-basse-temperature-80c\\\/#primaryimage\",\"url\":\"https:\\\/\\\/store.microbiotech.dz\\\/wp-content\\\/uploads\\\/2024\\\/12\\\/Biobase-86-Degree-108L-LED-Display-Ultra-Low-Temp-Freezer.webp\",\"contentUrl\":\"https:\\\/\\\/store.microbiotech.dz\\\/wp-content\\\/uploads\\\/2024\\\/12\\\/Biobase-86-Degree-108L-LED-Display-Ultra-Low-Temp-Freezer.webp\",\"width\":600,\"height\":600,\"caption\":\"Cong\u00e9lateur \u00e0 basse temp\u00e9rature -80\u00b0C\"},{\"@type\":\"BreadcrumbList\",\"@id\":\"https:\\\/\\\/store.microbiotech.dz\\\/index.php\\\/produit\\\/congelateur-a-basse-temperature-80c\\\/#breadcrumb\",\"itemListElement\":[{\"@type\":\"ListItem\",\"position\":1,\"name\":\"Accueil\",\"item\":\"https:\\\/\\\/store.microbiotech.dz\\\/\"},{\"@type\":\"ListItem\",\"position\":2,\"name\":\"Nos Produits\",\"item\":\"https:\\\/\\\/store.microbiotech.dz\\\/index.php\\\/nos-produits\\\/\"},{\"@type\":\"ListItem\",\"position\":3,\"name\":\"Cong\u00e9lateur \u00e0 basse temp\u00e9rature -80\u00b0C\"}]},{\"@type\":\"WebSite\",\"@id\":\"https:\\\/\\\/store.microbiotech.dz\\\/#website\",\"url\":\"https:\\\/\\\/store.microbiotech.dz\\\/\",\"name\":\"La Boutique en ligne\",\"description\":\"Qualit\u00e9 - Rapidit\u00e9 - Tranquillit\u00e9\",\"publisher\":{\"@id\":\"https:\\\/\\\/store.microbiotech.dz\\\/#organization\"},\"potentialAction\":[{\"@type\":\"SearchAction\",\"target\":{\"@type\":\"EntryPoint\",\"urlTemplate\":\"https:\\\/\\\/store.microbiotech.dz\\\/?s={search_term_string}\"},\"query-input\":{\"@type\":\"PropertyValueSpecification\",\"valueRequired\":true,\"valueName\":\"search_term_string\"}}],\"inLanguage\":\"fr-FR\"},{\"@type\":\"Organization\",\"@id\":\"https:\\\/\\\/store.microbiotech.dz\\\/#organization\",\"name\":\"Microbiotech EURL\",\"url\":\"https:\\\/\\\/store.microbiotech.dz\\\/\",\"logo\":{\"@type\":\"ImageObject\",\"inLanguage\":\"fr-FR\",\"@id\":\"https:\\\/\\\/store.microbiotech.dz\\\/#\\\/schema\\\/logo\\\/image\\\/\",\"url\":\"https:\\\/\\\/store.microbiotech.dz\\\/wp-content\\\/uploads\\\/2021\\\/09\\\/cropped-logo-microbiotech-2.jpg\",\"contentUrl\":\"https:\\\/\\\/store.microbiotech.dz\\\/wp-content\\\/uploads\\\/2021\\\/09\\\/cropped-logo-microbiotech-2.jpg\",\"width\":815,\"height\":586,\"caption\":\"Microbiotech EURL\"},\"image\":{\"@id\":\"https:\\\/\\\/store.microbiotech.dz\\\/#\\\/schema\\\/logo\\\/image\\\/\"},\"sameAs\":[\"https:\\\/\\\/www.facebook.com\\\/MicroBiotech.dz\",\"https:\\\/\\\/x.com\\\/MicrobiotechD\",\"https:\\\/\\\/www.linkedin.com\\\/in\\\/microbiotech\\\/\",\"https:\\\/\\\/www.youtube.com\\\/channel\\\/UCTxc3VIiX7LXD2LQYfZEcDg\"]}]}<\/script>\n<!-- \/ Yoast SEO plugin. -->","yoast_head_json":{"title":"Cong\u00e9lateur \u00e0 basse temp\u00e9rature -80\u00b0C - La Boutique en ligne","description":"Cong\u00e9lateur \u00e0 basse temp\u00e9rature -80\u00b0C avec performances pratiques et sup\u00e9rieures pour une utilisation en toute s\u00e9curit\u00e9 dans vos laboratoires.","robots":{"index":"index","follow":"follow","max-snippet":"max-snippet:-1","max-image-preview":"max-image-preview:large","max-video-preview":"max-video-preview:-1"},"canonical":"https:\/\/store.microbiotech.dz\/index.php\/produit\/congelateur-a-basse-temperature-80c\/","og_locale":"fr_FR","og_type":"article","og_title":"Cong\u00e9lateur \u00e0 basse temp\u00e9rature -80\u00b0C - La Boutique en ligne","og_description":"Cong\u00e9lateur \u00e0 basse temp\u00e9rature -80\u00b0C avec performances pratiques et sup\u00e9rieures pour une utilisation en toute s\u00e9curit\u00e9 dans vos laboratoires.","og_url":"https:\/\/store.microbiotech.dz\/index.php\/produit\/congelateur-a-basse-temperature-80c\/","og_site_name":"La Boutique en ligne","article_publisher":"https:\/\/www.facebook.com\/MicroBiotech.dz","article_modified_time":"2025-02-03T12:53:03+00:00","og_image":[{"width":600,"height":600,"url":"https:\/\/store.microbiotech.dz\/wp-content\/uploads\/2024\/12\/Biobase-86-Degree-108L-LED-Display-Ultra-Low-Temp-Freezer.webp","type":"image\/webp"}],"twitter_card":"summary_large_image","twitter_site":"@MicrobiotechD","schema":{"@context":"https:\/\/schema.org","@graph":[{"@type":"WebPage","@id":"https:\/\/store.microbiotech.dz\/index.php\/produit\/congelateur-a-basse-temperature-80c\/","url":"https:\/\/store.microbiotech.dz\/index.php\/produit\/congelateur-a-basse-temperature-80c\/","name":"Cong\u00e9lateur \u00e0 basse temp\u00e9rature -80\u00b0C - La Boutique en ligne","isPartOf":{"@id":"https:\/\/store.microbiotech.dz\/#website"},"primaryImageOfPage":{"@id":"https:\/\/store.microbiotech.dz\/index.php\/produit\/congelateur-a-basse-temperature-80c\/#primaryimage"},"image":{"@id":"https:\/\/store.microbiotech.dz\/index.php\/produit\/congelateur-a-basse-temperature-80c\/#primaryimage"},"thumbnailUrl":"https:\/\/store.microbiotech.dz\/wp-content\/uploads\/2024\/12\/Biobase-86-Degree-108L-LED-Display-Ultra-Low-Temp-Freezer.webp","datePublished":"2024-12-26T12:23:32+00:00","dateModified":"2025-02-03T12:53:03+00:00","description":"Cong\u00e9lateur \u00e0 basse temp\u00e9rature -80\u00b0C avec performances pratiques et sup\u00e9rieures pour une utilisation en toute s\u00e9curit\u00e9 dans vos laboratoires.","breadcrumb":{"@id":"https:\/\/store.microbiotech.dz\/index.php\/produit\/congelateur-a-basse-temperature-80c\/#breadcrumb"},"inLanguage":"fr-FR","potentialAction":[{"@type":"ReadAction","target":["https:\/\/store.microbiotech.dz\/index.php\/produit\/congelateur-a-basse-temperature-80c\/"]}]},{"@type":"ImageObject","inLanguage":"fr-FR","@id":"https:\/\/store.microbiotech.dz\/index.php\/produit\/congelateur-a-basse-temperature-80c\/#primaryimage","url":"https:\/\/store.microbiotech.dz\/wp-content\/uploads\/2024\/12\/Biobase-86-Degree-108L-LED-Display-Ultra-Low-Temp-Freezer.webp","contentUrl":"https:\/\/store.microbiotech.dz\/wp-content\/uploads\/2024\/12\/Biobase-86-Degree-108L-LED-Display-Ultra-Low-Temp-Freezer.webp","width":600,"height":600,"caption":"Cong\u00e9lateur \u00e0 basse temp\u00e9rature -80\u00b0C"},{"@type":"BreadcrumbList","@id":"https:\/\/store.microbiotech.dz\/index.php\/produit\/congelateur-a-basse-temperature-80c\/#breadcrumb","itemListElement":[{"@type":"ListItem","position":1,"name":"Accueil","item":"https:\/\/store.microbiotech.dz\/"},{"@type":"ListItem","position":2,"name":"Nos Produits","item":"https:\/\/store.microbiotech.dz\/index.php\/nos-produits\/"},{"@type":"ListItem","position":3,"name":"Cong\u00e9lateur \u00e0 basse temp\u00e9rature -80\u00b0C"}]},{"@type":"WebSite","@id":"https:\/\/store.microbiotech.dz\/#website","url":"https:\/\/store.microbiotech.dz\/","name":"La Boutique en ligne","description":"Qualit\u00e9 - Rapidit\u00e9 - Tranquillit\u00e9","publisher":{"@id":"https:\/\/store.microbiotech.dz\/#organization"},"potentialAction":[{"@type":"SearchAction","target":{"@type":"EntryPoint","urlTemplate":"https:\/\/store.microbiotech.dz\/?s={search_term_string}"},"query-input":{"@type":"PropertyValueSpecification","valueRequired":true,"valueName":"search_term_string"}}],"inLanguage":"fr-FR"},{"@type":"Organization","@id":"https:\/\/store.microbiotech.dz\/#organization","name":"Microbiotech EURL","url":"https:\/\/store.microbiotech.dz\/","logo":{"@type":"ImageObject","inLanguage":"fr-FR","@id":"https:\/\/store.microbiotech.dz\/#\/schema\/logo\/image\/","url":"https:\/\/store.microbiotech.dz\/wp-content\/uploads\/2021\/09\/cropped-logo-microbiotech-2.jpg","contentUrl":"https:\/\/store.microbiotech.dz\/wp-content\/uploads\/2021\/09\/cropped-logo-microbiotech-2.jpg","width":815,"height":586,"caption":"Microbiotech EURL"},"image":{"@id":"https:\/\/store.microbiotech.dz\/#\/schema\/logo\/image\/"},"sameAs":["https:\/\/www.facebook.com\/MicroBiotech.dz","https:\/\/x.com\/MicrobiotechD","https:\/\/www.linkedin.com\/in\/microbiotech\/","https:\/\/www.youtube.com\/channel\/UCTxc3VIiX7LXD2LQYfZEcDg"]}]}},"jetpack_sharing_enabled":true,"_links":{"self":[{"href":"https:\/\/store.microbiotech.dz\/index.php\/wp-json\/wp\/v2\/product\/12586","targetHints":{"allow":["GET"]}}],"collection":[{"href":"https:\/\/store.microbiotech.dz\/index.php\/wp-json\/wp\/v2\/product"}],"about":[{"href":"https:\/\/store.microbiotech.dz\/index.php\/wp-json\/wp\/v2\/types\/product"}],"replies":[{"embeddable":true,"href":"https:\/\/store.microbiotech.dz\/index.php\/wp-json\/wp\/v2\/comments?post=12586"}],"wp:featuredmedia":[{"embeddable":true,"href":"https:\/\/store.microbiotech.dz\/index.php\/wp-json\/wp\/v2\/media\/12587"}],"wp:attachment":[{"href":"https:\/\/store.microbiotech.dz\/index.php\/wp-json\/wp\/v2\/media?parent=12586"}],"wp:term":[{"taxonomy":"product_brand","embeddable":true,"href":"https:\/\/store.microbiotech.dz\/index.php\/wp-json\/wp\/v2\/product_brand?post=12586"},{"taxonomy":"product_cat","embeddable":true,"href":"https:\/\/store.microbiotech.dz\/index.php\/wp-json\/wp\/v2\/product_cat?post=12586"},{"taxonomy":"product_tag","embeddable":true,"href":"https:\/\/store.microbiotech.dz\/index.php\/wp-json\/wp\/v2\/product_tag?post=12586"}],"curies":[{"name":"wp","href":"https:\/\/api.w.org\/{rel}","templated":true}]}}