{"id":12146,"date":"2024-12-03T09:17:27","date_gmt":"2024-12-03T08:17:27","guid":{"rendered":"https:\/\/store.microbiotech.dz\/?post_type=product&#038;p=12146"},"modified":"2025-10-09T08:41:23","modified_gmt":"2025-10-09T07:41:23","slug":"cuve-delectrophorese-verticale-faithful","status":"publish","type":"product","link":"https:\/\/store.microbiotech.dz\/index.php\/produit\/cuve-delectrophorese-verticale-faithful\/","title":{"rendered":"Cuve d&rsquo;\u00e9lectrophor\u00e8se verticale faithful"},"content":{"rendered":"<div class=\"textBodyText\">Cette Cuve <a href=\"https:\/\/store.microbiotech.dz\/?s=electrophorese\" target=\"_blank\" rel=\"noopener\">d&rsquo;\u00e9lectrophor\u00e8se<\/a> verticale faithful <span style=\"font-size: 16px;font-style: normal;font-weight: 400\">SSR rapide <\/span>est l&rsquo;outil id\u00e9al pour vos exp\u00e9riences en laboratoire. Son syst\u00e8me innovant permet d\u2019installer la plaque de verre en seulement 15 secondes, sans bouton, offrant un gain de temps et une utilisation simplifi\u00e9e. Gr\u00e2ce au dispositif de fabrication de gel \u00e0 position fixe, la plaque reste en place entre la pr\u00e9paration du gel et l&rsquo;\u00e9lectrophor\u00e8se, \u00e9vitant tout d\u00e9placement superflu. Le noyau interne de gel pr\u00e9fabriqu\u00e9 garantit un fonctionnement fluide, m\u00eame pendant l&rsquo;\u00e9lectrophor\u00e8se. Le couvercle de s\u00e9curit\u00e9 de la cuve d&rsquo;\u00e9lectrophor\u00e8se verticale faithful avec bouton d&rsquo;ouverture pratique permet un acc\u00e8s rapide, tandis que le tampon assure un refroidissement efficace et une stabilit\u00e9 optimale du pH tout au long de l\u2019exp\u00e9rience.<\/div>\n","protected":false},"excerpt":{"rendered":"<p>&nbsp;<\/p>\n<p><span class=\"label\">Marque :\u00a0<strong>Faithful\u00a0<img loading=\"lazy\" decoding=\"async\" class=\"alignnone wp-image-1795 ls-is-cached lazyloaded\" src=\"https:\/\/store.microbiotech.dz\/wp-content\/uploads\/2022\/04\/China-Flag.png\" alt=\"\" width=\"39\" height=\"39\" data-src=\"https:\/\/store.microbiotech.dz\/wp-content\/uploads\/2022\/04\/China-Flag.png\" srcset=\"https:\/\/store.microbiotech.dz\/wp-content\/uploads\/2022\/04\/China-Flag.png 224w, https:\/\/store.microbiotech.dz\/wp-content\/uploads\/2022\/04\/China-Flag-150x150.png 150w, https:\/\/store.microbiotech.dz\/wp-content\/uploads\/2022\/04\/China-Flag-100x100.png 100w\" sizes=\"auto, (max-width: 39px) 100vw, 39px\" \/><\/strong><\/span><br \/>\nT\u00e9l\u00e9chargement :<br \/>\n<a href=\"https:\/\/store.microbiotech.dz\/wp-content\/uploads\/2024\/12\/CZ-B-CZ-BL.pdf\">Fiche technique<\/a><\/p>\n","protected":false},"featured_media":14296,"comment_status":"open","ping_status":"closed","template":"","meta":{"site-sidebar-layout":"default","site-content-layout":"default","ast-site-content-layout":"default","site-content-style":"default","site-sidebar-style":"default","ast-global-header-display":"","ast-banner-title-visibility":"","ast-main-header-display":"","ast-hfb-above-header-display":"","ast-hfb-below-header-display":"","ast-hfb-mobile-header-display":"","site-post-title":"","ast-breadcrumbs-content":"","ast-featured-img":"","footer-sml-layout":"","ast-disable-related-posts":"","theme-transparent-header-meta":"default","adv-header-id-meta":"","stick-header-meta":"","header-above-stick-meta":"","header-main-stick-meta":"","header-below-stick-meta":"","astra-migrate-meta-layouts":"set","ast-page-background-enabled":"default","ast-page-background-meta":{"desktop":{"background-color":"var(--ast-global-color-4)","background-image":"","background-repeat":"repeat","background-position":"center center","background-size":"auto","background-attachment":"scroll","background-type":"","background-media":"","overlay-type":"","overlay-color":"","overlay-opacity":"","overlay-gradient":""},"tablet":{"background-color":"","background-image":"","background-repeat":"repeat","background-position":"center center","background-size":"auto","background-attachment":"scroll","background-type":"","background-media":"","overlay-type":"","overlay-color":"","overlay-opacity":"","overlay-gradient":""},"mobile":{"background-color":"","background-image":"","background-repeat":"repeat","background-position":"center center","background-size":"auto","background-attachment":"scroll","background-type":"","background-media":"","overlay-type":"","overlay-color":"","overlay-opacity":"","overlay-gradient":""}},"ast-content-background-meta":{"desktop":{"background-color":"var(--ast-global-color-5)","background-image":"","background-repeat":"repeat","background-position":"center center","background-size":"auto","background-attachment":"scroll","background-type":"","background-media":"","overlay-type":"","overlay-color":"","overlay-opacity":"","overlay-gradient":""},"tablet":{"background-color":"var(--ast-global-color-5)","background-image":"","background-repeat":"repeat","background-position":"center center","background-size":"auto","background-attachment":"scroll","background-type":"","background-media":"","overlay-type":"","overlay-color":"","overlay-opacity":"","overlay-gradient":""},"mobile":{"background-color":"var(--ast-global-color-5)","background-image":"","background-repeat":"repeat","background-position":"center center","background-size":"auto","background-attachment":"scroll","background-type":"","background-media":"","overlay-type":"","overlay-color":"","overlay-opacity":"","overlay-gradient":""}},"jetpack_post_was_ever_published":false},"product_brand":[],"product_cat":[87,238],"product_tag":[332,333,645,895,1578,930,997,2666],"class_list":{"0":"post-12146","1":"product","2":"type-product","3":"status-publish","4":"has-post-thumbnail","6":"product_cat-biomol","7":"product_cat-equipements","8":"product_tag-adn","9":"product_tag-arn","10":"product_tag-cuve","11":"product_tag-cuve-delectrophorese","12":"product_tag-electrophorese","13":"product_tag-f90","14":"product_tag-faithful","15":"product_tag-verticale","16":"product_shipping_class-temperature-ambiante","17":"desktop-align-center","18":"tablet-align-left","19":"mobile-align-left","21":"first","22":"outofstock","23":"taxable","24":"shipping-taxable","25":"product-type-variable"},"yoast_head":"<!-- This site is optimized with the Yoast SEO plugin v27.4 - https:\/\/yoast.com\/product\/yoast-seo-wordpress\/ -->\n<title>Cuve d&#039;\u00e9lectrophor\u00e8se verticale faithful - La Boutique en ligne<\/title>\n<meta name=\"description\" content=\"Profitez d\u2019un \u00e9quipement fiable et performant pour des r\u00e9sultats pr\u00e9cis et reproductibles avec cette cuve d&#039;\u00e9lectrophor\u00e8se verticale faithful.\" \/>\n<meta name=\"robots\" content=\"index, follow, max-snippet:-1, max-image-preview:large, max-video-preview:-1\" \/>\n<link rel=\"canonical\" href=\"https:\/\/store.microbiotech.dz\/index.php\/produit\/cuve-delectrophorese-verticale-faithful\/\" \/>\n<meta property=\"og:locale\" content=\"fr_FR\" \/>\n<meta property=\"og:type\" content=\"article\" \/>\n<meta property=\"og:title\" content=\"Cuve d&#039;\u00e9lectrophor\u00e8se verticale faithful - La Boutique en ligne\" \/>\n<meta property=\"og:description\" content=\"Profitez d\u2019un \u00e9quipement fiable et performant pour des r\u00e9sultats pr\u00e9cis et reproductibles avec cette cuve d&#039;\u00e9lectrophor\u00e8se verticale faithful.\" \/>\n<meta property=\"og:url\" content=\"https:\/\/store.microbiotech.dz\/index.php\/produit\/cuve-delectrophorese-verticale-faithful\/\" \/>\n<meta property=\"og:site_name\" content=\"La Boutique en ligne\" \/>\n<meta property=\"article:publisher\" content=\"https:\/\/www.facebook.com\/MicroBiotech.dz\" \/>\n<meta property=\"article:modified_time\" content=\"2025-10-09T07:41:23+00:00\" \/>\n<meta property=\"og:image\" content=\"https:\/\/store.microbiotech.dz\/wp-content\/uploads\/2024\/12\/FSF-CZ-BL.webp\" \/>\n\t<meta property=\"og:image:width\" content=\"600\" \/>\n\t<meta property=\"og:image:height\" content=\"600\" \/>\n\t<meta property=\"og:image:type\" content=\"image\/webp\" \/>\n<meta name=\"twitter:card\" content=\"summary_large_image\" \/>\n<meta name=\"twitter:site\" content=\"@MicrobiotechD\" \/>\n<meta name=\"twitter:label1\" content=\"Dur\u00e9e de lecture estim\u00e9e\" \/>\n\t<meta name=\"twitter:data1\" content=\"1 minute\" \/>\n<script type=\"application\/ld+json\" class=\"yoast-schema-graph\">{\"@context\":\"https:\\\/\\\/schema.org\",\"@graph\":[{\"@type\":\"WebPage\",\"@id\":\"https:\\\/\\\/store.microbiotech.dz\\\/index.php\\\/produit\\\/cuve-delectrophorese-verticale-faithful\\\/\",\"url\":\"https:\\\/\\\/store.microbiotech.dz\\\/index.php\\\/produit\\\/cuve-delectrophorese-verticale-faithful\\\/\",\"name\":\"Cuve d'\u00e9lectrophor\u00e8se verticale faithful - La Boutique en ligne\",\"isPartOf\":{\"@id\":\"https:\\\/\\\/store.microbiotech.dz\\\/#website\"},\"primaryImageOfPage\":{\"@id\":\"https:\\\/\\\/store.microbiotech.dz\\\/index.php\\\/produit\\\/cuve-delectrophorese-verticale-faithful\\\/#primaryimage\"},\"image\":{\"@id\":\"https:\\\/\\\/store.microbiotech.dz\\\/index.php\\\/produit\\\/cuve-delectrophorese-verticale-faithful\\\/#primaryimage\"},\"thumbnailUrl\":\"https:\\\/\\\/store.microbiotech.dz\\\/wp-content\\\/uploads\\\/2024\\\/12\\\/FSF-CZ-BL.webp\",\"datePublished\":\"2024-12-03T08:17:27+00:00\",\"dateModified\":\"2025-10-09T07:41:23+00:00\",\"description\":\"Profitez d\u2019un \u00e9quipement fiable et performant pour des r\u00e9sultats pr\u00e9cis et reproductibles avec cette cuve d'\u00e9lectrophor\u00e8se verticale faithful.\",\"breadcrumb\":{\"@id\":\"https:\\\/\\\/store.microbiotech.dz\\\/index.php\\\/produit\\\/cuve-delectrophorese-verticale-faithful\\\/#breadcrumb\"},\"inLanguage\":\"fr-FR\",\"potentialAction\":[{\"@type\":\"ReadAction\",\"target\":[\"https:\\\/\\\/store.microbiotech.dz\\\/index.php\\\/produit\\\/cuve-delectrophorese-verticale-faithful\\\/\"]}]},{\"@type\":\"ImageObject\",\"inLanguage\":\"fr-FR\",\"@id\":\"https:\\\/\\\/store.microbiotech.dz\\\/index.php\\\/produit\\\/cuve-delectrophorese-verticale-faithful\\\/#primaryimage\",\"url\":\"https:\\\/\\\/store.microbiotech.dz\\\/wp-content\\\/uploads\\\/2024\\\/12\\\/FSF-CZ-BL.webp\",\"contentUrl\":\"https:\\\/\\\/store.microbiotech.dz\\\/wp-content\\\/uploads\\\/2024\\\/12\\\/FSF-CZ-BL.webp\",\"width\":600,\"height\":600},{\"@type\":\"BreadcrumbList\",\"@id\":\"https:\\\/\\\/store.microbiotech.dz\\\/index.php\\\/produit\\\/cuve-delectrophorese-verticale-faithful\\\/#breadcrumb\",\"itemListElement\":[{\"@type\":\"ListItem\",\"position\":1,\"name\":\"Accueil\",\"item\":\"https:\\\/\\\/store.microbiotech.dz\\\/\"},{\"@type\":\"ListItem\",\"position\":2,\"name\":\"Nos Produits\",\"item\":\"https:\\\/\\\/store.microbiotech.dz\\\/index.php\\\/nos-produits\\\/\"},{\"@type\":\"ListItem\",\"position\":3,\"name\":\"Cuve d&rsquo;\u00e9lectrophor\u00e8se verticale faithful\"}]},{\"@type\":\"WebSite\",\"@id\":\"https:\\\/\\\/store.microbiotech.dz\\\/#website\",\"url\":\"https:\\\/\\\/store.microbiotech.dz\\\/\",\"name\":\"La Boutique en ligne\",\"description\":\"Qualit\u00e9 - Rapidit\u00e9 - Tranquillit\u00e9\",\"publisher\":{\"@id\":\"https:\\\/\\\/store.microbiotech.dz\\\/#organization\"},\"potentialAction\":[{\"@type\":\"SearchAction\",\"target\":{\"@type\":\"EntryPoint\",\"urlTemplate\":\"https:\\\/\\\/store.microbiotech.dz\\\/?s={search_term_string}\"},\"query-input\":{\"@type\":\"PropertyValueSpecification\",\"valueRequired\":true,\"valueName\":\"search_term_string\"}}],\"inLanguage\":\"fr-FR\"},{\"@type\":\"Organization\",\"@id\":\"https:\\\/\\\/store.microbiotech.dz\\\/#organization\",\"name\":\"Microbiotech EURL\",\"url\":\"https:\\\/\\\/store.microbiotech.dz\\\/\",\"logo\":{\"@type\":\"ImageObject\",\"inLanguage\":\"fr-FR\",\"@id\":\"https:\\\/\\\/store.microbiotech.dz\\\/#\\\/schema\\\/logo\\\/image\\\/\",\"url\":\"https:\\\/\\\/store.microbiotech.dz\\\/wp-content\\\/uploads\\\/2021\\\/09\\\/cropped-logo-microbiotech-2.jpg\",\"contentUrl\":\"https:\\\/\\\/store.microbiotech.dz\\\/wp-content\\\/uploads\\\/2021\\\/09\\\/cropped-logo-microbiotech-2.jpg\",\"width\":815,\"height\":586,\"caption\":\"Microbiotech EURL\"},\"image\":{\"@id\":\"https:\\\/\\\/store.microbiotech.dz\\\/#\\\/schema\\\/logo\\\/image\\\/\"},\"sameAs\":[\"https:\\\/\\\/www.facebook.com\\\/MicroBiotech.dz\",\"https:\\\/\\\/x.com\\\/MicrobiotechD\",\"https:\\\/\\\/www.linkedin.com\\\/in\\\/microbiotech\\\/\",\"https:\\\/\\\/www.youtube.com\\\/channel\\\/UCTxc3VIiX7LXD2LQYfZEcDg\"]}]}<\/script>\n<!-- \/ Yoast SEO plugin. -->","yoast_head_json":{"title":"Cuve d'\u00e9lectrophor\u00e8se verticale faithful - La Boutique en ligne","description":"Profitez d\u2019un \u00e9quipement fiable et performant pour des r\u00e9sultats pr\u00e9cis et reproductibles avec cette cuve d'\u00e9lectrophor\u00e8se verticale faithful.","robots":{"index":"index","follow":"follow","max-snippet":"max-snippet:-1","max-image-preview":"max-image-preview:large","max-video-preview":"max-video-preview:-1"},"canonical":"https:\/\/store.microbiotech.dz\/index.php\/produit\/cuve-delectrophorese-verticale-faithful\/","og_locale":"fr_FR","og_type":"article","og_title":"Cuve d'\u00e9lectrophor\u00e8se verticale faithful - La Boutique en ligne","og_description":"Profitez d\u2019un \u00e9quipement fiable et performant pour des r\u00e9sultats pr\u00e9cis et reproductibles avec cette cuve d'\u00e9lectrophor\u00e8se verticale faithful.","og_url":"https:\/\/store.microbiotech.dz\/index.php\/produit\/cuve-delectrophorese-verticale-faithful\/","og_site_name":"La Boutique en ligne","article_publisher":"https:\/\/www.facebook.com\/MicroBiotech.dz","article_modified_time":"2025-10-09T07:41:23+00:00","og_image":[{"width":600,"height":600,"url":"https:\/\/store.microbiotech.dz\/wp-content\/uploads\/2024\/12\/FSF-CZ-BL.webp","type":"image\/webp"}],"twitter_card":"summary_large_image","twitter_site":"@MicrobiotechD","twitter_misc":{"Dur\u00e9e de lecture estim\u00e9e":"1 minute"},"schema":{"@context":"https:\/\/schema.org","@graph":[{"@type":"WebPage","@id":"https:\/\/store.microbiotech.dz\/index.php\/produit\/cuve-delectrophorese-verticale-faithful\/","url":"https:\/\/store.microbiotech.dz\/index.php\/produit\/cuve-delectrophorese-verticale-faithful\/","name":"Cuve d'\u00e9lectrophor\u00e8se verticale faithful - La Boutique en ligne","isPartOf":{"@id":"https:\/\/store.microbiotech.dz\/#website"},"primaryImageOfPage":{"@id":"https:\/\/store.microbiotech.dz\/index.php\/produit\/cuve-delectrophorese-verticale-faithful\/#primaryimage"},"image":{"@id":"https:\/\/store.microbiotech.dz\/index.php\/produit\/cuve-delectrophorese-verticale-faithful\/#primaryimage"},"thumbnailUrl":"https:\/\/store.microbiotech.dz\/wp-content\/uploads\/2024\/12\/FSF-CZ-BL.webp","datePublished":"2024-12-03T08:17:27+00:00","dateModified":"2025-10-09T07:41:23+00:00","description":"Profitez d\u2019un \u00e9quipement fiable et performant pour des r\u00e9sultats pr\u00e9cis et reproductibles avec cette cuve d'\u00e9lectrophor\u00e8se verticale faithful.","breadcrumb":{"@id":"https:\/\/store.microbiotech.dz\/index.php\/produit\/cuve-delectrophorese-verticale-faithful\/#breadcrumb"},"inLanguage":"fr-FR","potentialAction":[{"@type":"ReadAction","target":["https:\/\/store.microbiotech.dz\/index.php\/produit\/cuve-delectrophorese-verticale-faithful\/"]}]},{"@type":"ImageObject","inLanguage":"fr-FR","@id":"https:\/\/store.microbiotech.dz\/index.php\/produit\/cuve-delectrophorese-verticale-faithful\/#primaryimage","url":"https:\/\/store.microbiotech.dz\/wp-content\/uploads\/2024\/12\/FSF-CZ-BL.webp","contentUrl":"https:\/\/store.microbiotech.dz\/wp-content\/uploads\/2024\/12\/FSF-CZ-BL.webp","width":600,"height":600},{"@type":"BreadcrumbList","@id":"https:\/\/store.microbiotech.dz\/index.php\/produit\/cuve-delectrophorese-verticale-faithful\/#breadcrumb","itemListElement":[{"@type":"ListItem","position":1,"name":"Accueil","item":"https:\/\/store.microbiotech.dz\/"},{"@type":"ListItem","position":2,"name":"Nos Produits","item":"https:\/\/store.microbiotech.dz\/index.php\/nos-produits\/"},{"@type":"ListItem","position":3,"name":"Cuve d&rsquo;\u00e9lectrophor\u00e8se verticale faithful"}]},{"@type":"WebSite","@id":"https:\/\/store.microbiotech.dz\/#website","url":"https:\/\/store.microbiotech.dz\/","name":"La Boutique en ligne","description":"Qualit\u00e9 - Rapidit\u00e9 - Tranquillit\u00e9","publisher":{"@id":"https:\/\/store.microbiotech.dz\/#organization"},"potentialAction":[{"@type":"SearchAction","target":{"@type":"EntryPoint","urlTemplate":"https:\/\/store.microbiotech.dz\/?s={search_term_string}"},"query-input":{"@type":"PropertyValueSpecification","valueRequired":true,"valueName":"search_term_string"}}],"inLanguage":"fr-FR"},{"@type":"Organization","@id":"https:\/\/store.microbiotech.dz\/#organization","name":"Microbiotech EURL","url":"https:\/\/store.microbiotech.dz\/","logo":{"@type":"ImageObject","inLanguage":"fr-FR","@id":"https:\/\/store.microbiotech.dz\/#\/schema\/logo\/image\/","url":"https:\/\/store.microbiotech.dz\/wp-content\/uploads\/2021\/09\/cropped-logo-microbiotech-2.jpg","contentUrl":"https:\/\/store.microbiotech.dz\/wp-content\/uploads\/2021\/09\/cropped-logo-microbiotech-2.jpg","width":815,"height":586,"caption":"Microbiotech EURL"},"image":{"@id":"https:\/\/store.microbiotech.dz\/#\/schema\/logo\/image\/"},"sameAs":["https:\/\/www.facebook.com\/MicroBiotech.dz","https:\/\/x.com\/MicrobiotechD","https:\/\/www.linkedin.com\/in\/microbiotech\/","https:\/\/www.youtube.com\/channel\/UCTxc3VIiX7LXD2LQYfZEcDg"]}]}},"jetpack_sharing_enabled":true,"_links":{"self":[{"href":"https:\/\/store.microbiotech.dz\/index.php\/wp-json\/wp\/v2\/product\/12146","targetHints":{"allow":["GET"]}}],"collection":[{"href":"https:\/\/store.microbiotech.dz\/index.php\/wp-json\/wp\/v2\/product"}],"about":[{"href":"https:\/\/store.microbiotech.dz\/index.php\/wp-json\/wp\/v2\/types\/product"}],"replies":[{"embeddable":true,"href":"https:\/\/store.microbiotech.dz\/index.php\/wp-json\/wp\/v2\/comments?post=12146"}],"wp:featuredmedia":[{"embeddable":true,"href":"https:\/\/store.microbiotech.dz\/index.php\/wp-json\/wp\/v2\/media\/14296"}],"wp:attachment":[{"href":"https:\/\/store.microbiotech.dz\/index.php\/wp-json\/wp\/v2\/media?parent=12146"}],"wp:term":[{"taxonomy":"product_brand","embeddable":true,"href":"https:\/\/store.microbiotech.dz\/index.php\/wp-json\/wp\/v2\/product_brand?post=12146"},{"taxonomy":"product_cat","embeddable":true,"href":"https:\/\/store.microbiotech.dz\/index.php\/wp-json\/wp\/v2\/product_cat?post=12146"},{"taxonomy":"product_tag","embeddable":true,"href":"https:\/\/store.microbiotech.dz\/index.php\/wp-json\/wp\/v2\/product_tag?post=12146"}],"curies":[{"name":"wp","href":"https:\/\/api.w.org\/{rel}","templated":true}]}}