{"id":1207,"date":"2022-01-04T15:05:08","date_gmt":"2022-01-04T14:05:08","guid":{"rendered":"https:\/\/store.microbiotech.dz\/?post_type=product&#038;p=1207"},"modified":"2024-11-27T08:46:13","modified_gmt":"2024-11-27T07:46:13","slug":"bleu-de-methylene-0-5","status":"publish","type":"product","link":"https:\/\/store.microbiotech.dz\/index.php\/produit\/bleu-de-methylene-0-5\/","title":{"rendered":"Bleu de M\u00e9thyl\u00e8ne"},"content":{"rendered":"<p>Le bleu de m\u00e9thyl\u00e8ne est une mol\u00e9cule souvent utilis\u00e9e en biologie. Il peut servir \u00e0 colorer des bact\u00e9ries pour les visualiser au microscope. Quand il entre dans le cytoplasme d&rsquo;une cellule vivante, le bleu de m\u00e9thyl\u00e8ne est r\u00e9duit car c&rsquo;est un environnement r\u00e9ducteur : les cellules vivantes paraissent incolores. En revanche, des cellules mortes sont color\u00e9es en bleu car le bleu de m\u00e9thyl\u00e8ne reste oxyd\u00e9. De plus, l&rsquo;<span class=\"link-wrapper\">ADN<\/span>, qui est\u00a0<span class=\"link-wrapper\">acide<\/span>, rend le bleu de m\u00e9thyl\u00e8ne encore plus bleu, ce qui peut permettre de mieux visualiser le noyau des cellules\u00a0<span class=\"link-wrapper\">eucaryotes<\/span>. Les charges n\u00e9gatives de l&rsquo;<span class=\"link-wrapper\">ADN<\/span>\u00a0sont aussi attir\u00e9es par les charges positives du bleu de m\u00e9thyl\u00e8ne.<\/p>\n","protected":false},"excerpt":{"rendered":"<p>&nbsp;<\/p>\n<p>Marque:\u00a0<strong>Microbiotech<\/strong>\u00a0<img loading=\"lazy\" decoding=\"async\" class=\"alignnone wp-image-2080\" src=\"https:\/\/store.microbiotech.dz\/wp-content\/uploads\/2022\/06\/algeria-flag-300x225.png\" alt=\"\" width=\"61\" height=\"46\" srcset=\"https:\/\/store.microbiotech.dz\/wp-content\/uploads\/2022\/06\/algeria-flag-300x225.png 300w, https:\/\/store.microbiotech.dz\/wp-content\/uploads\/2022\/06\/algeria-flag-600x450.png 600w, https:\/\/store.microbiotech.dz\/wp-content\/uploads\/2022\/06\/algeria-flag.png 640w\" sizes=\"auto, (max-width: 61px) 100vw, 61px\" \/><\/p>\n<p>&nbsp;<\/p>\n","protected":false},"featured_media":1229,"comment_status":"open","ping_status":"closed","template":"","meta":{"site-sidebar-layout":"default","site-content-layout":"default","ast-site-content-layout":"default","site-content-style":"default","site-sidebar-style":"default","ast-global-header-display":"","ast-banner-title-visibility":"","ast-main-header-display":"","ast-hfb-above-header-display":"","ast-hfb-below-header-display":"","ast-hfb-mobile-header-display":"","site-post-title":"","ast-breadcrumbs-content":"","ast-featured-img":"","footer-sml-layout":"","ast-disable-related-posts":"","theme-transparent-header-meta":"default","adv-header-id-meta":"","stick-header-meta":"","header-above-stick-meta":"","header-main-stick-meta":"","header-below-stick-meta":"","astra-migrate-meta-layouts":"set","ast-page-background-enabled":"default","ast-page-background-meta":{"desktop":{"background-color":"var(--ast-global-color-4)","background-image":"","background-repeat":"repeat","background-position":"center center","background-size":"auto","background-attachment":"scroll","background-type":"","background-media":"","overlay-type":"","overlay-color":"","overlay-opacity":"","overlay-gradient":""},"tablet":{"background-color":"","background-image":"","background-repeat":"repeat","background-position":"center center","background-size":"auto","background-attachment":"scroll","background-type":"","background-media":"","overlay-type":"","overlay-color":"","overlay-opacity":"","overlay-gradient":""},"mobile":{"background-color":"","background-image":"","background-repeat":"repeat","background-position":"center center","background-size":"auto","background-attachment":"scroll","background-type":"","background-media":"","overlay-type":"","overlay-color":"","overlay-opacity":"","overlay-gradient":""}},"ast-content-background-meta":{"desktop":{"background-color":"var(--ast-global-color-5)","background-image":"","background-repeat":"repeat","background-position":"center center","background-size":"auto","background-attachment":"scroll","background-type":"","background-media":"","overlay-type":"","overlay-color":"","overlay-opacity":"","overlay-gradient":""},"tablet":{"background-color":"var(--ast-global-color-5)","background-image":"","background-repeat":"repeat","background-position":"center center","background-size":"auto","background-attachment":"scroll","background-type":"","background-media":"","overlay-type":"","overlay-color":"","overlay-opacity":"","overlay-gradient":""},"mobile":{"background-color":"var(--ast-global-color-5)","background-image":"","background-repeat":"repeat","background-position":"center center","background-size":"auto","background-attachment":"scroll","background-type":"","background-media":"","overlay-type":"","overlay-color":"","overlay-opacity":"","overlay-gradient":""}},"jetpack_post_was_ever_published":false},"product_brand":[],"product_cat":[27],"product_tag":[418,58,364],"class_list":{"0":"post-1207","1":"product","2":"type-product","3":"status-publish","4":"has-post-thumbnail","6":"product_cat-colorants-biologiques","7":"product_tag-bleu-de-methylene","8":"product_tag-colorant","9":"product_tag-microbiotech","10":"product_shipping_class-temperature-ambiante","11":"desktop-align-center","12":"tablet-align-left","13":"mobile-align-left","15":"first","16":"onbackorder","17":"taxable","18":"shipping-taxable","19":"purchasable","20":"product-type-variable"},"yoast_head":"<!-- This site is optimized with the Yoast SEO plugin v27.4 - https:\/\/yoast.com\/product\/yoast-seo-wordpress\/ -->\n<title>Bleu de M\u00e9thyl\u00e8ne - La Boutique en ligne<\/title>\n<meta name=\"description\" content=\"Le bleu de m\u00e9thyl\u00e8ne est une mol\u00e9cule organique dont les propri\u00e9t\u00e9s sont utilis\u00e9es \u00e0 colorer des bact\u00e9ries pour les visualiser au microscope. Quand il entre dans le cytoplasme d&#039;une cellule vivante, le bleu de m\u00e9thyl\u00e8ne est r\u00e9duit car c&#039;est un environnement r\u00e9ducteur : les cellules vivantes paraissent incolores. En revanche, des cellules mortes sont color\u00e9es en bleu car le bleu de m\u00e9thyl\u00e8ne reste oxyd\u00e9. De plus, l&#039;ADN, qui est\u00a0acide, rend le bleu de m\u00e9thyl\u00e8ne encore plus bleu, ce qui peut permettre de mieux visualiser le noyau des cellules\u00a0eucaryotes. Les charges n\u00e9gatives de l&#039;ADN\u00a0sont aussi attir\u00e9es par les charges positives du bleu de m\u00e9thyl\u00e8ne.\" \/>\n<meta name=\"robots\" content=\"index, follow, max-snippet:-1, max-image-preview:large, max-video-preview:-1\" \/>\n<link rel=\"canonical\" href=\"https:\/\/store.microbiotech.dz\/index.php\/produit\/bleu-de-methylene-0-5\/\" \/>\n<meta property=\"og:locale\" content=\"fr_FR\" \/>\n<meta property=\"og:type\" content=\"article\" \/>\n<meta property=\"og:title\" content=\"Bleu de M\u00e9thyl\u00e8ne - La Boutique en ligne\" \/>\n<meta property=\"og:description\" content=\"Le bleu de m\u00e9thyl\u00e8ne est une mol\u00e9cule organique dont les propri\u00e9t\u00e9s sont utilis\u00e9es \u00e0 colorer des bact\u00e9ries pour les visualiser au microscope. Quand il entre dans le cytoplasme d&#039;une cellule vivante, le bleu de m\u00e9thyl\u00e8ne est r\u00e9duit car c&#039;est un environnement r\u00e9ducteur : les cellules vivantes paraissent incolores. En revanche, des cellules mortes sont color\u00e9es en bleu car le bleu de m\u00e9thyl\u00e8ne reste oxyd\u00e9. De plus, l&#039;ADN, qui est\u00a0acide, rend le bleu de m\u00e9thyl\u00e8ne encore plus bleu, ce qui peut permettre de mieux visualiser le noyau des cellules\u00a0eucaryotes. Les charges n\u00e9gatives de l&#039;ADN\u00a0sont aussi attir\u00e9es par les charges positives du bleu de m\u00e9thyl\u00e8ne.\" \/>\n<meta property=\"og:url\" content=\"https:\/\/store.microbiotech.dz\/index.php\/produit\/bleu-de-methylene-0-5\/\" \/>\n<meta property=\"og:site_name\" content=\"La Boutique en ligne\" \/>\n<meta property=\"article:publisher\" content=\"https:\/\/www.facebook.com\/MicroBiotech.dz\" \/>\n<meta property=\"article:modified_time\" content=\"2024-11-27T07:46:13+00:00\" \/>\n<meta property=\"og:image\" content=\"https:\/\/store.microbiotech.dz\/wp-content\/uploads\/2022\/01\/1061718-scaled.jpg\" \/>\n\t<meta property=\"og:image:width\" content=\"2560\" \/>\n\t<meta property=\"og:image:height\" content=\"1920\" \/>\n\t<meta property=\"og:image:type\" content=\"image\/jpeg\" \/>\n<meta name=\"twitter:card\" content=\"summary_large_image\" \/>\n<meta name=\"twitter:site\" content=\"@MicrobiotechD\" \/>\n<meta name=\"twitter:label1\" content=\"Dur\u00e9e de lecture estim\u00e9e\" \/>\n\t<meta name=\"twitter:data1\" content=\"1 minute\" \/>\n<script type=\"application\/ld+json\" class=\"yoast-schema-graph\">{\"@context\":\"https:\\\/\\\/schema.org\",\"@graph\":[{\"@type\":\"WebPage\",\"@id\":\"https:\\\/\\\/store.microbiotech.dz\\\/index.php\\\/produit\\\/bleu-de-methylene-0-5\\\/\",\"url\":\"https:\\\/\\\/store.microbiotech.dz\\\/index.php\\\/produit\\\/bleu-de-methylene-0-5\\\/\",\"name\":\"Bleu de M\u00e9thyl\u00e8ne - La Boutique en ligne\",\"isPartOf\":{\"@id\":\"https:\\\/\\\/store.microbiotech.dz\\\/#website\"},\"primaryImageOfPage\":{\"@id\":\"https:\\\/\\\/store.microbiotech.dz\\\/index.php\\\/produit\\\/bleu-de-methylene-0-5\\\/#primaryimage\"},\"image\":{\"@id\":\"https:\\\/\\\/store.microbiotech.dz\\\/index.php\\\/produit\\\/bleu-de-methylene-0-5\\\/#primaryimage\"},\"thumbnailUrl\":\"https:\\\/\\\/store.microbiotech.dz\\\/wp-content\\\/uploads\\\/2022\\\/01\\\/1061718-scaled.jpg\",\"datePublished\":\"2022-01-04T14:05:08+00:00\",\"dateModified\":\"2024-11-27T07:46:13+00:00\",\"description\":\"Le bleu de m\u00e9thyl\u00e8ne est une mol\u00e9cule organique dont les propri\u00e9t\u00e9s sont utilis\u00e9es \u00e0 colorer des bact\u00e9ries pour les visualiser au microscope. Quand il entre dans le cytoplasme d'une cellule vivante, le bleu de m\u00e9thyl\u00e8ne est r\u00e9duit car c'est un environnement r\u00e9ducteur : les cellules vivantes paraissent incolores. En revanche, des cellules mortes sont color\u00e9es en bleu car le bleu de m\u00e9thyl\u00e8ne reste oxyd\u00e9. De plus, l'ADN, qui est\u00a0acide, rend le bleu de m\u00e9thyl\u00e8ne encore plus bleu, ce qui peut permettre de mieux visualiser le noyau des cellules\u00a0eucaryotes. Les charges n\u00e9gatives de l'ADN\u00a0sont aussi attir\u00e9es par les charges positives du bleu de m\u00e9thyl\u00e8ne.\",\"breadcrumb\":{\"@id\":\"https:\\\/\\\/store.microbiotech.dz\\\/index.php\\\/produit\\\/bleu-de-methylene-0-5\\\/#breadcrumb\"},\"inLanguage\":\"fr-FR\",\"potentialAction\":[{\"@type\":\"ReadAction\",\"target\":[\"https:\\\/\\\/store.microbiotech.dz\\\/index.php\\\/produit\\\/bleu-de-methylene-0-5\\\/\"]}]},{\"@type\":\"ImageObject\",\"inLanguage\":\"fr-FR\",\"@id\":\"https:\\\/\\\/store.microbiotech.dz\\\/index.php\\\/produit\\\/bleu-de-methylene-0-5\\\/#primaryimage\",\"url\":\"https:\\\/\\\/store.microbiotech.dz\\\/wp-content\\\/uploads\\\/2022\\\/01\\\/1061718-scaled.jpg\",\"contentUrl\":\"https:\\\/\\\/store.microbiotech.dz\\\/wp-content\\\/uploads\\\/2022\\\/01\\\/1061718-scaled.jpg\",\"width\":2560,\"height\":1920,\"caption\":\"OLYMPUS DIGITAL CAMERA\"},{\"@type\":\"BreadcrumbList\",\"@id\":\"https:\\\/\\\/store.microbiotech.dz\\\/index.php\\\/produit\\\/bleu-de-methylene-0-5\\\/#breadcrumb\",\"itemListElement\":[{\"@type\":\"ListItem\",\"position\":1,\"name\":\"Accueil\",\"item\":\"https:\\\/\\\/store.microbiotech.dz\\\/\"},{\"@type\":\"ListItem\",\"position\":2,\"name\":\"Nos Produits\",\"item\":\"https:\\\/\\\/store.microbiotech.dz\\\/index.php\\\/nos-produits\\\/\"},{\"@type\":\"ListItem\",\"position\":3,\"name\":\"Bleu de M\u00e9thyl\u00e8ne\"}]},{\"@type\":\"WebSite\",\"@id\":\"https:\\\/\\\/store.microbiotech.dz\\\/#website\",\"url\":\"https:\\\/\\\/store.microbiotech.dz\\\/\",\"name\":\"La Boutique en ligne\",\"description\":\"Qualit\u00e9 - Rapidit\u00e9 - Tranquillit\u00e9\",\"publisher\":{\"@id\":\"https:\\\/\\\/store.microbiotech.dz\\\/#organization\"},\"potentialAction\":[{\"@type\":\"SearchAction\",\"target\":{\"@type\":\"EntryPoint\",\"urlTemplate\":\"https:\\\/\\\/store.microbiotech.dz\\\/?s={search_term_string}\"},\"query-input\":{\"@type\":\"PropertyValueSpecification\",\"valueRequired\":true,\"valueName\":\"search_term_string\"}}],\"inLanguage\":\"fr-FR\"},{\"@type\":\"Organization\",\"@id\":\"https:\\\/\\\/store.microbiotech.dz\\\/#organization\",\"name\":\"Microbiotech EURL\",\"url\":\"https:\\\/\\\/store.microbiotech.dz\\\/\",\"logo\":{\"@type\":\"ImageObject\",\"inLanguage\":\"fr-FR\",\"@id\":\"https:\\\/\\\/store.microbiotech.dz\\\/#\\\/schema\\\/logo\\\/image\\\/\",\"url\":\"https:\\\/\\\/store.microbiotech.dz\\\/wp-content\\\/uploads\\\/2021\\\/09\\\/cropped-logo-microbiotech-2.jpg\",\"contentUrl\":\"https:\\\/\\\/store.microbiotech.dz\\\/wp-content\\\/uploads\\\/2021\\\/09\\\/cropped-logo-microbiotech-2.jpg\",\"width\":815,\"height\":586,\"caption\":\"Microbiotech EURL\"},\"image\":{\"@id\":\"https:\\\/\\\/store.microbiotech.dz\\\/#\\\/schema\\\/logo\\\/image\\\/\"},\"sameAs\":[\"https:\\\/\\\/www.facebook.com\\\/MicroBiotech.dz\",\"https:\\\/\\\/x.com\\\/MicrobiotechD\",\"https:\\\/\\\/www.linkedin.com\\\/in\\\/microbiotech\\\/\",\"https:\\\/\\\/www.youtube.com\\\/channel\\\/UCTxc3VIiX7LXD2LQYfZEcDg\"]}]}<\/script>\n<!-- \/ Yoast SEO plugin. -->","yoast_head_json":{"title":"Bleu de M\u00e9thyl\u00e8ne - La Boutique en ligne","description":"Le bleu de m\u00e9thyl\u00e8ne est une mol\u00e9cule organique dont les propri\u00e9t\u00e9s sont utilis\u00e9es \u00e0 colorer des bact\u00e9ries pour les visualiser au microscope. Quand il entre dans le cytoplasme d'une cellule vivante, le bleu de m\u00e9thyl\u00e8ne est r\u00e9duit car c'est un environnement r\u00e9ducteur : les cellules vivantes paraissent incolores. En revanche, des cellules mortes sont color\u00e9es en bleu car le bleu de m\u00e9thyl\u00e8ne reste oxyd\u00e9. De plus, l'ADN, qui est\u00a0acide, rend le bleu de m\u00e9thyl\u00e8ne encore plus bleu, ce qui peut permettre de mieux visualiser le noyau des cellules\u00a0eucaryotes. Les charges n\u00e9gatives de l'ADN\u00a0sont aussi attir\u00e9es par les charges positives du bleu de m\u00e9thyl\u00e8ne.","robots":{"index":"index","follow":"follow","max-snippet":"max-snippet:-1","max-image-preview":"max-image-preview:large","max-video-preview":"max-video-preview:-1"},"canonical":"https:\/\/store.microbiotech.dz\/index.php\/produit\/bleu-de-methylene-0-5\/","og_locale":"fr_FR","og_type":"article","og_title":"Bleu de M\u00e9thyl\u00e8ne - La Boutique en ligne","og_description":"Le bleu de m\u00e9thyl\u00e8ne est une mol\u00e9cule organique dont les propri\u00e9t\u00e9s sont utilis\u00e9es \u00e0 colorer des bact\u00e9ries pour les visualiser au microscope. Quand il entre dans le cytoplasme d'une cellule vivante, le bleu de m\u00e9thyl\u00e8ne est r\u00e9duit car c'est un environnement r\u00e9ducteur : les cellules vivantes paraissent incolores. En revanche, des cellules mortes sont color\u00e9es en bleu car le bleu de m\u00e9thyl\u00e8ne reste oxyd\u00e9. De plus, l'ADN, qui est\u00a0acide, rend le bleu de m\u00e9thyl\u00e8ne encore plus bleu, ce qui peut permettre de mieux visualiser le noyau des cellules\u00a0eucaryotes. Les charges n\u00e9gatives de l'ADN\u00a0sont aussi attir\u00e9es par les charges positives du bleu de m\u00e9thyl\u00e8ne.","og_url":"https:\/\/store.microbiotech.dz\/index.php\/produit\/bleu-de-methylene-0-5\/","og_site_name":"La Boutique en ligne","article_publisher":"https:\/\/www.facebook.com\/MicroBiotech.dz","article_modified_time":"2024-11-27T07:46:13+00:00","og_image":[{"width":2560,"height":1920,"url":"https:\/\/store.microbiotech.dz\/wp-content\/uploads\/2022\/01\/1061718-scaled.jpg","type":"image\/jpeg"}],"twitter_card":"summary_large_image","twitter_site":"@MicrobiotechD","twitter_misc":{"Dur\u00e9e de lecture estim\u00e9e":"1 minute"},"schema":{"@context":"https:\/\/schema.org","@graph":[{"@type":"WebPage","@id":"https:\/\/store.microbiotech.dz\/index.php\/produit\/bleu-de-methylene-0-5\/","url":"https:\/\/store.microbiotech.dz\/index.php\/produit\/bleu-de-methylene-0-5\/","name":"Bleu de M\u00e9thyl\u00e8ne - La Boutique en ligne","isPartOf":{"@id":"https:\/\/store.microbiotech.dz\/#website"},"primaryImageOfPage":{"@id":"https:\/\/store.microbiotech.dz\/index.php\/produit\/bleu-de-methylene-0-5\/#primaryimage"},"image":{"@id":"https:\/\/store.microbiotech.dz\/index.php\/produit\/bleu-de-methylene-0-5\/#primaryimage"},"thumbnailUrl":"https:\/\/store.microbiotech.dz\/wp-content\/uploads\/2022\/01\/1061718-scaled.jpg","datePublished":"2022-01-04T14:05:08+00:00","dateModified":"2024-11-27T07:46:13+00:00","description":"Le bleu de m\u00e9thyl\u00e8ne est une mol\u00e9cule organique dont les propri\u00e9t\u00e9s sont utilis\u00e9es \u00e0 colorer des bact\u00e9ries pour les visualiser au microscope. Quand il entre dans le cytoplasme d'une cellule vivante, le bleu de m\u00e9thyl\u00e8ne est r\u00e9duit car c'est un environnement r\u00e9ducteur : les cellules vivantes paraissent incolores. En revanche, des cellules mortes sont color\u00e9es en bleu car le bleu de m\u00e9thyl\u00e8ne reste oxyd\u00e9. De plus, l'ADN, qui est\u00a0acide, rend le bleu de m\u00e9thyl\u00e8ne encore plus bleu, ce qui peut permettre de mieux visualiser le noyau des cellules\u00a0eucaryotes. Les charges n\u00e9gatives de l'ADN\u00a0sont aussi attir\u00e9es par les charges positives du bleu de m\u00e9thyl\u00e8ne.","breadcrumb":{"@id":"https:\/\/store.microbiotech.dz\/index.php\/produit\/bleu-de-methylene-0-5\/#breadcrumb"},"inLanguage":"fr-FR","potentialAction":[{"@type":"ReadAction","target":["https:\/\/store.microbiotech.dz\/index.php\/produit\/bleu-de-methylene-0-5\/"]}]},{"@type":"ImageObject","inLanguage":"fr-FR","@id":"https:\/\/store.microbiotech.dz\/index.php\/produit\/bleu-de-methylene-0-5\/#primaryimage","url":"https:\/\/store.microbiotech.dz\/wp-content\/uploads\/2022\/01\/1061718-scaled.jpg","contentUrl":"https:\/\/store.microbiotech.dz\/wp-content\/uploads\/2022\/01\/1061718-scaled.jpg","width":2560,"height":1920,"caption":"OLYMPUS DIGITAL CAMERA"},{"@type":"BreadcrumbList","@id":"https:\/\/store.microbiotech.dz\/index.php\/produit\/bleu-de-methylene-0-5\/#breadcrumb","itemListElement":[{"@type":"ListItem","position":1,"name":"Accueil","item":"https:\/\/store.microbiotech.dz\/"},{"@type":"ListItem","position":2,"name":"Nos Produits","item":"https:\/\/store.microbiotech.dz\/index.php\/nos-produits\/"},{"@type":"ListItem","position":3,"name":"Bleu de M\u00e9thyl\u00e8ne"}]},{"@type":"WebSite","@id":"https:\/\/store.microbiotech.dz\/#website","url":"https:\/\/store.microbiotech.dz\/","name":"La Boutique en ligne","description":"Qualit\u00e9 - Rapidit\u00e9 - Tranquillit\u00e9","publisher":{"@id":"https:\/\/store.microbiotech.dz\/#organization"},"potentialAction":[{"@type":"SearchAction","target":{"@type":"EntryPoint","urlTemplate":"https:\/\/store.microbiotech.dz\/?s={search_term_string}"},"query-input":{"@type":"PropertyValueSpecification","valueRequired":true,"valueName":"search_term_string"}}],"inLanguage":"fr-FR"},{"@type":"Organization","@id":"https:\/\/store.microbiotech.dz\/#organization","name":"Microbiotech EURL","url":"https:\/\/store.microbiotech.dz\/","logo":{"@type":"ImageObject","inLanguage":"fr-FR","@id":"https:\/\/store.microbiotech.dz\/#\/schema\/logo\/image\/","url":"https:\/\/store.microbiotech.dz\/wp-content\/uploads\/2021\/09\/cropped-logo-microbiotech-2.jpg","contentUrl":"https:\/\/store.microbiotech.dz\/wp-content\/uploads\/2021\/09\/cropped-logo-microbiotech-2.jpg","width":815,"height":586,"caption":"Microbiotech EURL"},"image":{"@id":"https:\/\/store.microbiotech.dz\/#\/schema\/logo\/image\/"},"sameAs":["https:\/\/www.facebook.com\/MicroBiotech.dz","https:\/\/x.com\/MicrobiotechD","https:\/\/www.linkedin.com\/in\/microbiotech\/","https:\/\/www.youtube.com\/channel\/UCTxc3VIiX7LXD2LQYfZEcDg"]}]}},"jetpack_sharing_enabled":true,"_links":{"self":[{"href":"https:\/\/store.microbiotech.dz\/index.php\/wp-json\/wp\/v2\/product\/1207","targetHints":{"allow":["GET"]}}],"collection":[{"href":"https:\/\/store.microbiotech.dz\/index.php\/wp-json\/wp\/v2\/product"}],"about":[{"href":"https:\/\/store.microbiotech.dz\/index.php\/wp-json\/wp\/v2\/types\/product"}],"replies":[{"embeddable":true,"href":"https:\/\/store.microbiotech.dz\/index.php\/wp-json\/wp\/v2\/comments?post=1207"}],"wp:featuredmedia":[{"embeddable":true,"href":"https:\/\/store.microbiotech.dz\/index.php\/wp-json\/wp\/v2\/media\/1229"}],"wp:attachment":[{"href":"https:\/\/store.microbiotech.dz\/index.php\/wp-json\/wp\/v2\/media?parent=1207"}],"wp:term":[{"taxonomy":"product_brand","embeddable":true,"href":"https:\/\/store.microbiotech.dz\/index.php\/wp-json\/wp\/v2\/product_brand?post=1207"},{"taxonomy":"product_cat","embeddable":true,"href":"https:\/\/store.microbiotech.dz\/index.php\/wp-json\/wp\/v2\/product_cat?post=1207"},{"taxonomy":"product_tag","embeddable":true,"href":"https:\/\/store.microbiotech.dz\/index.php\/wp-json\/wp\/v2\/product_tag?post=1207"}],"curies":[{"name":"wp","href":"https:\/\/api.w.org\/{rel}","templated":true}]}}