{"id":11802,"date":"2024-11-18T15:04:36","date_gmt":"2024-11-18T14:04:36","guid":{"rendered":"https:\/\/store.microbiotech.dz\/?post_type=product&#038;p=11802"},"modified":"2025-12-08T01:01:37","modified_gmt":"2025-12-08T00:01:37","slug":"bain-thermostate-alpha-a6-lauda","status":"publish","type":"product","link":"https:\/\/store.microbiotech.dz\/index.php\/produit\/bain-thermostate-alpha-a6-lauda\/","title":{"rendered":"Bain thermostat\u00e9 ALPHA A6 LAUDA"},"content":{"rendered":"<p>Le Bain <a href=\"https:\/\/store.microbiotech.dz\/?s=THERMOSTAT\" target=\"_blank\" rel=\"noopener\">thermostat\u00e9 <\/a>ALPHA A6 <a href=\"https:\/\/www.lauda.de\/fr\/produits\/appareils-de-thermoregulation\/thermostats\/thermostats-chauffants\/alpha\/details\/L000619\" target=\"_blank\" rel=\"noopener\">LAUDA, <\/a>con\u00e7u pour une plage de temp\u00e9rature de 25 \u00e0 100 \u00b0C, offre une grande flexibilit\u00e9 pour diverses applications.<\/p>\n<p>Id\u00e9al pour un contr\u00f4le pr\u00e9cis et fiable de la temp\u00e9rature, son affichage LED clair permet de visualiser facilement la temp\u00e9rature r\u00e9elle ou d\u00e9finie, tandis que son guidage de menu convivial \u00e0 trois touches garantit une utilisation rapide et intuitive.<\/p>\n<p>Fabriqu\u00e9 en acier inoxydable profond\u00e9ment embouti, ce Bain thermostat\u00e9 ALPHA A6 LAUDA offre durabilit\u00e9 et r\u00e9sistance pour un usage intensif. Il inclut \u00e9galement un connecteur \u00e9lectrique compatible avec un refroidisseur \u00e0 circulation DLK pour des fonctions marche\/arr\u00eat ou automatiques.<\/p>\n<p>Ce bain thermostatique allie pr\u00e9cision, s\u00e9curit\u00e9 et praticit\u00e9, s\u2019adaptant parfaitement aux besoins des laboratoires exigeants.<\/p>\n","protected":false},"excerpt":{"rendered":"<p>&nbsp;<\/p>\n<p>Marque :\u00a0 <strong>LAUDA<\/strong> <img loading=\"lazy\" decoding=\"async\" class=\"alignnone wp-image-1649\" src=\"https:\/\/store.microbiotech.dz\/wp-content\/uploads\/2022\/04\/51968274-le-drapeau-allemand-icone-matte-ronde-isole-sur-fond-blanc--300x300.webp\" alt=\"Allemand\" width=\"53\" height=\"53\" srcset=\"https:\/\/store.microbiotech.dz\/wp-content\/uploads\/2022\/04\/51968274-le-drapeau-allemand-icone-matte-ronde-isole-sur-fond-blanc--300x300.webp 300w, https:\/\/store.microbiotech.dz\/wp-content\/uploads\/2022\/04\/51968274-le-drapeau-allemand-icone-matte-ronde-isole-sur-fond-blanc--150x150.webp 150w, https:\/\/store.microbiotech.dz\/wp-content\/uploads\/2022\/04\/51968274-le-drapeau-allemand-icone-matte-ronde-isole-sur-fond-blanc--100x100.webp 100w, https:\/\/store.microbiotech.dz\/wp-content\/uploads\/2022\/04\/51968274-le-drapeau-allemand-icone-matte-ronde-isole-sur-fond-blanc-.webp 450w\" sizes=\"auto, (max-width: 53px) 100vw, 53px\" \/><br \/>\nPlage de temp\u00e9rature de travail : <strong>25 \u00e0 100 \u00b0C<\/strong><br \/>\nPlage de temp\u00e9rature ambiante : <strong style=\"font-size: 16px;\">5 \u00e0 40 \u00b0C<\/strong><br \/>\nStabilit\u00e9 de temp\u00e9rature :<strong> \u00b1 0,05 K<\/strong><br \/>\nPuissance de chauffe maximale :<strong> 1,5 kW<\/strong><br \/>\nConsommation \u00e9lectrique maximale : <strong>1,5 kW<\/strong><br \/>\nD\u00e9bit maximal de la pompe (\u00e0 pression nulle) : <strong>15 L\/min<\/strong><br \/>\nVolume du bain : <strong>Min. 2,5 L \/ Max. 5,5 L<\/strong><br \/>\nPression de refoulement max. : <strong style=\"font-size: 16px;\">0,2 bar<\/strong><br \/>\nDimensions hors tout (L x P x H) : <strong>181 x 332 x 370 mm<\/strong><br \/>\nPoids : <strong>7 kg<\/strong><br \/>\nAlimentation secteur : <strong>220 V \u00e0 60 Hz \/ 230 V \u00e0 50 H<\/strong><br \/>\nT\u00e9l\u00e9chargement : <a href=\"https:\/\/store.microbiotech.dz\/wp-content\/uploads\/2024\/11\/LAUDA_A6_L000619_fr_20240904_083408.pdf\" target=\"_blank\" rel=\"noopener\">Fiche technique<\/a><\/p>\n","protected":false},"featured_media":11804,"comment_status":"open","ping_status":"closed","template":"","meta":{"site-sidebar-layout":"default","site-content-layout":"","ast-site-content-layout":"default","site-content-style":"default","site-sidebar-style":"default","ast-global-header-display":"","ast-banner-title-visibility":"","ast-main-header-display":"","ast-hfb-above-header-display":"","ast-hfb-below-header-display":"","ast-hfb-mobile-header-display":"","site-post-title":"","ast-breadcrumbs-content":"","ast-featured-img":"","footer-sml-layout":"","ast-disable-related-posts":"","theme-transparent-header-meta":"default","adv-header-id-meta":"","stick-header-meta":"","header-above-stick-meta":"","header-main-stick-meta":"","header-below-stick-meta":"","astra-migrate-meta-layouts":"set","ast-page-background-enabled":"default","ast-page-background-meta":{"desktop":{"background-color":"var(--ast-global-color-4)","background-image":"","background-repeat":"repeat","background-position":"center center","background-size":"auto","background-attachment":"scroll","background-type":"","background-media":"","overlay-type":"","overlay-color":"","overlay-opacity":"","overlay-gradient":""},"tablet":{"background-color":"","background-image":"","background-repeat":"repeat","background-position":"center center","background-size":"auto","background-attachment":"scroll","background-type":"","background-media":"","overlay-type":"","overlay-color":"","overlay-opacity":"","overlay-gradient":""},"mobile":{"background-color":"","background-image":"","background-repeat":"repeat","background-position":"center center","background-size":"auto","background-attachment":"scroll","background-type":"","background-media":"","overlay-type":"","overlay-color":"","overlay-opacity":"","overlay-gradient":""}},"ast-content-background-meta":{"desktop":{"background-color":"var(--ast-global-color-5)","background-image":"","background-repeat":"repeat","background-position":"center center","background-size":"auto","background-attachment":"scroll","background-type":"","background-media":"","overlay-type":"","overlay-color":"","overlay-opacity":"","overlay-gradient":""},"tablet":{"background-color":"var(--ast-global-color-5)","background-image":"","background-repeat":"repeat","background-position":"center center","background-size":"auto","background-attachment":"scroll","background-type":"","background-media":"","overlay-type":"","overlay-color":"","overlay-opacity":"","overlay-gradient":""},"mobile":{"background-color":"var(--ast-global-color-5)","background-image":"","background-repeat":"repeat","background-position":"center center","background-size":"auto","background-attachment":"scroll","background-type":"","background-media":"","overlay-type":"","overlay-color":"","overlay-opacity":"","overlay-gradient":""}},"jetpack_post_was_ever_published":false},"product_brand":[],"product_cat":[238],"product_tag":[1389,2492,541,2490,2491],"class_list":{"0":"post-11802","1":"product","2":"type-product","3":"status-publish","4":"has-post-thumbnail","6":"product_cat-equipements","7":"product_tag-bain","8":"product_tag-bain-thermostate","9":"product_tag-f10","10":"product_tag-lauda","11":"product_tag-thermostate","12":"desktop-align-center","13":"tablet-align-left","14":"mobile-align-left","16":"first","17":"outofstock","18":"taxable","19":"shipping-taxable","20":"purchasable","21":"product-type-simple"},"yoast_head":"<!-- This site is optimized with the Yoast SEO plugin v27.5 - https:\/\/yoast.com\/product\/yoast-seo-wordpress\/ -->\n<title>Bain thermostat\u00e9 ALPHA A6 LAUDA - La Boutique en ligne<\/title>\n<meta name=\"description\" content=\"L&#039;utilisation de ce Bain thermostat\u00e9 ALPHA A6 LAUDA est simple et intuitive gr\u00e2ce \u00e0 un r\u00e9gulateur \u00e9lectronique qui assure une meilleur gestion.\" \/>\n<meta name=\"robots\" content=\"index, follow, max-snippet:-1, max-image-preview:large, max-video-preview:-1\" \/>\n<link rel=\"canonical\" href=\"https:\/\/store.microbiotech.dz\/index.php\/produit\/bain-thermostate-alpha-a6-lauda\/\" \/>\n<meta property=\"og:locale\" content=\"fr_FR\" \/>\n<meta property=\"og:type\" content=\"article\" \/>\n<meta property=\"og:title\" content=\"Bain thermostat\u00e9 ALPHA A6 LAUDA - La Boutique en ligne\" \/>\n<meta property=\"og:description\" content=\"L&#039;utilisation de ce Bain thermostat\u00e9 ALPHA A6 LAUDA est simple et intuitive gr\u00e2ce \u00e0 un r\u00e9gulateur \u00e9lectronique qui assure une meilleur gestion.\" \/>\n<meta property=\"og:url\" content=\"https:\/\/store.microbiotech.dz\/index.php\/produit\/bain-thermostate-alpha-a6-lauda\/\" \/>\n<meta property=\"og:site_name\" content=\"La Boutique en ligne\" \/>\n<meta property=\"article:publisher\" content=\"https:\/\/www.facebook.com\/MicroBiotech.dz\" \/>\n<meta property=\"article:modified_time\" content=\"2025-12-08T00:01:37+00:00\" \/>\n<meta property=\"og:image\" content=\"https:\/\/store.microbiotech.dz\/wp-content\/uploads\/2024\/11\/alpha-a6-PNG.webp\" \/>\n\t<meta property=\"og:image:width\" content=\"600\" \/>\n\t<meta property=\"og:image:height\" content=\"600\" \/>\n\t<meta property=\"og:image:type\" content=\"image\/webp\" \/>\n<meta name=\"twitter:card\" content=\"summary_large_image\" \/>\n<meta name=\"twitter:site\" content=\"@MicrobiotechD\" \/>\n<meta name=\"twitter:label1\" content=\"Dur\u00e9e de lecture estim\u00e9e\" \/>\n\t<meta name=\"twitter:data1\" content=\"1 minute\" \/>\n<script type=\"application\/ld+json\" class=\"yoast-schema-graph\">{\"@context\":\"https:\\\/\\\/schema.org\",\"@graph\":[{\"@type\":\"WebPage\",\"@id\":\"https:\\\/\\\/store.microbiotech.dz\\\/index.php\\\/produit\\\/bain-thermostate-alpha-a6-lauda\\\/\",\"url\":\"https:\\\/\\\/store.microbiotech.dz\\\/index.php\\\/produit\\\/bain-thermostate-alpha-a6-lauda\\\/\",\"name\":\"Bain thermostat\u00e9 ALPHA A6 LAUDA - La Boutique en ligne\",\"isPartOf\":{\"@id\":\"https:\\\/\\\/store.microbiotech.dz\\\/#website\"},\"primaryImageOfPage\":{\"@id\":\"https:\\\/\\\/store.microbiotech.dz\\\/index.php\\\/produit\\\/bain-thermostate-alpha-a6-lauda\\\/#primaryimage\"},\"image\":{\"@id\":\"https:\\\/\\\/store.microbiotech.dz\\\/index.php\\\/produit\\\/bain-thermostate-alpha-a6-lauda\\\/#primaryimage\"},\"thumbnailUrl\":\"https:\\\/\\\/store.microbiotech.dz\\\/wp-content\\\/uploads\\\/2024\\\/11\\\/alpha-a6-PNG.webp\",\"datePublished\":\"2024-11-18T14:04:36+00:00\",\"dateModified\":\"2025-12-08T00:01:37+00:00\",\"description\":\"L'utilisation de ce Bain thermostat\u00e9 ALPHA A6 LAUDA est simple et intuitive gr\u00e2ce \u00e0 un r\u00e9gulateur \u00e9lectronique qui assure une meilleur gestion.\",\"breadcrumb\":{\"@id\":\"https:\\\/\\\/store.microbiotech.dz\\\/index.php\\\/produit\\\/bain-thermostate-alpha-a6-lauda\\\/#breadcrumb\"},\"inLanguage\":\"fr-FR\",\"potentialAction\":[{\"@type\":\"ReadAction\",\"target\":[\"https:\\\/\\\/store.microbiotech.dz\\\/index.php\\\/produit\\\/bain-thermostate-alpha-a6-lauda\\\/\"]}]},{\"@type\":\"ImageObject\",\"inLanguage\":\"fr-FR\",\"@id\":\"https:\\\/\\\/store.microbiotech.dz\\\/index.php\\\/produit\\\/bain-thermostate-alpha-a6-lauda\\\/#primaryimage\",\"url\":\"https:\\\/\\\/store.microbiotech.dz\\\/wp-content\\\/uploads\\\/2024\\\/11\\\/alpha-a6-PNG.webp\",\"contentUrl\":\"https:\\\/\\\/store.microbiotech.dz\\\/wp-content\\\/uploads\\\/2024\\\/11\\\/alpha-a6-PNG.webp\",\"width\":600,\"height\":600,\"caption\":\"Bain thermostat\u00e9 ALPHA A6 LAUDA\"},{\"@type\":\"BreadcrumbList\",\"@id\":\"https:\\\/\\\/store.microbiotech.dz\\\/index.php\\\/produit\\\/bain-thermostate-alpha-a6-lauda\\\/#breadcrumb\",\"itemListElement\":[{\"@type\":\"ListItem\",\"position\":1,\"name\":\"Accueil\",\"item\":\"https:\\\/\\\/store.microbiotech.dz\\\/\"},{\"@type\":\"ListItem\",\"position\":2,\"name\":\"Nos Produits\",\"item\":\"https:\\\/\\\/store.microbiotech.dz\\\/index.php\\\/nos-produits\\\/\"},{\"@type\":\"ListItem\",\"position\":3,\"name\":\"Bain thermostat\u00e9 ALPHA A6 LAUDA\"}]},{\"@type\":\"WebSite\",\"@id\":\"https:\\\/\\\/store.microbiotech.dz\\\/#website\",\"url\":\"https:\\\/\\\/store.microbiotech.dz\\\/\",\"name\":\"La Boutique en ligne\",\"description\":\"Qualit\u00e9 - Rapidit\u00e9 - Tranquillit\u00e9\",\"publisher\":{\"@id\":\"https:\\\/\\\/store.microbiotech.dz\\\/#organization\"},\"potentialAction\":[{\"@type\":\"SearchAction\",\"target\":{\"@type\":\"EntryPoint\",\"urlTemplate\":\"https:\\\/\\\/store.microbiotech.dz\\\/?s={search_term_string}\"},\"query-input\":{\"@type\":\"PropertyValueSpecification\",\"valueRequired\":true,\"valueName\":\"search_term_string\"}}],\"inLanguage\":\"fr-FR\"},{\"@type\":\"Organization\",\"@id\":\"https:\\\/\\\/store.microbiotech.dz\\\/#organization\",\"name\":\"Microbiotech EURL\",\"url\":\"https:\\\/\\\/store.microbiotech.dz\\\/\",\"logo\":{\"@type\":\"ImageObject\",\"inLanguage\":\"fr-FR\",\"@id\":\"https:\\\/\\\/store.microbiotech.dz\\\/#\\\/schema\\\/logo\\\/image\\\/\",\"url\":\"https:\\\/\\\/store.microbiotech.dz\\\/wp-content\\\/uploads\\\/2021\\\/09\\\/cropped-logo-microbiotech-2.jpg\",\"contentUrl\":\"https:\\\/\\\/store.microbiotech.dz\\\/wp-content\\\/uploads\\\/2021\\\/09\\\/cropped-logo-microbiotech-2.jpg\",\"width\":815,\"height\":586,\"caption\":\"Microbiotech EURL\"},\"image\":{\"@id\":\"https:\\\/\\\/store.microbiotech.dz\\\/#\\\/schema\\\/logo\\\/image\\\/\"},\"sameAs\":[\"https:\\\/\\\/www.facebook.com\\\/MicroBiotech.dz\",\"https:\\\/\\\/x.com\\\/MicrobiotechD\",\"https:\\\/\\\/www.linkedin.com\\\/in\\\/microbiotech\\\/\",\"https:\\\/\\\/www.youtube.com\\\/channel\\\/UCTxc3VIiX7LXD2LQYfZEcDg\"]}]}<\/script>\n<!-- \/ Yoast SEO plugin. -->","yoast_head_json":{"title":"Bain thermostat\u00e9 ALPHA A6 LAUDA - La Boutique en ligne","description":"L'utilisation de ce Bain thermostat\u00e9 ALPHA A6 LAUDA est simple et intuitive gr\u00e2ce \u00e0 un r\u00e9gulateur \u00e9lectronique qui assure une meilleur gestion.","robots":{"index":"index","follow":"follow","max-snippet":"max-snippet:-1","max-image-preview":"max-image-preview:large","max-video-preview":"max-video-preview:-1"},"canonical":"https:\/\/store.microbiotech.dz\/index.php\/produit\/bain-thermostate-alpha-a6-lauda\/","og_locale":"fr_FR","og_type":"article","og_title":"Bain thermostat\u00e9 ALPHA A6 LAUDA - La Boutique en ligne","og_description":"L'utilisation de ce Bain thermostat\u00e9 ALPHA A6 LAUDA est simple et intuitive gr\u00e2ce \u00e0 un r\u00e9gulateur \u00e9lectronique qui assure une meilleur gestion.","og_url":"https:\/\/store.microbiotech.dz\/index.php\/produit\/bain-thermostate-alpha-a6-lauda\/","og_site_name":"La Boutique en ligne","article_publisher":"https:\/\/www.facebook.com\/MicroBiotech.dz","article_modified_time":"2025-12-08T00:01:37+00:00","og_image":[{"width":600,"height":600,"url":"https:\/\/store.microbiotech.dz\/wp-content\/uploads\/2024\/11\/alpha-a6-PNG.webp","type":"image\/webp"}],"twitter_card":"summary_large_image","twitter_site":"@MicrobiotechD","twitter_misc":{"Dur\u00e9e de lecture estim\u00e9e":"1 minute"},"schema":{"@context":"https:\/\/schema.org","@graph":[{"@type":"WebPage","@id":"https:\/\/store.microbiotech.dz\/index.php\/produit\/bain-thermostate-alpha-a6-lauda\/","url":"https:\/\/store.microbiotech.dz\/index.php\/produit\/bain-thermostate-alpha-a6-lauda\/","name":"Bain thermostat\u00e9 ALPHA A6 LAUDA - La Boutique en ligne","isPartOf":{"@id":"https:\/\/store.microbiotech.dz\/#website"},"primaryImageOfPage":{"@id":"https:\/\/store.microbiotech.dz\/index.php\/produit\/bain-thermostate-alpha-a6-lauda\/#primaryimage"},"image":{"@id":"https:\/\/store.microbiotech.dz\/index.php\/produit\/bain-thermostate-alpha-a6-lauda\/#primaryimage"},"thumbnailUrl":"https:\/\/store.microbiotech.dz\/wp-content\/uploads\/2024\/11\/alpha-a6-PNG.webp","datePublished":"2024-11-18T14:04:36+00:00","dateModified":"2025-12-08T00:01:37+00:00","description":"L'utilisation de ce Bain thermostat\u00e9 ALPHA A6 LAUDA est simple et intuitive gr\u00e2ce \u00e0 un r\u00e9gulateur \u00e9lectronique qui assure une meilleur gestion.","breadcrumb":{"@id":"https:\/\/store.microbiotech.dz\/index.php\/produit\/bain-thermostate-alpha-a6-lauda\/#breadcrumb"},"inLanguage":"fr-FR","potentialAction":[{"@type":"ReadAction","target":["https:\/\/store.microbiotech.dz\/index.php\/produit\/bain-thermostate-alpha-a6-lauda\/"]}]},{"@type":"ImageObject","inLanguage":"fr-FR","@id":"https:\/\/store.microbiotech.dz\/index.php\/produit\/bain-thermostate-alpha-a6-lauda\/#primaryimage","url":"https:\/\/store.microbiotech.dz\/wp-content\/uploads\/2024\/11\/alpha-a6-PNG.webp","contentUrl":"https:\/\/store.microbiotech.dz\/wp-content\/uploads\/2024\/11\/alpha-a6-PNG.webp","width":600,"height":600,"caption":"Bain thermostat\u00e9 ALPHA A6 LAUDA"},{"@type":"BreadcrumbList","@id":"https:\/\/store.microbiotech.dz\/index.php\/produit\/bain-thermostate-alpha-a6-lauda\/#breadcrumb","itemListElement":[{"@type":"ListItem","position":1,"name":"Accueil","item":"https:\/\/store.microbiotech.dz\/"},{"@type":"ListItem","position":2,"name":"Nos Produits","item":"https:\/\/store.microbiotech.dz\/index.php\/nos-produits\/"},{"@type":"ListItem","position":3,"name":"Bain thermostat\u00e9 ALPHA A6 LAUDA"}]},{"@type":"WebSite","@id":"https:\/\/store.microbiotech.dz\/#website","url":"https:\/\/store.microbiotech.dz\/","name":"La Boutique en ligne","description":"Qualit\u00e9 - Rapidit\u00e9 - Tranquillit\u00e9","publisher":{"@id":"https:\/\/store.microbiotech.dz\/#organization"},"potentialAction":[{"@type":"SearchAction","target":{"@type":"EntryPoint","urlTemplate":"https:\/\/store.microbiotech.dz\/?s={search_term_string}"},"query-input":{"@type":"PropertyValueSpecification","valueRequired":true,"valueName":"search_term_string"}}],"inLanguage":"fr-FR"},{"@type":"Organization","@id":"https:\/\/store.microbiotech.dz\/#organization","name":"Microbiotech EURL","url":"https:\/\/store.microbiotech.dz\/","logo":{"@type":"ImageObject","inLanguage":"fr-FR","@id":"https:\/\/store.microbiotech.dz\/#\/schema\/logo\/image\/","url":"https:\/\/store.microbiotech.dz\/wp-content\/uploads\/2021\/09\/cropped-logo-microbiotech-2.jpg","contentUrl":"https:\/\/store.microbiotech.dz\/wp-content\/uploads\/2021\/09\/cropped-logo-microbiotech-2.jpg","width":815,"height":586,"caption":"Microbiotech EURL"},"image":{"@id":"https:\/\/store.microbiotech.dz\/#\/schema\/logo\/image\/"},"sameAs":["https:\/\/www.facebook.com\/MicroBiotech.dz","https:\/\/x.com\/MicrobiotechD","https:\/\/www.linkedin.com\/in\/microbiotech\/","https:\/\/www.youtube.com\/channel\/UCTxc3VIiX7LXD2LQYfZEcDg"]}]}},"jetpack_sharing_enabled":true,"_links":{"self":[{"href":"https:\/\/store.microbiotech.dz\/index.php\/wp-json\/wp\/v2\/product\/11802","targetHints":{"allow":["GET"]}}],"collection":[{"href":"https:\/\/store.microbiotech.dz\/index.php\/wp-json\/wp\/v2\/product"}],"about":[{"href":"https:\/\/store.microbiotech.dz\/index.php\/wp-json\/wp\/v2\/types\/product"}],"replies":[{"embeddable":true,"href":"https:\/\/store.microbiotech.dz\/index.php\/wp-json\/wp\/v2\/comments?post=11802"}],"wp:featuredmedia":[{"embeddable":true,"href":"https:\/\/store.microbiotech.dz\/index.php\/wp-json\/wp\/v2\/media\/11804"}],"wp:attachment":[{"href":"https:\/\/store.microbiotech.dz\/index.php\/wp-json\/wp\/v2\/media?parent=11802"}],"wp:term":[{"taxonomy":"product_brand","embeddable":true,"href":"https:\/\/store.microbiotech.dz\/index.php\/wp-json\/wp\/v2\/product_brand?post=11802"},{"taxonomy":"product_cat","embeddable":true,"href":"https:\/\/store.microbiotech.dz\/index.php\/wp-json\/wp\/v2\/product_cat?post=11802"},{"taxonomy":"product_tag","embeddable":true,"href":"https:\/\/store.microbiotech.dz\/index.php\/wp-json\/wp\/v2\/product_tag?post=11802"}],"curies":[{"name":"wp","href":"https:\/\/api.w.org\/{rel}","templated":true}]}}