{"id":11793,"date":"2024-11-18T11:14:33","date_gmt":"2024-11-18T10:14:33","guid":{"rendered":"https:\/\/store.microbiotech.dz\/?post_type=product&#038;p=11793"},"modified":"2024-12-17T09:45:51","modified_gmt":"2024-12-17T08:45:51","slug":"distillateur-puridest-pd8r-lauda","status":"publish","type":"product","link":"https:\/\/store.microbiotech.dz\/index.php\/produit\/distillateur-puridest-pd8r-lauda\/","title":{"rendered":"Distillateur PURIDEST PD8R LAUDA"},"content":{"rendered":"<p>Le <a href=\"https:\/\/store.microbiotech.dz\/?s=DISTILLATEUR\" target=\"_blank\" rel=\"noopener\">distillateur<\/a>\u00a0PURIDEST PD8R <a href=\"https:\/\/www.lauda.de\/fr\/produits\/appareils-de-thermoregulation\/distillateurs\/mono-distillateur\/puridest\/details\/L003015\" target=\"_blank\" rel=\"noopener\">LAUDA <\/a>offre une utilisation simple, sans n\u00e9cessiter l\u2019intervention de sp\u00e9cialistes pour la mise en service ou l&rsquo;entretien. Il s\u2019adapte \u00e0 une eau brute sans exigences strictes, et l\u2019utilisateur peut obtenir de l\u2019eau purifi\u00e9e en appuyant simplement sur un bouton.<\/p>\n<p>Ces mono-distillateurs enti\u00e8rement automatiques, \u00e9quip\u00e9s d\u2019un r\u00e9servoir int\u00e9gr\u00e9, peuvent \u00eatre install\u00e9s sur une paillasse ou fix\u00e9s au mur. Leur condensateur, compos\u00e9 d\u2019un serpentin de refroidissement, se trouve dans le r\u00e9servoir et se remplace facilement. Gr\u00e2ce \u00e0 leur syst\u00e8me de coupure automatique, ces appareils minimisent la consommation d\u2019eau et \u00e9vitent tout gaspillage.<\/p>\n<p>De plus, un syst\u00e8me \u00e9lectronique surveille la contamination de l\u2019alambic, interrompt la distillation en cas d\u2019anomalie et signale la n\u00e9cessit\u00e9 d\u2019un nettoyage. Fabriqu\u00e9s en acier inoxydable, le corps de chauffe, le bouilleur, le r\u00e9servoir et le condensateur assurent robustesse et durabilit\u00e9. Le r\u00e9servoir de distillat, capable de stocker jusqu\u2019\u00e0 deux fois le d\u00e9bit horaire de l\u2019appareil, permet une gestion efficace de la production.<\/p>\n<p>Le r\u00e9servoir de stockage se remplit automatiquement apr\u00e8s chaque pr\u00e9l\u00e8vement, gr\u00e2ce \u00e0 un syst\u00e8me \u00e9lectronique de d\u00e9tection de niveau, et le bo\u00eetier, en t\u00f4le zingu\u00e9e avec un rev\u00eatement en poudre, offre une protection accrue et une longue dur\u00e9e de vie.<\/p>\n<p>Enfin, en distillant l\u2019eau de refroidissement pr\u00e9chauff\u00e9e, le Distillateur PURIDEST PD8R LAUDA r\u00e9duit la consommation d\u2019\u00e9nergie, am\u00e9liorant ainsi l&rsquo;efficacit\u00e9 \u00e9nerg\u00e9tique. Le condenseur int\u00e8gre un d\u00e9gazage du CO2 produit pendant la distillation, tandis qu\u2019un thermostat prot\u00e8ge l\u2019appareil contre la marche \u00e0 sec., un bo\u00eetier \u00e0 double enveloppe renforce la protection thermique et structurelle.<\/p>\n","protected":false},"excerpt":{"rendered":"<div class=\"woocommerce-product-details__short-description\">\n<p>&nbsp;<\/p>\n<p>Marque : <strong>LAUDA<\/strong><img loading=\"lazy\" decoding=\"async\" class=\"alignnone wp-image-1649\" src=\"https:\/\/store.microbiotech.dz\/wp-content\/uploads\/2022\/04\/51968274-le-drapeau-allemand-icone-matte-ronde-isole-sur-fond-blanc--300x300.webp\" alt=\"Allemand\" width=\"59\" height=\"59\" srcset=\"https:\/\/store.microbiotech.dz\/wp-content\/uploads\/2022\/04\/51968274-le-drapeau-allemand-icone-matte-ronde-isole-sur-fond-blanc--300x300.webp 300w, https:\/\/store.microbiotech.dz\/wp-content\/uploads\/2022\/04\/51968274-le-drapeau-allemand-icone-matte-ronde-isole-sur-fond-blanc--150x150.webp 150w, https:\/\/store.microbiotech.dz\/wp-content\/uploads\/2022\/04\/51968274-le-drapeau-allemand-icone-matte-ronde-isole-sur-fond-blanc--100x100.webp 100w, https:\/\/store.microbiotech.dz\/wp-content\/uploads\/2022\/04\/51968274-le-drapeau-allemand-icone-matte-ronde-isole-sur-fond-blanc-.webp 450w\" sizes=\"auto, (max-width: 59px) 100vw, 59px\" \/><br \/>\nConductivit\u00e9 du mono-distillat \u00e0 25\u00b0C :<strong> environ 2,3 \u00b5S\/cm<\/strong><br \/>\nPuissance de production : <strong>8 L\/h<\/strong><br \/>\nVolume du r\u00e9servoir : <strong>16 L<\/strong><br \/>\nPuissance de chauffe maximale : <strong>6 kW<\/strong><br \/>\nConsommation \u00e9lectrique maximale : <strong>6 kW<\/strong><br \/>\nConsommation d&rsquo;eau de refroidissement :<strong> 1,2 L\/min<\/strong><br \/>\nDiff\u00e9rence de pression minimum pour l&rsquo;eau de refroidissement : <strong>3 bar<\/strong><br \/>\nPression maximale pour l&rsquo;eau de refroidissement : <strong>7 bar<\/strong><br \/>\nDimensions (LxPxH) : <strong>780 x 410 x 540 mm<\/strong><br \/>\nPoids : <strong>34 kg<\/strong><br \/>\nAlimentation secteur : <strong>400 V, 3\/N\/PE, 50\/60 Hz<\/strong><br \/>\nT\u00e9l\u00e9chargement :<strong><a href=\"https:\/\/store.microbiotech.dz\/wp-content\/uploads\/2024\/11\/LAUDA_PD8R_L003015_fr_20241021_155127.pdf\">Fiche technique<\/a><\/strong><\/p>\n<\/div>\n","protected":false},"featured_media":11797,"comment_status":"open","ping_status":"closed","template":"","meta":{"site-sidebar-layout":"default","site-content-layout":"","ast-site-content-layout":"default","site-content-style":"default","site-sidebar-style":"default","ast-global-header-display":"","ast-banner-title-visibility":"","ast-main-header-display":"","ast-hfb-above-header-display":"","ast-hfb-below-header-display":"","ast-hfb-mobile-header-display":"","site-post-title":"","ast-breadcrumbs-content":"","ast-featured-img":"","footer-sml-layout":"","ast-disable-related-posts":"","theme-transparent-header-meta":"default","adv-header-id-meta":"","stick-header-meta":"","header-above-stick-meta":"","header-main-stick-meta":"","header-below-stick-meta":"","astra-migrate-meta-layouts":"set","ast-page-background-enabled":"default","ast-page-background-meta":{"desktop":{"background-color":"var(--ast-global-color-4)","background-image":"","background-repeat":"repeat","background-position":"center center","background-size":"auto","background-attachment":"scroll","background-type":"","background-media":"","overlay-type":"","overlay-color":"","overlay-opacity":"","overlay-gradient":""},"tablet":{"background-color":"","background-image":"","background-repeat":"repeat","background-position":"center center","background-size":"auto","background-attachment":"scroll","background-type":"","background-media":"","overlay-type":"","overlay-color":"","overlay-opacity":"","overlay-gradient":""},"mobile":{"background-color":"","background-image":"","background-repeat":"repeat","background-position":"center center","background-size":"auto","background-attachment":"scroll","background-type":"","background-media":"","overlay-type":"","overlay-color":"","overlay-opacity":"","overlay-gradient":""}},"ast-content-background-meta":{"desktop":{"background-color":"var(--ast-global-color-5)","background-image":"","background-repeat":"repeat","background-position":"center center","background-size":"auto","background-attachment":"scroll","background-type":"","background-media":"","overlay-type":"","overlay-color":"","overlay-opacity":"","overlay-gradient":""},"tablet":{"background-color":"var(--ast-global-color-5)","background-image":"","background-repeat":"repeat","background-position":"center center","background-size":"auto","background-attachment":"scroll","background-type":"","background-media":"","overlay-type":"","overlay-color":"","overlay-opacity":"","overlay-gradient":""},"mobile":{"background-color":"var(--ast-global-color-5)","background-image":"","background-repeat":"repeat","background-position":"center center","background-size":"auto","background-attachment":"scroll","background-type":"","background-media":"","overlay-type":"","overlay-color":"","overlay-opacity":"","overlay-gradient":""}},"jetpack_post_was_ever_published":false},"product_brand":[],"product_cat":[238],"product_tag":[383,24,541,2490,465,1789],"class_list":{"0":"post-11793","1":"product","2":"type-product","3":"status-publish","4":"has-post-thumbnail","6":"product_cat-equipements","7":"product_tag-distillateur","8":"product_tag-eau-distillee","9":"product_tag-f10","10":"product_tag-lauda","11":"product_tag-purificateur-deau","12":"product_tag-purification","13":"desktop-align-center","14":"tablet-align-left","15":"mobile-align-left","17":"first","18":"outofstock","19":"taxable","20":"shipping-taxable","21":"purchasable","22":"product-type-simple"},"yoast_head":"<!-- This site is optimized with the Yoast SEO plugin v27.4 - https:\/\/yoast.com\/product\/yoast-seo-wordpress\/ -->\n<title>Distillateur PURIDEST PD8R LAUDA - La Boutique en ligne<\/title>\n<meta name=\"description\" content=\"Le Distillateur PURIDEST PD8R LAUDA allie simplicit\u00e9, efficacit\u00e9 \u00e9nerg\u00e9tique et fiabilit\u00e9, tout en offrant une s\u00e9curit\u00e9 maximale et un entretien facile.\" \/>\n<meta name=\"robots\" content=\"index, follow, max-snippet:-1, max-image-preview:large, max-video-preview:-1\" \/>\n<link rel=\"canonical\" href=\"https:\/\/store.microbiotech.dz\/index.php\/produit\/distillateur-puridest-pd8r-lauda\/\" \/>\n<meta property=\"og:locale\" content=\"fr_FR\" \/>\n<meta property=\"og:type\" content=\"article\" \/>\n<meta property=\"og:title\" content=\"Distillateur PURIDEST PD8R LAUDA - La Boutique en ligne\" \/>\n<meta property=\"og:description\" content=\"Le Distillateur PURIDEST PD8R LAUDA allie simplicit\u00e9, efficacit\u00e9 \u00e9nerg\u00e9tique et fiabilit\u00e9, tout en offrant une s\u00e9curit\u00e9 maximale et un entretien facile.\" \/>\n<meta property=\"og:url\" content=\"https:\/\/store.microbiotech.dz\/index.php\/produit\/distillateur-puridest-pd8r-lauda\/\" \/>\n<meta property=\"og:site_name\" content=\"La Boutique en ligne\" \/>\n<meta property=\"article:publisher\" content=\"https:\/\/www.facebook.com\/MicroBiotech.dz\" \/>\n<meta property=\"article:modified_time\" content=\"2024-12-17T08:45:51+00:00\" \/>\n<meta property=\"og:image\" content=\"https:\/\/store.microbiotech.dz\/wp-content\/uploads\/2024\/11\/PD8R-WEBP.webp\" \/>\n\t<meta property=\"og:image:width\" content=\"600\" \/>\n\t<meta property=\"og:image:height\" content=\"600\" \/>\n\t<meta property=\"og:image:type\" content=\"image\/webp\" \/>\n<meta name=\"twitter:card\" content=\"summary_large_image\" \/>\n<meta name=\"twitter:site\" content=\"@MicrobiotechD\" \/>\n<meta name=\"twitter:label1\" content=\"Dur\u00e9e de lecture estim\u00e9e\" \/>\n\t<meta name=\"twitter:data1\" content=\"2 minutes\" \/>\n<script type=\"application\/ld+json\" class=\"yoast-schema-graph\">{\"@context\":\"https:\\\/\\\/schema.org\",\"@graph\":[{\"@type\":\"WebPage\",\"@id\":\"https:\\\/\\\/store.microbiotech.dz\\\/index.php\\\/produit\\\/distillateur-puridest-pd8r-lauda\\\/\",\"url\":\"https:\\\/\\\/store.microbiotech.dz\\\/index.php\\\/produit\\\/distillateur-puridest-pd8r-lauda\\\/\",\"name\":\"Distillateur PURIDEST PD8R LAUDA - La Boutique en ligne\",\"isPartOf\":{\"@id\":\"https:\\\/\\\/store.microbiotech.dz\\\/#website\"},\"primaryImageOfPage\":{\"@id\":\"https:\\\/\\\/store.microbiotech.dz\\\/index.php\\\/produit\\\/distillateur-puridest-pd8r-lauda\\\/#primaryimage\"},\"image\":{\"@id\":\"https:\\\/\\\/store.microbiotech.dz\\\/index.php\\\/produit\\\/distillateur-puridest-pd8r-lauda\\\/#primaryimage\"},\"thumbnailUrl\":\"https:\\\/\\\/store.microbiotech.dz\\\/wp-content\\\/uploads\\\/2024\\\/11\\\/PD8R-WEBP.webp\",\"datePublished\":\"2024-11-18T10:14:33+00:00\",\"dateModified\":\"2024-12-17T08:45:51+00:00\",\"description\":\"Le Distillateur PURIDEST PD8R LAUDA allie simplicit\u00e9, efficacit\u00e9 \u00e9nerg\u00e9tique et fiabilit\u00e9, tout en offrant une s\u00e9curit\u00e9 maximale et un entretien facile.\",\"breadcrumb\":{\"@id\":\"https:\\\/\\\/store.microbiotech.dz\\\/index.php\\\/produit\\\/distillateur-puridest-pd8r-lauda\\\/#breadcrumb\"},\"inLanguage\":\"fr-FR\",\"potentialAction\":[{\"@type\":\"ReadAction\",\"target\":[\"https:\\\/\\\/store.microbiotech.dz\\\/index.php\\\/produit\\\/distillateur-puridest-pd8r-lauda\\\/\"]}]},{\"@type\":\"ImageObject\",\"inLanguage\":\"fr-FR\",\"@id\":\"https:\\\/\\\/store.microbiotech.dz\\\/index.php\\\/produit\\\/distillateur-puridest-pd8r-lauda\\\/#primaryimage\",\"url\":\"https:\\\/\\\/store.microbiotech.dz\\\/wp-content\\\/uploads\\\/2024\\\/11\\\/PD8R-WEBP.webp\",\"contentUrl\":\"https:\\\/\\\/store.microbiotech.dz\\\/wp-content\\\/uploads\\\/2024\\\/11\\\/PD8R-WEBP.webp\",\"width\":600,\"height\":600,\"caption\":\"Distillateur PURIDEST PD8R LAUDA\"},{\"@type\":\"BreadcrumbList\",\"@id\":\"https:\\\/\\\/store.microbiotech.dz\\\/index.php\\\/produit\\\/distillateur-puridest-pd8r-lauda\\\/#breadcrumb\",\"itemListElement\":[{\"@type\":\"ListItem\",\"position\":1,\"name\":\"Accueil\",\"item\":\"https:\\\/\\\/store.microbiotech.dz\\\/\"},{\"@type\":\"ListItem\",\"position\":2,\"name\":\"Nos Produits\",\"item\":\"https:\\\/\\\/store.microbiotech.dz\\\/index.php\\\/nos-produits\\\/\"},{\"@type\":\"ListItem\",\"position\":3,\"name\":\"Distillateur PURIDEST PD8R LAUDA\"}]},{\"@type\":\"WebSite\",\"@id\":\"https:\\\/\\\/store.microbiotech.dz\\\/#website\",\"url\":\"https:\\\/\\\/store.microbiotech.dz\\\/\",\"name\":\"La Boutique en ligne\",\"description\":\"Qualit\u00e9 - Rapidit\u00e9 - Tranquillit\u00e9\",\"publisher\":{\"@id\":\"https:\\\/\\\/store.microbiotech.dz\\\/#organization\"},\"potentialAction\":[{\"@type\":\"SearchAction\",\"target\":{\"@type\":\"EntryPoint\",\"urlTemplate\":\"https:\\\/\\\/store.microbiotech.dz\\\/?s={search_term_string}\"},\"query-input\":{\"@type\":\"PropertyValueSpecification\",\"valueRequired\":true,\"valueName\":\"search_term_string\"}}],\"inLanguage\":\"fr-FR\"},{\"@type\":\"Organization\",\"@id\":\"https:\\\/\\\/store.microbiotech.dz\\\/#organization\",\"name\":\"Microbiotech EURL\",\"url\":\"https:\\\/\\\/store.microbiotech.dz\\\/\",\"logo\":{\"@type\":\"ImageObject\",\"inLanguage\":\"fr-FR\",\"@id\":\"https:\\\/\\\/store.microbiotech.dz\\\/#\\\/schema\\\/logo\\\/image\\\/\",\"url\":\"https:\\\/\\\/store.microbiotech.dz\\\/wp-content\\\/uploads\\\/2021\\\/09\\\/cropped-logo-microbiotech-2.jpg\",\"contentUrl\":\"https:\\\/\\\/store.microbiotech.dz\\\/wp-content\\\/uploads\\\/2021\\\/09\\\/cropped-logo-microbiotech-2.jpg\",\"width\":815,\"height\":586,\"caption\":\"Microbiotech EURL\"},\"image\":{\"@id\":\"https:\\\/\\\/store.microbiotech.dz\\\/#\\\/schema\\\/logo\\\/image\\\/\"},\"sameAs\":[\"https:\\\/\\\/www.facebook.com\\\/MicroBiotech.dz\",\"https:\\\/\\\/x.com\\\/MicrobiotechD\",\"https:\\\/\\\/www.linkedin.com\\\/in\\\/microbiotech\\\/\",\"https:\\\/\\\/www.youtube.com\\\/channel\\\/UCTxc3VIiX7LXD2LQYfZEcDg\"]}]}<\/script>\n<!-- \/ Yoast SEO plugin. -->","yoast_head_json":{"title":"Distillateur PURIDEST PD8R LAUDA - La Boutique en ligne","description":"Le Distillateur PURIDEST PD8R LAUDA allie simplicit\u00e9, efficacit\u00e9 \u00e9nerg\u00e9tique et fiabilit\u00e9, tout en offrant une s\u00e9curit\u00e9 maximale et un entretien facile.","robots":{"index":"index","follow":"follow","max-snippet":"max-snippet:-1","max-image-preview":"max-image-preview:large","max-video-preview":"max-video-preview:-1"},"canonical":"https:\/\/store.microbiotech.dz\/index.php\/produit\/distillateur-puridest-pd8r-lauda\/","og_locale":"fr_FR","og_type":"article","og_title":"Distillateur PURIDEST PD8R LAUDA - La Boutique en ligne","og_description":"Le Distillateur PURIDEST PD8R LAUDA allie simplicit\u00e9, efficacit\u00e9 \u00e9nerg\u00e9tique et fiabilit\u00e9, tout en offrant une s\u00e9curit\u00e9 maximale et un entretien facile.","og_url":"https:\/\/store.microbiotech.dz\/index.php\/produit\/distillateur-puridest-pd8r-lauda\/","og_site_name":"La Boutique en ligne","article_publisher":"https:\/\/www.facebook.com\/MicroBiotech.dz","article_modified_time":"2024-12-17T08:45:51+00:00","og_image":[{"width":600,"height":600,"url":"https:\/\/store.microbiotech.dz\/wp-content\/uploads\/2024\/11\/PD8R-WEBP.webp","type":"image\/webp"}],"twitter_card":"summary_large_image","twitter_site":"@MicrobiotechD","twitter_misc":{"Dur\u00e9e de lecture estim\u00e9e":"2 minutes"},"schema":{"@context":"https:\/\/schema.org","@graph":[{"@type":"WebPage","@id":"https:\/\/store.microbiotech.dz\/index.php\/produit\/distillateur-puridest-pd8r-lauda\/","url":"https:\/\/store.microbiotech.dz\/index.php\/produit\/distillateur-puridest-pd8r-lauda\/","name":"Distillateur PURIDEST PD8R LAUDA - La Boutique en ligne","isPartOf":{"@id":"https:\/\/store.microbiotech.dz\/#website"},"primaryImageOfPage":{"@id":"https:\/\/store.microbiotech.dz\/index.php\/produit\/distillateur-puridest-pd8r-lauda\/#primaryimage"},"image":{"@id":"https:\/\/store.microbiotech.dz\/index.php\/produit\/distillateur-puridest-pd8r-lauda\/#primaryimage"},"thumbnailUrl":"https:\/\/store.microbiotech.dz\/wp-content\/uploads\/2024\/11\/PD8R-WEBP.webp","datePublished":"2024-11-18T10:14:33+00:00","dateModified":"2024-12-17T08:45:51+00:00","description":"Le Distillateur PURIDEST PD8R LAUDA allie simplicit\u00e9, efficacit\u00e9 \u00e9nerg\u00e9tique et fiabilit\u00e9, tout en offrant une s\u00e9curit\u00e9 maximale et un entretien facile.","breadcrumb":{"@id":"https:\/\/store.microbiotech.dz\/index.php\/produit\/distillateur-puridest-pd8r-lauda\/#breadcrumb"},"inLanguage":"fr-FR","potentialAction":[{"@type":"ReadAction","target":["https:\/\/store.microbiotech.dz\/index.php\/produit\/distillateur-puridest-pd8r-lauda\/"]}]},{"@type":"ImageObject","inLanguage":"fr-FR","@id":"https:\/\/store.microbiotech.dz\/index.php\/produit\/distillateur-puridest-pd8r-lauda\/#primaryimage","url":"https:\/\/store.microbiotech.dz\/wp-content\/uploads\/2024\/11\/PD8R-WEBP.webp","contentUrl":"https:\/\/store.microbiotech.dz\/wp-content\/uploads\/2024\/11\/PD8R-WEBP.webp","width":600,"height":600,"caption":"Distillateur PURIDEST PD8R LAUDA"},{"@type":"BreadcrumbList","@id":"https:\/\/store.microbiotech.dz\/index.php\/produit\/distillateur-puridest-pd8r-lauda\/#breadcrumb","itemListElement":[{"@type":"ListItem","position":1,"name":"Accueil","item":"https:\/\/store.microbiotech.dz\/"},{"@type":"ListItem","position":2,"name":"Nos Produits","item":"https:\/\/store.microbiotech.dz\/index.php\/nos-produits\/"},{"@type":"ListItem","position":3,"name":"Distillateur PURIDEST PD8R LAUDA"}]},{"@type":"WebSite","@id":"https:\/\/store.microbiotech.dz\/#website","url":"https:\/\/store.microbiotech.dz\/","name":"La Boutique en ligne","description":"Qualit\u00e9 - Rapidit\u00e9 - Tranquillit\u00e9","publisher":{"@id":"https:\/\/store.microbiotech.dz\/#organization"},"potentialAction":[{"@type":"SearchAction","target":{"@type":"EntryPoint","urlTemplate":"https:\/\/store.microbiotech.dz\/?s={search_term_string}"},"query-input":{"@type":"PropertyValueSpecification","valueRequired":true,"valueName":"search_term_string"}}],"inLanguage":"fr-FR"},{"@type":"Organization","@id":"https:\/\/store.microbiotech.dz\/#organization","name":"Microbiotech EURL","url":"https:\/\/store.microbiotech.dz\/","logo":{"@type":"ImageObject","inLanguage":"fr-FR","@id":"https:\/\/store.microbiotech.dz\/#\/schema\/logo\/image\/","url":"https:\/\/store.microbiotech.dz\/wp-content\/uploads\/2021\/09\/cropped-logo-microbiotech-2.jpg","contentUrl":"https:\/\/store.microbiotech.dz\/wp-content\/uploads\/2021\/09\/cropped-logo-microbiotech-2.jpg","width":815,"height":586,"caption":"Microbiotech EURL"},"image":{"@id":"https:\/\/store.microbiotech.dz\/#\/schema\/logo\/image\/"},"sameAs":["https:\/\/www.facebook.com\/MicroBiotech.dz","https:\/\/x.com\/MicrobiotechD","https:\/\/www.linkedin.com\/in\/microbiotech\/","https:\/\/www.youtube.com\/channel\/UCTxc3VIiX7LXD2LQYfZEcDg"]}]}},"jetpack_sharing_enabled":true,"_links":{"self":[{"href":"https:\/\/store.microbiotech.dz\/index.php\/wp-json\/wp\/v2\/product\/11793","targetHints":{"allow":["GET"]}}],"collection":[{"href":"https:\/\/store.microbiotech.dz\/index.php\/wp-json\/wp\/v2\/product"}],"about":[{"href":"https:\/\/store.microbiotech.dz\/index.php\/wp-json\/wp\/v2\/types\/product"}],"replies":[{"embeddable":true,"href":"https:\/\/store.microbiotech.dz\/index.php\/wp-json\/wp\/v2\/comments?post=11793"}],"wp:featuredmedia":[{"embeddable":true,"href":"https:\/\/store.microbiotech.dz\/index.php\/wp-json\/wp\/v2\/media\/11797"}],"wp:attachment":[{"href":"https:\/\/store.microbiotech.dz\/index.php\/wp-json\/wp\/v2\/media?parent=11793"}],"wp:term":[{"taxonomy":"product_brand","embeddable":true,"href":"https:\/\/store.microbiotech.dz\/index.php\/wp-json\/wp\/v2\/product_brand?post=11793"},{"taxonomy":"product_cat","embeddable":true,"href":"https:\/\/store.microbiotech.dz\/index.php\/wp-json\/wp\/v2\/product_cat?post=11793"},{"taxonomy":"product_tag","embeddable":true,"href":"https:\/\/store.microbiotech.dz\/index.php\/wp-json\/wp\/v2\/product_tag?post=11793"}],"curies":[{"name":"wp","href":"https:\/\/api.w.org\/{rel}","templated":true}]}}