{"id":11572,"date":"2024-10-17T13:18:52","date_gmt":"2024-10-17T12:18:52","guid":{"rendered":"https:\/\/store.microbiotech.dz\/?post_type=product&#038;p=11572"},"modified":"2026-01-28T09:57:13","modified_gmt":"2026-01-28T08:57:13","slug":"microplaque-sterile-96-puits-a-fond-plat-avec-couvercle-olab","status":"publish","type":"product","link":"https:\/\/store.microbiotech.dz\/index.php\/produit\/microplaque-sterile-96-puits-a-fond-plat-avec-couvercle-olab\/","title":{"rendered":"Microplaque st\u00e9rile 96 puits \u00e0 fond plat avec couvercle OLAB"},"content":{"rendered":"<p>La <a href=\"https:\/\/store.microbiotech.dz\/?s=microplaque\" target=\"_blank\" rel=\"noopener\">Microplaque<\/a> st\u00e9rile 96 puits \u00e0 fond plat avec couvercle OLAB est un outil indispensable pour les laboratoires. Chaque puits garantit des conditions optimales pour la culture cellulaire, les analyses biochimiques et les essais immunologiques. Gr\u00e2ce \u00e0 son fond plat, elle permet une lecture pr\u00e9cise des r\u00e9sultats et une manipulation facile. St\u00e9rilis\u00e9e et pr\u00eate \u00e0 l&#8217;emploi, elle r\u00e9duit les risques de contamination tout en assurant une compatibilit\u00e9 avec la plupart des \u00e9quipements standards. Robuste et fiable, cette microplaque facilite vos exp\u00e9riences et am\u00e9liore l&rsquo;efficacit\u00e9 de vos protocoles en laboratoire.<\/p>\n","protected":false},"excerpt":{"rendered":"<p>&nbsp;<\/p>\n<p><span style=\"color: #000000;\">Marque :<b> Olab<\/b>\u00a0<img loading=\"lazy\" decoding=\"async\" class=\"alignnone wp-image-1795\" src=\"https:\/\/store.microbiotech.dz\/wp-content\/uploads\/2022\/04\/China-Flag.png\" alt=\"\" width=\"37\" height=\"37\" srcset=\"https:\/\/store.microbiotech.dz\/wp-content\/uploads\/2022\/04\/China-Flag.png 224w, https:\/\/store.microbiotech.dz\/wp-content\/uploads\/2022\/04\/China-Flag-150x150.png 150w, https:\/\/store.microbiotech.dz\/wp-content\/uploads\/2022\/04\/China-Flag-100x100.png 100w\" sizes=\"auto, (max-width: 37px) 100vw, 37px\" \/><\/span><br \/>\n<span style=\"color: #000000;\">Couvercle : <strong>oui<\/strong><\/span><br \/>\n<span style=\"color: #000000;\">Date de p\u00e9remption : <strong>2029<\/strong><\/span><\/p>\n","protected":false},"featured_media":11575,"comment_status":"open","ping_status":"closed","template":"","meta":{"site-sidebar-layout":"default","site-content-layout":"default","ast-site-content-layout":"default","site-content-style":"default","site-sidebar-style":"default","ast-global-header-display":"","ast-banner-title-visibility":"","ast-main-header-display":"","ast-hfb-above-header-display":"","ast-hfb-below-header-display":"","ast-hfb-mobile-header-display":"","site-post-title":"","ast-breadcrumbs-content":"","ast-featured-img":"","footer-sml-layout":"","ast-disable-related-posts":"","theme-transparent-header-meta":"default","adv-header-id-meta":"","stick-header-meta":"","header-above-stick-meta":"","header-main-stick-meta":"","header-below-stick-meta":"","astra-migrate-meta-layouts":"set","ast-page-background-enabled":"default","ast-page-background-meta":{"desktop":{"background-color":"var(--ast-global-color-4)","background-image":"","background-repeat":"repeat","background-position":"center center","background-size":"auto","background-attachment":"scroll","background-type":"","background-media":"","overlay-type":"","overlay-color":"","overlay-opacity":"","overlay-gradient":""},"tablet":{"background-color":"","background-image":"","background-repeat":"repeat","background-position":"center center","background-size":"auto","background-attachment":"scroll","background-type":"","background-media":"","overlay-type":"","overlay-color":"","overlay-opacity":"","overlay-gradient":""},"mobile":{"background-color":"","background-image":"","background-repeat":"repeat","background-position":"center center","background-size":"auto","background-attachment":"scroll","background-type":"","background-media":"","overlay-type":"","overlay-color":"","overlay-opacity":"","overlay-gradient":""}},"ast-content-background-meta":{"desktop":{"background-color":"var(--ast-global-color-5)","background-image":"","background-repeat":"repeat","background-position":"center center","background-size":"auto","background-attachment":"scroll","background-type":"","background-media":"","overlay-type":"","overlay-color":"","overlay-opacity":"","overlay-gradient":""},"tablet":{"background-color":"var(--ast-global-color-5)","background-image":"","background-repeat":"repeat","background-position":"center center","background-size":"auto","background-attachment":"scroll","background-type":"","background-media":"","overlay-type":"","overlay-color":"","overlay-opacity":"","overlay-gradient":""},"mobile":{"background-color":"var(--ast-global-color-5)","background-image":"","background-repeat":"repeat","background-position":"center center","background-size":"auto","background-attachment":"scroll","background-type":"","background-media":"","overlay-type":"","overlay-color":"","overlay-opacity":"","overlay-gradient":""}},"jetpack_post_was_ever_published":false},"product_brand":[],"product_cat":[799,238],"product_tag":[3396,1806,2591,290,935,2625,1363],"class_list":{"0":"post-11572","1":"product","2":"type-product","3":"status-publish","4":"has-post-thumbnail","6":"product_cat-consommable-plast","7":"product_cat-equipements","8":"product_tag-avec-couvercle","9":"product_tag-f119","10":"product_tag-f149","11":"product_tag-fond-plat","12":"product_tag-microplaque","13":"product_tag-olab","14":"product_tag-plaque","15":"product_shipping_class-temperature-ambiante","16":"desktop-align-center","17":"tablet-align-left","18":"mobile-align-left","20":"first","21":"instock","22":"taxable","23":"shipping-taxable","24":"purchasable","25":"product-type-simple"},"yoast_head":"<!-- This site is optimized with the Yoast SEO plugin v27.4 - https:\/\/yoast.com\/product\/yoast-seo-wordpress\/ -->\n<title>Microplaque st\u00e9rile 96 puits \u00e0 fond plat avec couvercle OLAB - La Boutique en ligne<\/title>\n<meta name=\"description\" content=\"Robuste et fiable, cette Microplaque st\u00e9rile 96 puits \u00e0 fond plat avec couvercle OLAB facilite vos exp\u00e9riences et am\u00e9liore l&#039;efficacit\u00e9 de vos protocoles.\" \/>\n<meta name=\"robots\" content=\"index, follow, max-snippet:-1, max-image-preview:large, max-video-preview:-1\" \/>\n<link rel=\"canonical\" href=\"https:\/\/store.microbiotech.dz\/index.php\/produit\/microplaque-sterile-96-puits-a-fond-plat-avec-couvercle-olab\/\" \/>\n<meta property=\"og:locale\" content=\"fr_FR\" \/>\n<meta property=\"og:type\" content=\"article\" \/>\n<meta property=\"og:title\" content=\"Microplaque st\u00e9rile 96 puits \u00e0 fond plat avec couvercle OLAB - La Boutique en ligne\" \/>\n<meta property=\"og:description\" content=\"Robuste et fiable, cette Microplaque st\u00e9rile 96 puits \u00e0 fond plat avec couvercle OLAB facilite vos exp\u00e9riences et am\u00e9liore l&#039;efficacit\u00e9 de vos protocoles.\" \/>\n<meta property=\"og:url\" content=\"https:\/\/store.microbiotech.dz\/index.php\/produit\/microplaque-sterile-96-puits-a-fond-plat-avec-couvercle-olab\/\" \/>\n<meta property=\"og:site_name\" content=\"La Boutique en ligne\" \/>\n<meta property=\"article:publisher\" content=\"https:\/\/www.facebook.com\/MicroBiotech.dz\" \/>\n<meta property=\"article:modified_time\" content=\"2026-01-28T08:57:13+00:00\" \/>\n<meta property=\"og:image\" content=\"https:\/\/store.microbiotech.dz\/wp-content\/uploads\/2024\/10\/microplaque-fond-plat.webp\" \/>\n\t<meta property=\"og:image:width\" content=\"600\" \/>\n\t<meta property=\"og:image:height\" content=\"600\" \/>\n\t<meta property=\"og:image:type\" content=\"image\/webp\" \/>\n<meta name=\"twitter:card\" content=\"summary_large_image\" \/>\n<meta name=\"twitter:site\" content=\"@MicrobiotechD\" \/>\n<script type=\"application\/ld+json\" class=\"yoast-schema-graph\">{\"@context\":\"https:\\\/\\\/schema.org\",\"@graph\":[{\"@type\":\"WebPage\",\"@id\":\"https:\\\/\\\/store.microbiotech.dz\\\/index.php\\\/produit\\\/microplaque-sterile-96-puits-a-fond-plat-avec-couvercle-olab\\\/\",\"url\":\"https:\\\/\\\/store.microbiotech.dz\\\/index.php\\\/produit\\\/microplaque-sterile-96-puits-a-fond-plat-avec-couvercle-olab\\\/\",\"name\":\"Microplaque st\u00e9rile 96 puits \u00e0 fond plat avec couvercle OLAB - La Boutique en ligne\",\"isPartOf\":{\"@id\":\"https:\\\/\\\/store.microbiotech.dz\\\/#website\"},\"primaryImageOfPage\":{\"@id\":\"https:\\\/\\\/store.microbiotech.dz\\\/index.php\\\/produit\\\/microplaque-sterile-96-puits-a-fond-plat-avec-couvercle-olab\\\/#primaryimage\"},\"image\":{\"@id\":\"https:\\\/\\\/store.microbiotech.dz\\\/index.php\\\/produit\\\/microplaque-sterile-96-puits-a-fond-plat-avec-couvercle-olab\\\/#primaryimage\"},\"thumbnailUrl\":\"https:\\\/\\\/store.microbiotech.dz\\\/wp-content\\\/uploads\\\/2024\\\/10\\\/microplaque-fond-plat.webp\",\"datePublished\":\"2024-10-17T12:18:52+00:00\",\"dateModified\":\"2026-01-28T08:57:13+00:00\",\"description\":\"Robuste et fiable, cette Microplaque st\u00e9rile 96 puits \u00e0 fond plat avec couvercle OLAB facilite vos exp\u00e9riences et am\u00e9liore l'efficacit\u00e9 de vos protocoles.\",\"breadcrumb\":{\"@id\":\"https:\\\/\\\/store.microbiotech.dz\\\/index.php\\\/produit\\\/microplaque-sterile-96-puits-a-fond-plat-avec-couvercle-olab\\\/#breadcrumb\"},\"inLanguage\":\"fr-FR\",\"potentialAction\":[{\"@type\":\"ReadAction\",\"target\":[\"https:\\\/\\\/store.microbiotech.dz\\\/index.php\\\/produit\\\/microplaque-sterile-96-puits-a-fond-plat-avec-couvercle-olab\\\/\"]}]},{\"@type\":\"ImageObject\",\"inLanguage\":\"fr-FR\",\"@id\":\"https:\\\/\\\/store.microbiotech.dz\\\/index.php\\\/produit\\\/microplaque-sterile-96-puits-a-fond-plat-avec-couvercle-olab\\\/#primaryimage\",\"url\":\"https:\\\/\\\/store.microbiotech.dz\\\/wp-content\\\/uploads\\\/2024\\\/10\\\/microplaque-fond-plat.webp\",\"contentUrl\":\"https:\\\/\\\/store.microbiotech.dz\\\/wp-content\\\/uploads\\\/2024\\\/10\\\/microplaque-fond-plat.webp\",\"width\":600,\"height\":600,\"caption\":\"Microplaque st\u00e9rile 96 puits \u00e0 fond plat avec couvercle OLAB\"},{\"@type\":\"BreadcrumbList\",\"@id\":\"https:\\\/\\\/store.microbiotech.dz\\\/index.php\\\/produit\\\/microplaque-sterile-96-puits-a-fond-plat-avec-couvercle-olab\\\/#breadcrumb\",\"itemListElement\":[{\"@type\":\"ListItem\",\"position\":1,\"name\":\"Accueil\",\"item\":\"https:\\\/\\\/store.microbiotech.dz\\\/\"},{\"@type\":\"ListItem\",\"position\":2,\"name\":\"Nos Produits\",\"item\":\"https:\\\/\\\/store.microbiotech.dz\\\/index.php\\\/nos-produits\\\/\"},{\"@type\":\"ListItem\",\"position\":3,\"name\":\"Microplaque st\u00e9rile 96 puits \u00e0 fond plat avec couvercle OLAB\"}]},{\"@type\":\"WebSite\",\"@id\":\"https:\\\/\\\/store.microbiotech.dz\\\/#website\",\"url\":\"https:\\\/\\\/store.microbiotech.dz\\\/\",\"name\":\"La Boutique en ligne\",\"description\":\"Qualit\u00e9 - Rapidit\u00e9 - Tranquillit\u00e9\",\"publisher\":{\"@id\":\"https:\\\/\\\/store.microbiotech.dz\\\/#organization\"},\"potentialAction\":[{\"@type\":\"SearchAction\",\"target\":{\"@type\":\"EntryPoint\",\"urlTemplate\":\"https:\\\/\\\/store.microbiotech.dz\\\/?s={search_term_string}\"},\"query-input\":{\"@type\":\"PropertyValueSpecification\",\"valueRequired\":true,\"valueName\":\"search_term_string\"}}],\"inLanguage\":\"fr-FR\"},{\"@type\":\"Organization\",\"@id\":\"https:\\\/\\\/store.microbiotech.dz\\\/#organization\",\"name\":\"Microbiotech EURL\",\"url\":\"https:\\\/\\\/store.microbiotech.dz\\\/\",\"logo\":{\"@type\":\"ImageObject\",\"inLanguage\":\"fr-FR\",\"@id\":\"https:\\\/\\\/store.microbiotech.dz\\\/#\\\/schema\\\/logo\\\/image\\\/\",\"url\":\"https:\\\/\\\/store.microbiotech.dz\\\/wp-content\\\/uploads\\\/2021\\\/09\\\/cropped-logo-microbiotech-2.jpg\",\"contentUrl\":\"https:\\\/\\\/store.microbiotech.dz\\\/wp-content\\\/uploads\\\/2021\\\/09\\\/cropped-logo-microbiotech-2.jpg\",\"width\":815,\"height\":586,\"caption\":\"Microbiotech EURL\"},\"image\":{\"@id\":\"https:\\\/\\\/store.microbiotech.dz\\\/#\\\/schema\\\/logo\\\/image\\\/\"},\"sameAs\":[\"https:\\\/\\\/www.facebook.com\\\/MicroBiotech.dz\",\"https:\\\/\\\/x.com\\\/MicrobiotechD\",\"https:\\\/\\\/www.linkedin.com\\\/in\\\/microbiotech\\\/\",\"https:\\\/\\\/www.youtube.com\\\/channel\\\/UCTxc3VIiX7LXD2LQYfZEcDg\"]}]}<\/script>\n<!-- \/ Yoast SEO plugin. -->","yoast_head_json":{"title":"Microplaque st\u00e9rile 96 puits \u00e0 fond plat avec couvercle OLAB - La Boutique en ligne","description":"Robuste et fiable, cette Microplaque st\u00e9rile 96 puits \u00e0 fond plat avec couvercle OLAB facilite vos exp\u00e9riences et am\u00e9liore l'efficacit\u00e9 de vos protocoles.","robots":{"index":"index","follow":"follow","max-snippet":"max-snippet:-1","max-image-preview":"max-image-preview:large","max-video-preview":"max-video-preview:-1"},"canonical":"https:\/\/store.microbiotech.dz\/index.php\/produit\/microplaque-sterile-96-puits-a-fond-plat-avec-couvercle-olab\/","og_locale":"fr_FR","og_type":"article","og_title":"Microplaque st\u00e9rile 96 puits \u00e0 fond plat avec couvercle OLAB - La Boutique en ligne","og_description":"Robuste et fiable, cette Microplaque st\u00e9rile 96 puits \u00e0 fond plat avec couvercle OLAB facilite vos exp\u00e9riences et am\u00e9liore l'efficacit\u00e9 de vos protocoles.","og_url":"https:\/\/store.microbiotech.dz\/index.php\/produit\/microplaque-sterile-96-puits-a-fond-plat-avec-couvercle-olab\/","og_site_name":"La Boutique en ligne","article_publisher":"https:\/\/www.facebook.com\/MicroBiotech.dz","article_modified_time":"2026-01-28T08:57:13+00:00","og_image":[{"width":600,"height":600,"url":"https:\/\/store.microbiotech.dz\/wp-content\/uploads\/2024\/10\/microplaque-fond-plat.webp","type":"image\/webp"}],"twitter_card":"summary_large_image","twitter_site":"@MicrobiotechD","schema":{"@context":"https:\/\/schema.org","@graph":[{"@type":"WebPage","@id":"https:\/\/store.microbiotech.dz\/index.php\/produit\/microplaque-sterile-96-puits-a-fond-plat-avec-couvercle-olab\/","url":"https:\/\/store.microbiotech.dz\/index.php\/produit\/microplaque-sterile-96-puits-a-fond-plat-avec-couvercle-olab\/","name":"Microplaque st\u00e9rile 96 puits \u00e0 fond plat avec couvercle OLAB - La Boutique en ligne","isPartOf":{"@id":"https:\/\/store.microbiotech.dz\/#website"},"primaryImageOfPage":{"@id":"https:\/\/store.microbiotech.dz\/index.php\/produit\/microplaque-sterile-96-puits-a-fond-plat-avec-couvercle-olab\/#primaryimage"},"image":{"@id":"https:\/\/store.microbiotech.dz\/index.php\/produit\/microplaque-sterile-96-puits-a-fond-plat-avec-couvercle-olab\/#primaryimage"},"thumbnailUrl":"https:\/\/store.microbiotech.dz\/wp-content\/uploads\/2024\/10\/microplaque-fond-plat.webp","datePublished":"2024-10-17T12:18:52+00:00","dateModified":"2026-01-28T08:57:13+00:00","description":"Robuste et fiable, cette Microplaque st\u00e9rile 96 puits \u00e0 fond plat avec couvercle OLAB facilite vos exp\u00e9riences et am\u00e9liore l'efficacit\u00e9 de vos protocoles.","breadcrumb":{"@id":"https:\/\/store.microbiotech.dz\/index.php\/produit\/microplaque-sterile-96-puits-a-fond-plat-avec-couvercle-olab\/#breadcrumb"},"inLanguage":"fr-FR","potentialAction":[{"@type":"ReadAction","target":["https:\/\/store.microbiotech.dz\/index.php\/produit\/microplaque-sterile-96-puits-a-fond-plat-avec-couvercle-olab\/"]}]},{"@type":"ImageObject","inLanguage":"fr-FR","@id":"https:\/\/store.microbiotech.dz\/index.php\/produit\/microplaque-sterile-96-puits-a-fond-plat-avec-couvercle-olab\/#primaryimage","url":"https:\/\/store.microbiotech.dz\/wp-content\/uploads\/2024\/10\/microplaque-fond-plat.webp","contentUrl":"https:\/\/store.microbiotech.dz\/wp-content\/uploads\/2024\/10\/microplaque-fond-plat.webp","width":600,"height":600,"caption":"Microplaque st\u00e9rile 96 puits \u00e0 fond plat avec couvercle OLAB"},{"@type":"BreadcrumbList","@id":"https:\/\/store.microbiotech.dz\/index.php\/produit\/microplaque-sterile-96-puits-a-fond-plat-avec-couvercle-olab\/#breadcrumb","itemListElement":[{"@type":"ListItem","position":1,"name":"Accueil","item":"https:\/\/store.microbiotech.dz\/"},{"@type":"ListItem","position":2,"name":"Nos Produits","item":"https:\/\/store.microbiotech.dz\/index.php\/nos-produits\/"},{"@type":"ListItem","position":3,"name":"Microplaque st\u00e9rile 96 puits \u00e0 fond plat avec couvercle OLAB"}]},{"@type":"WebSite","@id":"https:\/\/store.microbiotech.dz\/#website","url":"https:\/\/store.microbiotech.dz\/","name":"La Boutique en ligne","description":"Qualit\u00e9 - Rapidit\u00e9 - Tranquillit\u00e9","publisher":{"@id":"https:\/\/store.microbiotech.dz\/#organization"},"potentialAction":[{"@type":"SearchAction","target":{"@type":"EntryPoint","urlTemplate":"https:\/\/store.microbiotech.dz\/?s={search_term_string}"},"query-input":{"@type":"PropertyValueSpecification","valueRequired":true,"valueName":"search_term_string"}}],"inLanguage":"fr-FR"},{"@type":"Organization","@id":"https:\/\/store.microbiotech.dz\/#organization","name":"Microbiotech EURL","url":"https:\/\/store.microbiotech.dz\/","logo":{"@type":"ImageObject","inLanguage":"fr-FR","@id":"https:\/\/store.microbiotech.dz\/#\/schema\/logo\/image\/","url":"https:\/\/store.microbiotech.dz\/wp-content\/uploads\/2021\/09\/cropped-logo-microbiotech-2.jpg","contentUrl":"https:\/\/store.microbiotech.dz\/wp-content\/uploads\/2021\/09\/cropped-logo-microbiotech-2.jpg","width":815,"height":586,"caption":"Microbiotech EURL"},"image":{"@id":"https:\/\/store.microbiotech.dz\/#\/schema\/logo\/image\/"},"sameAs":["https:\/\/www.facebook.com\/MicroBiotech.dz","https:\/\/x.com\/MicrobiotechD","https:\/\/www.linkedin.com\/in\/microbiotech\/","https:\/\/www.youtube.com\/channel\/UCTxc3VIiX7LXD2LQYfZEcDg"]}]}},"jetpack_sharing_enabled":true,"_links":{"self":[{"href":"https:\/\/store.microbiotech.dz\/index.php\/wp-json\/wp\/v2\/product\/11572","targetHints":{"allow":["GET"]}}],"collection":[{"href":"https:\/\/store.microbiotech.dz\/index.php\/wp-json\/wp\/v2\/product"}],"about":[{"href":"https:\/\/store.microbiotech.dz\/index.php\/wp-json\/wp\/v2\/types\/product"}],"replies":[{"embeddable":true,"href":"https:\/\/store.microbiotech.dz\/index.php\/wp-json\/wp\/v2\/comments?post=11572"}],"wp:featuredmedia":[{"embeddable":true,"href":"https:\/\/store.microbiotech.dz\/index.php\/wp-json\/wp\/v2\/media\/11575"}],"wp:attachment":[{"href":"https:\/\/store.microbiotech.dz\/index.php\/wp-json\/wp\/v2\/media?parent=11572"}],"wp:term":[{"taxonomy":"product_brand","embeddable":true,"href":"https:\/\/store.microbiotech.dz\/index.php\/wp-json\/wp\/v2\/product_brand?post=11572"},{"taxonomy":"product_cat","embeddable":true,"href":"https:\/\/store.microbiotech.dz\/index.php\/wp-json\/wp\/v2\/product_cat?post=11572"},{"taxonomy":"product_tag","embeddable":true,"href":"https:\/\/store.microbiotech.dz\/index.php\/wp-json\/wp\/v2\/product_tag?post=11572"}],"curies":[{"name":"wp","href":"https:\/\/api.w.org\/{rel}","templated":true}]}}