{"id":1148,"date":"2021-12-22T11:32:37","date_gmt":"2021-12-22T10:32:37","guid":{"rendered":"https:\/\/store.microbiotech.dz\/?post_type=product&#038;p=1148"},"modified":"2025-05-05T12:24:49","modified_gmt":"2025-05-05T11:24:49","slug":"bouillon-schubert","status":"publish","type":"product","link":"https:\/\/store.microbiotech.dz\/index.php\/produit\/bouillon-schubert\/","title":{"rendered":"Bouillon Schubert avec cloche"},"content":{"rendered":"<p>Le bouillon Schubert est utilis\u00e9 pour confirmer la pr\u00e9sence de coliformes et d&rsquo;Escherichia coli. Des tests biochimiques sont effectu\u00e9s dans le m\u00eame tube : fermentation productive de mannitol et d&rsquo;indole, ce qui permet un gain de temps, d&rsquo;espace et <span style=\"font-size: 16px; font-style: normal; font-weight: 400;\">de manipulations<\/span><span style=\"font-size: 16px;\">. Les tubes \u00e0 turbidit\u00e9 associ\u00e9s \u00e0 la production de gaz sont <\/span>consid\u00e9r\u00e9 comme positif.<\/p>\n","protected":false},"excerpt":{"rendered":"<h6><span style=\"color: #ff0000;\"><strong>P\u00e9remption : 1 an apr\u00e8s fabrication<\/strong><\/span><\/h6>\n<h6><\/h6>\n<h6><span style=\"color: #ff0000;\">Important :<\/span>\u00a0Volume 180ml disponible temporairement dans des flacons ambr\u00e9s (marron)<\/h6>\n<h4><\/h4>\n<p><strong>La quantit\u00e9 minimum\u00a0<\/strong>de vente (L\u2019unit\u00e9 de vente) est de un pack de 10 tubes\/ 6 Flacons<\/p>\n<p><strong>\u2013 Produit certifi\u00e9<\/strong>\u00a0(Certificat \u00e0 la demande)<\/p>\n<p><strong>\u2013<\/strong>\u00a0<strong>Mati\u00e8re premi\u00e8re<\/strong>\u00a0(fiche technique) :<\/p>\n<ul>\n<li style=\"list-style-type: none;\">\n<ul>\n<li><a href=\"https:\/\/www.condalab.com\/int\/en\/index.php?controller=attachment&amp;id_attachment=8628\">CONDA R\u00e9f: 1282.00<\/a><\/li>\n<li><a href=\"https:\/\/store.microbiotech.dz\/wp-content\/uploads\/2021\/12\/Fiche-technique-Eau-type2.pdf\">Eau de type 2 (Conductivit\u00e9&lt; 1 \u00b5S\/cm, COT&lt; 30 ppb, Bact\u00e9rie&lt; 10ufc\/ml, Particules&lt; 1u\/ml, Pyrog\u00e8nes&lt; 0.001EU\/ml)<\/a><\/li>\n<\/ul>\n<\/li>\n<\/ul>\n<p><strong>\u2013 Emballage :<\/strong><\/p>\n<table style=\"height: 236px;\" width=\"757\">\n<tbody>\n<tr>\n<td width=\"307\"><strong>Tube<\/strong><\/td>\n<td width=\"307\"><strong>Flacon<\/strong><\/td>\n<\/tr>\n<tr>\n<td width=\"307\">\n<ul>\n<li>Tube \u00e0 Essai 23 ml avec Cloche de Durham<\/li>\n<li>Capsule en aluminium.<\/li>\n<li>\u00c9tiquette thermique.<\/li>\n<li>Pack de 10 ou 20 tubes\/ Barquette de 50 Tubes \/ Barquette 250 Tubes<\/li>\n<\/ul>\n<p>&nbsp;<\/td>\n<td width=\"307\">\n<ul>\n<li>Flacon en verre sodocalcique avec Cloche du Durham<\/li>\n<li>Capsule en aluminium avec opercule en PP et un anneau d\u2019inviolabilit\u00e9<\/li>\n<li>\u00c9tiquette en PP imprim\u00e9 en r\u00e9sine<\/li>\n<li>Pack de 6 flacons \/ carton de 6 fardeaux<\/li>\n<\/ul>\n<\/td>\n<\/tr>\n<\/tbody>\n<\/table>\n","protected":false},"featured_media":1153,"comment_status":"open","ping_status":"closed","template":"","meta":{"site-sidebar-layout":"default","site-content-layout":"default","ast-site-content-layout":"default","site-content-style":"default","site-sidebar-style":"default","ast-global-header-display":"","ast-banner-title-visibility":"","ast-main-header-display":"","ast-hfb-above-header-display":"","ast-hfb-below-header-display":"","ast-hfb-mobile-header-display":"","site-post-title":"","ast-breadcrumbs-content":"","ast-featured-img":"","footer-sml-layout":"","ast-disable-related-posts":"","theme-transparent-header-meta":"default","adv-header-id-meta":"","stick-header-meta":"","header-above-stick-meta":"","header-main-stick-meta":"","header-below-stick-meta":"","astra-migrate-meta-layouts":"set","ast-page-background-enabled":"default","ast-page-background-meta":{"desktop":{"background-color":"var(--ast-global-color-4)","background-image":"","background-repeat":"repeat","background-position":"center center","background-size":"auto","background-attachment":"scroll","background-type":"","background-media":"","overlay-type":"","overlay-color":"","overlay-opacity":"","overlay-gradient":""},"tablet":{"background-color":"","background-image":"","background-repeat":"repeat","background-position":"center center","background-size":"auto","background-attachment":"scroll","background-type":"","background-media":"","overlay-type":"","overlay-color":"","overlay-opacity":"","overlay-gradient":""},"mobile":{"background-color":"","background-image":"","background-repeat":"repeat","background-position":"center center","background-size":"auto","background-attachment":"scroll","background-type":"","background-media":"","overlay-type":"","overlay-color":"","overlay-opacity":"","overlay-gradient":""}},"ast-content-background-meta":{"desktop":{"background-color":"var(--ast-global-color-5)","background-image":"","background-repeat":"repeat","background-position":"center center","background-size":"auto","background-attachment":"scroll","background-type":"","background-media":"","overlay-type":"","overlay-color":"","overlay-opacity":"","overlay-gradient":""},"tablet":{"background-color":"var(--ast-global-color-5)","background-image":"","background-repeat":"repeat","background-position":"center center","background-size":"auto","background-attachment":"scroll","background-type":"","background-media":"","overlay-type":"","overlay-color":"","overlay-opacity":"","overlay-gradient":""},"mobile":{"background-color":"var(--ast-global-color-5)","background-image":"","background-repeat":"repeat","background-position":"center center","background-size":"auto","background-attachment":"scroll","background-type":"","background-media":"","overlay-type":"","overlay-color":"","overlay-opacity":"","overlay-gradient":""}}},"product_brand":[],"product_cat":[29,82,26],"product_tag":[49,402,388,75,219,364,403],"class_list":{"0":"post-1148","1":"product","2":"type-product","3":"status-publish","4":"has-post-thumbnail","6":"product_cat-bouillons","7":"product_cat-bouillons-hydrates","8":"product_cat-milieux-de-cultures","9":"product_tag-bouillon","10":"product_tag-bouillon-schubert","11":"product_tag-cloche","12":"product_tag-coliformes","13":"product_tag-escherichia-coli","14":"product_tag-microbiotech","15":"product_tag-schubert","16":"desktop-align-center","17":"tablet-align-left","18":"mobile-align-left","20":"first","21":"onbackorder","22":"taxable","23":"shipping-taxable","24":"purchasable","25":"product-type-variable"},"yoast_head":"<!-- This site is optimized with the Yoast SEO plugin v27.5 - https:\/\/yoast.com\/product\/yoast-seo-wordpress\/ -->\n<title>Bouillon Schubert avec cloche - La Boutique en ligne<\/title>\n<meta name=\"description\" content=\"Le bouillon Schubert est utilis\u00e9 pour confirmer la pr\u00e9sence de coliformes et d&#039;Escherichia coli. Des tests biochimiques sont effectu\u00e9s dans le m\u00eame tube : fermentation productive de mannitol et d&#039;indole, ce qui permet un gain de temps, d&#039;espace et de manipulations. Les tubes \u00e0 turbidit\u00e9 associ\u00e9s \u00e0 la production de gaz sont consid\u00e9r\u00e9 comme positif.\" \/>\n<meta name=\"robots\" content=\"index, follow, max-snippet:-1, max-image-preview:large, max-video-preview:-1\" \/>\n<link rel=\"canonical\" href=\"https:\/\/store.microbiotech.dz\/index.php\/produit\/bouillon-schubert\/\" \/>\n<meta property=\"og:locale\" content=\"fr_FR\" \/>\n<meta property=\"og:type\" content=\"article\" \/>\n<meta property=\"og:title\" content=\"Bouillon Schubert avec cloche - La Boutique en ligne\" \/>\n<meta property=\"og:description\" content=\"Le bouillon Schubert est utilis\u00e9 pour confirmer la pr\u00e9sence de coliformes et d&#039;Escherichia coli. Des tests biochimiques sont effectu\u00e9s dans le m\u00eame tube : fermentation productive de mannitol et d&#039;indole, ce qui permet un gain de temps, d&#039;espace et de manipulations. Les tubes \u00e0 turbidit\u00e9 associ\u00e9s \u00e0 la production de gaz sont consid\u00e9r\u00e9 comme positif.\" \/>\n<meta property=\"og:url\" content=\"https:\/\/store.microbiotech.dz\/index.php\/produit\/bouillon-schubert\/\" \/>\n<meta property=\"og:site_name\" content=\"La Boutique en ligne\" \/>\n<meta property=\"article:publisher\" content=\"https:\/\/www.facebook.com\/MicroBiotech.dz\" \/>\n<meta property=\"article:modified_time\" content=\"2025-05-05T11:24:49+00:00\" \/>\n<meta property=\"og:image\" content=\"https:\/\/store.microbiotech.dz\/wp-content\/uploads\/2021\/12\/Schubert-cloche-10ml.png\" \/>\n\t<meta property=\"og:image:width\" content=\"600\" \/>\n\t<meta property=\"og:image:height\" content=\"800\" \/>\n\t<meta property=\"og:image:type\" content=\"image\/png\" \/>\n<meta name=\"twitter:card\" content=\"summary_large_image\" \/>\n<meta name=\"twitter:site\" content=\"@MicrobiotechD\" \/>\n<script type=\"application\/ld+json\" class=\"yoast-schema-graph\">{\"@context\":\"https:\\\/\\\/schema.org\",\"@graph\":[{\"@type\":\"WebPage\",\"@id\":\"https:\\\/\\\/store.microbiotech.dz\\\/index.php\\\/produit\\\/bouillon-schubert\\\/\",\"url\":\"https:\\\/\\\/store.microbiotech.dz\\\/index.php\\\/produit\\\/bouillon-schubert\\\/\",\"name\":\"Bouillon Schubert avec cloche - La Boutique en ligne\",\"isPartOf\":{\"@id\":\"https:\\\/\\\/store.microbiotech.dz\\\/#website\"},\"primaryImageOfPage\":{\"@id\":\"https:\\\/\\\/store.microbiotech.dz\\\/index.php\\\/produit\\\/bouillon-schubert\\\/#primaryimage\"},\"image\":{\"@id\":\"https:\\\/\\\/store.microbiotech.dz\\\/index.php\\\/produit\\\/bouillon-schubert\\\/#primaryimage\"},\"thumbnailUrl\":\"https:\\\/\\\/store.microbiotech.dz\\\/wp-content\\\/uploads\\\/2021\\\/12\\\/Schubert-cloche-10ml.png\",\"datePublished\":\"2021-12-22T10:32:37+00:00\",\"dateModified\":\"2025-05-05T11:24:49+00:00\",\"description\":\"Le bouillon Schubert est utilis\u00e9 pour confirmer la pr\u00e9sence de coliformes et d'Escherichia coli. Des tests biochimiques sont effectu\u00e9s dans le m\u00eame tube : fermentation productive de mannitol et d'indole, ce qui permet un gain de temps, d'espace et de manipulations. Les tubes \u00e0 turbidit\u00e9 associ\u00e9s \u00e0 la production de gaz sont consid\u00e9r\u00e9 comme positif.\",\"breadcrumb\":{\"@id\":\"https:\\\/\\\/store.microbiotech.dz\\\/index.php\\\/produit\\\/bouillon-schubert\\\/#breadcrumb\"},\"inLanguage\":\"fr-FR\",\"potentialAction\":[{\"@type\":\"ReadAction\",\"target\":[\"https:\\\/\\\/store.microbiotech.dz\\\/index.php\\\/produit\\\/bouillon-schubert\\\/\"]}]},{\"@type\":\"ImageObject\",\"inLanguage\":\"fr-FR\",\"@id\":\"https:\\\/\\\/store.microbiotech.dz\\\/index.php\\\/produit\\\/bouillon-schubert\\\/#primaryimage\",\"url\":\"https:\\\/\\\/store.microbiotech.dz\\\/wp-content\\\/uploads\\\/2021\\\/12\\\/Schubert-cloche-10ml.png\",\"contentUrl\":\"https:\\\/\\\/store.microbiotech.dz\\\/wp-content\\\/uploads\\\/2021\\\/12\\\/Schubert-cloche-10ml.png\",\"width\":600,\"height\":800},{\"@type\":\"BreadcrumbList\",\"@id\":\"https:\\\/\\\/store.microbiotech.dz\\\/index.php\\\/produit\\\/bouillon-schubert\\\/#breadcrumb\",\"itemListElement\":[{\"@type\":\"ListItem\",\"position\":1,\"name\":\"Accueil\",\"item\":\"https:\\\/\\\/store.microbiotech.dz\\\/\"},{\"@type\":\"ListItem\",\"position\":2,\"name\":\"Nos Produits\",\"item\":\"https:\\\/\\\/store.microbiotech.dz\\\/index.php\\\/nos-produits\\\/\"},{\"@type\":\"ListItem\",\"position\":3,\"name\":\"Bouillon Schubert avec cloche\"}]},{\"@type\":\"WebSite\",\"@id\":\"https:\\\/\\\/store.microbiotech.dz\\\/#website\",\"url\":\"https:\\\/\\\/store.microbiotech.dz\\\/\",\"name\":\"La Boutique en ligne\",\"description\":\"Qualit\u00e9 - Rapidit\u00e9 - Tranquillit\u00e9\",\"publisher\":{\"@id\":\"https:\\\/\\\/store.microbiotech.dz\\\/#organization\"},\"potentialAction\":[{\"@type\":\"SearchAction\",\"target\":{\"@type\":\"EntryPoint\",\"urlTemplate\":\"https:\\\/\\\/store.microbiotech.dz\\\/?s={search_term_string}\"},\"query-input\":{\"@type\":\"PropertyValueSpecification\",\"valueRequired\":true,\"valueName\":\"search_term_string\"}}],\"inLanguage\":\"fr-FR\"},{\"@type\":\"Organization\",\"@id\":\"https:\\\/\\\/store.microbiotech.dz\\\/#organization\",\"name\":\"Microbiotech EURL\",\"url\":\"https:\\\/\\\/store.microbiotech.dz\\\/\",\"logo\":{\"@type\":\"ImageObject\",\"inLanguage\":\"fr-FR\",\"@id\":\"https:\\\/\\\/store.microbiotech.dz\\\/#\\\/schema\\\/logo\\\/image\\\/\",\"url\":\"https:\\\/\\\/store.microbiotech.dz\\\/wp-content\\\/uploads\\\/2021\\\/09\\\/cropped-logo-microbiotech-2.jpg\",\"contentUrl\":\"https:\\\/\\\/store.microbiotech.dz\\\/wp-content\\\/uploads\\\/2021\\\/09\\\/cropped-logo-microbiotech-2.jpg\",\"width\":815,\"height\":586,\"caption\":\"Microbiotech EURL\"},\"image\":{\"@id\":\"https:\\\/\\\/store.microbiotech.dz\\\/#\\\/schema\\\/logo\\\/image\\\/\"},\"sameAs\":[\"https:\\\/\\\/www.facebook.com\\\/MicroBiotech.dz\",\"https:\\\/\\\/x.com\\\/MicrobiotechD\",\"https:\\\/\\\/www.linkedin.com\\\/in\\\/microbiotech\\\/\",\"https:\\\/\\\/www.youtube.com\\\/channel\\\/UCTxc3VIiX7LXD2LQYfZEcDg\"]}]}<\/script>\n<!-- \/ Yoast SEO plugin. -->","yoast_head_json":{"title":"Bouillon Schubert avec cloche - La Boutique en ligne","description":"Le bouillon Schubert est utilis\u00e9 pour confirmer la pr\u00e9sence de coliformes et d'Escherichia coli. Des tests biochimiques sont effectu\u00e9s dans le m\u00eame tube : fermentation productive de mannitol et d'indole, ce qui permet un gain de temps, d'espace et de manipulations. Les tubes \u00e0 turbidit\u00e9 associ\u00e9s \u00e0 la production de gaz sont consid\u00e9r\u00e9 comme positif.","robots":{"index":"index","follow":"follow","max-snippet":"max-snippet:-1","max-image-preview":"max-image-preview:large","max-video-preview":"max-video-preview:-1"},"canonical":"https:\/\/store.microbiotech.dz\/index.php\/produit\/bouillon-schubert\/","og_locale":"fr_FR","og_type":"article","og_title":"Bouillon Schubert avec cloche - La Boutique en ligne","og_description":"Le bouillon Schubert est utilis\u00e9 pour confirmer la pr\u00e9sence de coliformes et d'Escherichia coli. Des tests biochimiques sont effectu\u00e9s dans le m\u00eame tube : fermentation productive de mannitol et d'indole, ce qui permet un gain de temps, d'espace et de manipulations. Les tubes \u00e0 turbidit\u00e9 associ\u00e9s \u00e0 la production de gaz sont consid\u00e9r\u00e9 comme positif.","og_url":"https:\/\/store.microbiotech.dz\/index.php\/produit\/bouillon-schubert\/","og_site_name":"La Boutique en ligne","article_publisher":"https:\/\/www.facebook.com\/MicroBiotech.dz","article_modified_time":"2025-05-05T11:24:49+00:00","og_image":[{"width":600,"height":800,"url":"https:\/\/store.microbiotech.dz\/wp-content\/uploads\/2021\/12\/Schubert-cloche-10ml.png","type":"image\/png"}],"twitter_card":"summary_large_image","twitter_site":"@MicrobiotechD","schema":{"@context":"https:\/\/schema.org","@graph":[{"@type":"WebPage","@id":"https:\/\/store.microbiotech.dz\/index.php\/produit\/bouillon-schubert\/","url":"https:\/\/store.microbiotech.dz\/index.php\/produit\/bouillon-schubert\/","name":"Bouillon Schubert avec cloche - La Boutique en ligne","isPartOf":{"@id":"https:\/\/store.microbiotech.dz\/#website"},"primaryImageOfPage":{"@id":"https:\/\/store.microbiotech.dz\/index.php\/produit\/bouillon-schubert\/#primaryimage"},"image":{"@id":"https:\/\/store.microbiotech.dz\/index.php\/produit\/bouillon-schubert\/#primaryimage"},"thumbnailUrl":"https:\/\/store.microbiotech.dz\/wp-content\/uploads\/2021\/12\/Schubert-cloche-10ml.png","datePublished":"2021-12-22T10:32:37+00:00","dateModified":"2025-05-05T11:24:49+00:00","description":"Le bouillon Schubert est utilis\u00e9 pour confirmer la pr\u00e9sence de coliformes et d'Escherichia coli. Des tests biochimiques sont effectu\u00e9s dans le m\u00eame tube : fermentation productive de mannitol et d'indole, ce qui permet un gain de temps, d'espace et de manipulations. Les tubes \u00e0 turbidit\u00e9 associ\u00e9s \u00e0 la production de gaz sont consid\u00e9r\u00e9 comme positif.","breadcrumb":{"@id":"https:\/\/store.microbiotech.dz\/index.php\/produit\/bouillon-schubert\/#breadcrumb"},"inLanguage":"fr-FR","potentialAction":[{"@type":"ReadAction","target":["https:\/\/store.microbiotech.dz\/index.php\/produit\/bouillon-schubert\/"]}]},{"@type":"ImageObject","inLanguage":"fr-FR","@id":"https:\/\/store.microbiotech.dz\/index.php\/produit\/bouillon-schubert\/#primaryimage","url":"https:\/\/store.microbiotech.dz\/wp-content\/uploads\/2021\/12\/Schubert-cloche-10ml.png","contentUrl":"https:\/\/store.microbiotech.dz\/wp-content\/uploads\/2021\/12\/Schubert-cloche-10ml.png","width":600,"height":800},{"@type":"BreadcrumbList","@id":"https:\/\/store.microbiotech.dz\/index.php\/produit\/bouillon-schubert\/#breadcrumb","itemListElement":[{"@type":"ListItem","position":1,"name":"Accueil","item":"https:\/\/store.microbiotech.dz\/"},{"@type":"ListItem","position":2,"name":"Nos Produits","item":"https:\/\/store.microbiotech.dz\/index.php\/nos-produits\/"},{"@type":"ListItem","position":3,"name":"Bouillon Schubert avec cloche"}]},{"@type":"WebSite","@id":"https:\/\/store.microbiotech.dz\/#website","url":"https:\/\/store.microbiotech.dz\/","name":"La Boutique en ligne","description":"Qualit\u00e9 - Rapidit\u00e9 - Tranquillit\u00e9","publisher":{"@id":"https:\/\/store.microbiotech.dz\/#organization"},"potentialAction":[{"@type":"SearchAction","target":{"@type":"EntryPoint","urlTemplate":"https:\/\/store.microbiotech.dz\/?s={search_term_string}"},"query-input":{"@type":"PropertyValueSpecification","valueRequired":true,"valueName":"search_term_string"}}],"inLanguage":"fr-FR"},{"@type":"Organization","@id":"https:\/\/store.microbiotech.dz\/#organization","name":"Microbiotech EURL","url":"https:\/\/store.microbiotech.dz\/","logo":{"@type":"ImageObject","inLanguage":"fr-FR","@id":"https:\/\/store.microbiotech.dz\/#\/schema\/logo\/image\/","url":"https:\/\/store.microbiotech.dz\/wp-content\/uploads\/2021\/09\/cropped-logo-microbiotech-2.jpg","contentUrl":"https:\/\/store.microbiotech.dz\/wp-content\/uploads\/2021\/09\/cropped-logo-microbiotech-2.jpg","width":815,"height":586,"caption":"Microbiotech EURL"},"image":{"@id":"https:\/\/store.microbiotech.dz\/#\/schema\/logo\/image\/"},"sameAs":["https:\/\/www.facebook.com\/MicroBiotech.dz","https:\/\/x.com\/MicrobiotechD","https:\/\/www.linkedin.com\/in\/microbiotech\/","https:\/\/www.youtube.com\/channel\/UCTxc3VIiX7LXD2LQYfZEcDg"]}]}},"jetpack_sharing_enabled":true,"_links":{"self":[{"href":"https:\/\/store.microbiotech.dz\/index.php\/wp-json\/wp\/v2\/product\/1148","targetHints":{"allow":["GET"]}}],"collection":[{"href":"https:\/\/store.microbiotech.dz\/index.php\/wp-json\/wp\/v2\/product"}],"about":[{"href":"https:\/\/store.microbiotech.dz\/index.php\/wp-json\/wp\/v2\/types\/product"}],"replies":[{"embeddable":true,"href":"https:\/\/store.microbiotech.dz\/index.php\/wp-json\/wp\/v2\/comments?post=1148"}],"wp:featuredmedia":[{"embeddable":true,"href":"https:\/\/store.microbiotech.dz\/index.php\/wp-json\/wp\/v2\/media\/1153"}],"wp:attachment":[{"href":"https:\/\/store.microbiotech.dz\/index.php\/wp-json\/wp\/v2\/media?parent=1148"}],"wp:term":[{"taxonomy":"product_brand","embeddable":true,"href":"https:\/\/store.microbiotech.dz\/index.php\/wp-json\/wp\/v2\/product_brand?post=1148"},{"taxonomy":"product_cat","embeddable":true,"href":"https:\/\/store.microbiotech.dz\/index.php\/wp-json\/wp\/v2\/product_cat?post=1148"},{"taxonomy":"product_tag","embeddable":true,"href":"https:\/\/store.microbiotech.dz\/index.php\/wp-json\/wp\/v2\/product_tag?post=1148"}],"curies":[{"name":"wp","href":"https:\/\/api.w.org\/{rel}","templated":true}]}}