{"id":11155,"date":"2024-09-23T09:18:33","date_gmt":"2024-09-23T08:18:33","guid":{"rendered":"https:\/\/store.microbiotech.dz\/?post_type=product&#038;p=11155"},"modified":"2025-01-21T11:10:08","modified_gmt":"2025-01-21T10:10:08","slug":"blouse-medicale-isacco","status":"publish","type":"product","link":"https:\/\/store.microbiotech.dz\/index.php\/produit\/blouse-medicale-isacco\/","title":{"rendered":"Blouse m\u00e9dicale Isacco"},"content":{"rendered":"<p>D\u00e9couvrez la <a href=\"https:\/\/store.microbiotech.dz\/?s=blouse\" target=\"_blank\" rel=\"noopener\">Blouse<\/a> m\u00e9dicale Isacco \u00e0 manches longues pour b\u00e9n\u00e9ficier d&rsquo;un confort in\u00e9galable. Avec son col type chemisier et une fermeture avec boutons \u00e0 pression, cette blouse en coton de haute qualit\u00e9 vous assure une long\u00e9vit\u00e9 prolong\u00e9e et un aspect impeccable lavage apr\u00e8s lavage.<\/p>\n<p>Id\u00e9ale pour les professionnels de la sant\u00e9, la blouse m\u00e9dicale Isacco vous offrira une protection fiable tout au long de la journ\u00e9e.<\/p>\n<p>&nbsp;<\/p>\n","protected":false},"excerpt":{"rendered":"<p>&nbsp;<\/p>\n<p>Marque : <strong>Isacco<\/strong><b><strong><img loading=\"lazy\" decoding=\"async\" class=\"alignnone wp-image-5529\" src=\"https:\/\/store.microbiotech.dz\/wp-content\/uploads\/2023\/09\/15943523-le-drapeau-italien-sous-la-forme-d-une-icone-de-papier-glace-removebg-preview-300x300.png\" sizes=\"auto, (max-width: 42px) 100vw, 42px\" srcset=\"https:\/\/store.microbiotech.dz\/wp-content\/uploads\/2023\/09\/15943523-le-drapeau-italien-sous-la-forme-d-une-icone-de-papier-glace-removebg-preview-300x300.png 300w, https:\/\/store.microbiotech.dz\/wp-content\/uploads\/2023\/09\/15943523-le-drapeau-italien-sous-la-forme-d-une-icone-de-papier-glace-removebg-preview-150x150.png 150w, https:\/\/store.microbiotech.dz\/wp-content\/uploads\/2023\/09\/15943523-le-drapeau-italien-sous-la-forme-d-une-icone-de-papier-glace-removebg-preview-100x100.png 100w, https:\/\/store.microbiotech.dz\/wp-content\/uploads\/2023\/09\/15943523-le-drapeau-italien-sous-la-forme-d-une-icone-de-papier-glace-removebg-preview.png 450w\" alt=\"\" width=\"42\" height=\"42\" \/><\/strong><\/b><br \/>\nManches : <strong>longues<\/strong><br \/>\nMat\u00e9riau : <strong>coton<\/strong><\/p>\n","protected":false},"featured_media":11170,"comment_status":"open","ping_status":"closed","template":"","meta":{"site-sidebar-layout":"default","site-content-layout":"","ast-site-content-layout":"default","site-content-style":"default","site-sidebar-style":"default","ast-global-header-display":"","ast-banner-title-visibility":"","ast-main-header-display":"","ast-hfb-above-header-display":"","ast-hfb-below-header-display":"","ast-hfb-mobile-header-display":"","site-post-title":"","ast-breadcrumbs-content":"","ast-featured-img":"","footer-sml-layout":"","ast-disable-related-posts":"","theme-transparent-header-meta":"default","adv-header-id-meta":"","stick-header-meta":"","header-above-stick-meta":"","header-main-stick-meta":"","header-below-stick-meta":"","astra-migrate-meta-layouts":"set","ast-page-background-enabled":"default","ast-page-background-meta":{"desktop":{"background-color":"var(--ast-global-color-4)","background-image":"","background-repeat":"repeat","background-position":"center center","background-size":"auto","background-attachment":"scroll","background-type":"","background-media":"","overlay-type":"","overlay-color":"","overlay-opacity":"","overlay-gradient":""},"tablet":{"background-color":"","background-image":"","background-repeat":"repeat","background-position":"center center","background-size":"auto","background-attachment":"scroll","background-type":"","background-media":"","overlay-type":"","overlay-color":"","overlay-opacity":"","overlay-gradient":""},"mobile":{"background-color":"","background-image":"","background-repeat":"repeat","background-position":"center center","background-size":"auto","background-attachment":"scroll","background-type":"","background-media":"","overlay-type":"","overlay-color":"","overlay-opacity":"","overlay-gradient":""}},"ast-content-background-meta":{"desktop":{"background-color":"var(--ast-global-color-5)","background-image":"","background-repeat":"repeat","background-position":"center center","background-size":"auto","background-attachment":"scroll","background-type":"","background-media":"","overlay-type":"","overlay-color":"","overlay-opacity":"","overlay-gradient":""},"tablet":{"background-color":"var(--ast-global-color-5)","background-image":"","background-repeat":"repeat","background-position":"center center","background-size":"auto","background-attachment":"scroll","background-type":"","background-media":"","overlay-type":"","overlay-color":"","overlay-opacity":"","overlay-gradient":""},"mobile":{"background-color":"var(--ast-global-color-5)","background-image":"","background-repeat":"repeat","background-position":"center center","background-size":"auto","background-attachment":"scroll","background-type":"","background-media":"","overlay-type":"","overlay-color":"","overlay-opacity":"","overlay-gradient":""}},"jetpack_post_was_ever_published":false},"product_brand":[],"product_cat":[238,2136],"product_tag":[1761,2349,1062,1762],"class_list":{"0":"post-11155","1":"product","2":"type-product","3":"status-publish","4":"has-post-thumbnail","6":"product_cat-equipements","7":"product_cat-habillement","8":"product_tag-blouse","9":"product_tag-f142","10":"product_tag-protection","11":"product_tag-tablier","12":"desktop-align-center","13":"tablet-align-left","14":"mobile-align-left","16":"first","17":"instock","18":"taxable","19":"shipping-taxable","20":"purchasable","21":"product-type-variable"},"yoast_head":"<!-- This site is optimized with the Yoast SEO plugin v27.4 - https:\/\/yoast.com\/product\/yoast-seo-wordpress\/ -->\n<title>Blouse m\u00e9dicale Isacco - La Boutique en ligne<\/title>\n<meta name=\"description\" content=\"Blouse m\u00e9dicale\u00a0Isacco pour assurer un port agr\u00e9able et confortable pendant les longues heures de travail au meilleur prix !\" \/>\n<meta name=\"robots\" content=\"index, follow, max-snippet:-1, max-image-preview:large, max-video-preview:-1\" \/>\n<link rel=\"canonical\" href=\"https:\/\/store.microbiotech.dz\/index.php\/produit\/blouse-medicale-isacco\/\" \/>\n<meta property=\"og:locale\" content=\"fr_FR\" \/>\n<meta property=\"og:type\" content=\"article\" \/>\n<meta property=\"og:title\" content=\"Blouse m\u00e9dicale Isacco - La Boutique en ligne\" \/>\n<meta property=\"og:description\" content=\"Blouse m\u00e9dicale\u00a0Isacco pour assurer un port agr\u00e9able et confortable pendant les longues heures de travail au meilleur prix !\" \/>\n<meta property=\"og:url\" content=\"https:\/\/store.microbiotech.dz\/index.php\/produit\/blouse-medicale-isacco\/\" \/>\n<meta property=\"og:site_name\" content=\"La Boutique en ligne\" \/>\n<meta property=\"article:publisher\" content=\"https:\/\/www.facebook.com\/MicroBiotech.dz\" \/>\n<meta property=\"article:modified_time\" content=\"2025-01-21T10:10:08+00:00\" \/>\n<meta property=\"og:image\" content=\"https:\/\/store.microbiotech.dz\/wp-content\/uploads\/2024\/09\/isacco.webp\" \/>\n\t<meta property=\"og:image:width\" content=\"600\" \/>\n\t<meta property=\"og:image:height\" content=\"600\" \/>\n\t<meta property=\"og:image:type\" content=\"image\/webp\" \/>\n<meta name=\"twitter:card\" content=\"summary_large_image\" \/>\n<meta name=\"twitter:site\" content=\"@MicrobiotechD\" \/>\n<script type=\"application\/ld+json\" class=\"yoast-schema-graph\">{\"@context\":\"https:\\\/\\\/schema.org\",\"@graph\":[{\"@type\":\"WebPage\",\"@id\":\"https:\\\/\\\/store.microbiotech.dz\\\/index.php\\\/produit\\\/blouse-medicale-isacco\\\/\",\"url\":\"https:\\\/\\\/store.microbiotech.dz\\\/index.php\\\/produit\\\/blouse-medicale-isacco\\\/\",\"name\":\"Blouse m\u00e9dicale Isacco - La Boutique en ligne\",\"isPartOf\":{\"@id\":\"https:\\\/\\\/store.microbiotech.dz\\\/#website\"},\"primaryImageOfPage\":{\"@id\":\"https:\\\/\\\/store.microbiotech.dz\\\/index.php\\\/produit\\\/blouse-medicale-isacco\\\/#primaryimage\"},\"image\":{\"@id\":\"https:\\\/\\\/store.microbiotech.dz\\\/index.php\\\/produit\\\/blouse-medicale-isacco\\\/#primaryimage\"},\"thumbnailUrl\":\"https:\\\/\\\/store.microbiotech.dz\\\/wp-content\\\/uploads\\\/2024\\\/09\\\/isacco.webp\",\"datePublished\":\"2024-09-23T08:18:33+00:00\",\"dateModified\":\"2025-01-21T10:10:08+00:00\",\"description\":\"Blouse m\u00e9dicale\u00a0Isacco pour assurer un port agr\u00e9able et confortable pendant les longues heures de travail au meilleur prix !\",\"breadcrumb\":{\"@id\":\"https:\\\/\\\/store.microbiotech.dz\\\/index.php\\\/produit\\\/blouse-medicale-isacco\\\/#breadcrumb\"},\"inLanguage\":\"fr-FR\",\"potentialAction\":[{\"@type\":\"ReadAction\",\"target\":[\"https:\\\/\\\/store.microbiotech.dz\\\/index.php\\\/produit\\\/blouse-medicale-isacco\\\/\"]}]},{\"@type\":\"ImageObject\",\"inLanguage\":\"fr-FR\",\"@id\":\"https:\\\/\\\/store.microbiotech.dz\\\/index.php\\\/produit\\\/blouse-medicale-isacco\\\/#primaryimage\",\"url\":\"https:\\\/\\\/store.microbiotech.dz\\\/wp-content\\\/uploads\\\/2024\\\/09\\\/isacco.webp\",\"contentUrl\":\"https:\\\/\\\/store.microbiotech.dz\\\/wp-content\\\/uploads\\\/2024\\\/09\\\/isacco.webp\",\"width\":600,\"height\":600,\"caption\":\"Blouse m\u00e9dicale Isacco\"},{\"@type\":\"BreadcrumbList\",\"@id\":\"https:\\\/\\\/store.microbiotech.dz\\\/index.php\\\/produit\\\/blouse-medicale-isacco\\\/#breadcrumb\",\"itemListElement\":[{\"@type\":\"ListItem\",\"position\":1,\"name\":\"Accueil\",\"item\":\"https:\\\/\\\/store.microbiotech.dz\\\/\"},{\"@type\":\"ListItem\",\"position\":2,\"name\":\"Nos Produits\",\"item\":\"https:\\\/\\\/store.microbiotech.dz\\\/index.php\\\/nos-produits\\\/\"},{\"@type\":\"ListItem\",\"position\":3,\"name\":\"Blouse m\u00e9dicale Isacco\"}]},{\"@type\":\"WebSite\",\"@id\":\"https:\\\/\\\/store.microbiotech.dz\\\/#website\",\"url\":\"https:\\\/\\\/store.microbiotech.dz\\\/\",\"name\":\"La Boutique en ligne\",\"description\":\"Qualit\u00e9 - Rapidit\u00e9 - Tranquillit\u00e9\",\"publisher\":{\"@id\":\"https:\\\/\\\/store.microbiotech.dz\\\/#organization\"},\"potentialAction\":[{\"@type\":\"SearchAction\",\"target\":{\"@type\":\"EntryPoint\",\"urlTemplate\":\"https:\\\/\\\/store.microbiotech.dz\\\/?s={search_term_string}\"},\"query-input\":{\"@type\":\"PropertyValueSpecification\",\"valueRequired\":true,\"valueName\":\"search_term_string\"}}],\"inLanguage\":\"fr-FR\"},{\"@type\":\"Organization\",\"@id\":\"https:\\\/\\\/store.microbiotech.dz\\\/#organization\",\"name\":\"Microbiotech EURL\",\"url\":\"https:\\\/\\\/store.microbiotech.dz\\\/\",\"logo\":{\"@type\":\"ImageObject\",\"inLanguage\":\"fr-FR\",\"@id\":\"https:\\\/\\\/store.microbiotech.dz\\\/#\\\/schema\\\/logo\\\/image\\\/\",\"url\":\"https:\\\/\\\/store.microbiotech.dz\\\/wp-content\\\/uploads\\\/2021\\\/09\\\/cropped-logo-microbiotech-2.jpg\",\"contentUrl\":\"https:\\\/\\\/store.microbiotech.dz\\\/wp-content\\\/uploads\\\/2021\\\/09\\\/cropped-logo-microbiotech-2.jpg\",\"width\":815,\"height\":586,\"caption\":\"Microbiotech EURL\"},\"image\":{\"@id\":\"https:\\\/\\\/store.microbiotech.dz\\\/#\\\/schema\\\/logo\\\/image\\\/\"},\"sameAs\":[\"https:\\\/\\\/www.facebook.com\\\/MicroBiotech.dz\",\"https:\\\/\\\/x.com\\\/MicrobiotechD\",\"https:\\\/\\\/www.linkedin.com\\\/in\\\/microbiotech\\\/\",\"https:\\\/\\\/www.youtube.com\\\/channel\\\/UCTxc3VIiX7LXD2LQYfZEcDg\"]}]}<\/script>\n<!-- \/ Yoast SEO plugin. -->","yoast_head_json":{"title":"Blouse m\u00e9dicale Isacco - La Boutique en ligne","description":"Blouse m\u00e9dicale\u00a0Isacco pour assurer un port agr\u00e9able et confortable pendant les longues heures de travail au meilleur prix !","robots":{"index":"index","follow":"follow","max-snippet":"max-snippet:-1","max-image-preview":"max-image-preview:large","max-video-preview":"max-video-preview:-1"},"canonical":"https:\/\/store.microbiotech.dz\/index.php\/produit\/blouse-medicale-isacco\/","og_locale":"fr_FR","og_type":"article","og_title":"Blouse m\u00e9dicale Isacco - La Boutique en ligne","og_description":"Blouse m\u00e9dicale\u00a0Isacco pour assurer un port agr\u00e9able et confortable pendant les longues heures de travail au meilleur prix !","og_url":"https:\/\/store.microbiotech.dz\/index.php\/produit\/blouse-medicale-isacco\/","og_site_name":"La Boutique en ligne","article_publisher":"https:\/\/www.facebook.com\/MicroBiotech.dz","article_modified_time":"2025-01-21T10:10:08+00:00","og_image":[{"width":600,"height":600,"url":"https:\/\/store.microbiotech.dz\/wp-content\/uploads\/2024\/09\/isacco.webp","type":"image\/webp"}],"twitter_card":"summary_large_image","twitter_site":"@MicrobiotechD","schema":{"@context":"https:\/\/schema.org","@graph":[{"@type":"WebPage","@id":"https:\/\/store.microbiotech.dz\/index.php\/produit\/blouse-medicale-isacco\/","url":"https:\/\/store.microbiotech.dz\/index.php\/produit\/blouse-medicale-isacco\/","name":"Blouse m\u00e9dicale Isacco - La Boutique en ligne","isPartOf":{"@id":"https:\/\/store.microbiotech.dz\/#website"},"primaryImageOfPage":{"@id":"https:\/\/store.microbiotech.dz\/index.php\/produit\/blouse-medicale-isacco\/#primaryimage"},"image":{"@id":"https:\/\/store.microbiotech.dz\/index.php\/produit\/blouse-medicale-isacco\/#primaryimage"},"thumbnailUrl":"https:\/\/store.microbiotech.dz\/wp-content\/uploads\/2024\/09\/isacco.webp","datePublished":"2024-09-23T08:18:33+00:00","dateModified":"2025-01-21T10:10:08+00:00","description":"Blouse m\u00e9dicale\u00a0Isacco pour assurer un port agr\u00e9able et confortable pendant les longues heures de travail au meilleur prix !","breadcrumb":{"@id":"https:\/\/store.microbiotech.dz\/index.php\/produit\/blouse-medicale-isacco\/#breadcrumb"},"inLanguage":"fr-FR","potentialAction":[{"@type":"ReadAction","target":["https:\/\/store.microbiotech.dz\/index.php\/produit\/blouse-medicale-isacco\/"]}]},{"@type":"ImageObject","inLanguage":"fr-FR","@id":"https:\/\/store.microbiotech.dz\/index.php\/produit\/blouse-medicale-isacco\/#primaryimage","url":"https:\/\/store.microbiotech.dz\/wp-content\/uploads\/2024\/09\/isacco.webp","contentUrl":"https:\/\/store.microbiotech.dz\/wp-content\/uploads\/2024\/09\/isacco.webp","width":600,"height":600,"caption":"Blouse m\u00e9dicale Isacco"},{"@type":"BreadcrumbList","@id":"https:\/\/store.microbiotech.dz\/index.php\/produit\/blouse-medicale-isacco\/#breadcrumb","itemListElement":[{"@type":"ListItem","position":1,"name":"Accueil","item":"https:\/\/store.microbiotech.dz\/"},{"@type":"ListItem","position":2,"name":"Nos Produits","item":"https:\/\/store.microbiotech.dz\/index.php\/nos-produits\/"},{"@type":"ListItem","position":3,"name":"Blouse m\u00e9dicale Isacco"}]},{"@type":"WebSite","@id":"https:\/\/store.microbiotech.dz\/#website","url":"https:\/\/store.microbiotech.dz\/","name":"La Boutique en ligne","description":"Qualit\u00e9 - Rapidit\u00e9 - Tranquillit\u00e9","publisher":{"@id":"https:\/\/store.microbiotech.dz\/#organization"},"potentialAction":[{"@type":"SearchAction","target":{"@type":"EntryPoint","urlTemplate":"https:\/\/store.microbiotech.dz\/?s={search_term_string}"},"query-input":{"@type":"PropertyValueSpecification","valueRequired":true,"valueName":"search_term_string"}}],"inLanguage":"fr-FR"},{"@type":"Organization","@id":"https:\/\/store.microbiotech.dz\/#organization","name":"Microbiotech EURL","url":"https:\/\/store.microbiotech.dz\/","logo":{"@type":"ImageObject","inLanguage":"fr-FR","@id":"https:\/\/store.microbiotech.dz\/#\/schema\/logo\/image\/","url":"https:\/\/store.microbiotech.dz\/wp-content\/uploads\/2021\/09\/cropped-logo-microbiotech-2.jpg","contentUrl":"https:\/\/store.microbiotech.dz\/wp-content\/uploads\/2021\/09\/cropped-logo-microbiotech-2.jpg","width":815,"height":586,"caption":"Microbiotech EURL"},"image":{"@id":"https:\/\/store.microbiotech.dz\/#\/schema\/logo\/image\/"},"sameAs":["https:\/\/www.facebook.com\/MicroBiotech.dz","https:\/\/x.com\/MicrobiotechD","https:\/\/www.linkedin.com\/in\/microbiotech\/","https:\/\/www.youtube.com\/channel\/UCTxc3VIiX7LXD2LQYfZEcDg"]}]}},"jetpack_sharing_enabled":true,"_links":{"self":[{"href":"https:\/\/store.microbiotech.dz\/index.php\/wp-json\/wp\/v2\/product\/11155","targetHints":{"allow":["GET"]}}],"collection":[{"href":"https:\/\/store.microbiotech.dz\/index.php\/wp-json\/wp\/v2\/product"}],"about":[{"href":"https:\/\/store.microbiotech.dz\/index.php\/wp-json\/wp\/v2\/types\/product"}],"replies":[{"embeddable":true,"href":"https:\/\/store.microbiotech.dz\/index.php\/wp-json\/wp\/v2\/comments?post=11155"}],"wp:featuredmedia":[{"embeddable":true,"href":"https:\/\/store.microbiotech.dz\/index.php\/wp-json\/wp\/v2\/media\/11170"}],"wp:attachment":[{"href":"https:\/\/store.microbiotech.dz\/index.php\/wp-json\/wp\/v2\/media?parent=11155"}],"wp:term":[{"taxonomy":"product_brand","embeddable":true,"href":"https:\/\/store.microbiotech.dz\/index.php\/wp-json\/wp\/v2\/product_brand?post=11155"},{"taxonomy":"product_cat","embeddable":true,"href":"https:\/\/store.microbiotech.dz\/index.php\/wp-json\/wp\/v2\/product_cat?post=11155"},{"taxonomy":"product_tag","embeddable":true,"href":"https:\/\/store.microbiotech.dz\/index.php\/wp-json\/wp\/v2\/product_tag?post=11155"}],"curies":[{"name":"wp","href":"https:\/\/api.w.org\/{rel}","templated":true}]}}