{"id":10538,"date":"2024-07-25T11:05:19","date_gmt":"2024-07-25T10:05:19","guid":{"rendered":"https:\/\/store.microbiotech.dz\/?post_type=product&#038;p=10538"},"modified":"2025-11-21T11:11:27","modified_gmt":"2025-11-21T10:11:27","slug":"distillateur-deau-faithful","status":"publish","type":"product","link":"https:\/\/store.microbiotech.dz\/index.php\/produit\/distillateur-deau-faithful\/","title":{"rendered":"Distillateur d&rsquo;eau Faithful"},"content":{"rendered":"<p><a href=\"https:\/\/store.microbiotech.dz\/?s=distillateur\" target=\"_blank\" rel=\"noopener\">Distillateur<\/a> d&rsquo;eau <a href=\"https:\/\/www.faithful.cc\/\" target=\"_blank\" rel=\"noopener\">Faithful<\/a> de qualit\u00e9 sup\u00e9rieure con\u00e7u pour fournir de l&rsquo;eau pure et s\u00fbre. Avec sa grande capacit\u00e9, il utilise un processus de distillation efficace pour \u00e9liminer les impuret\u00e9s, les toxines et les contaminants de votre eau du robinet, vous offrant ainsi une eau de haute qualit\u00e9 en laboratoire. Son design en acier inoxydable garantit une durabilit\u00e9 et une hygi\u00e8ne optimales, tandis que son fonctionnement simple vous permet de l&rsquo;utiliser en toute facilit\u00e9.<\/p>\n","protected":false},"excerpt":{"rendered":"<p>&nbsp;<\/p>\n<p>Marque : <strong>Faithful<\/strong> <img loading=\"lazy\" decoding=\"async\" class=\"alignnone wp-image-1795\" src=\"https:\/\/store.microbiotech.dz\/wp-content\/uploads\/2022\/04\/China-Flag.png\" alt=\"\" width=\"39\" height=\"40\" srcset=\"https:\/\/store.microbiotech.dz\/wp-content\/uploads\/2022\/04\/China-Flag.png 224w, https:\/\/store.microbiotech.dz\/wp-content\/uploads\/2022\/04\/China-Flag-150x150.png 150w, https:\/\/store.microbiotech.dz\/wp-content\/uploads\/2022\/04\/China-Flag-100x100.png 100w\" sizes=\"auto, (max-width: 39px) 100vw, 39px\" \/><br \/>\nMat\u00e9riau : <strong>acier inoxydable<\/strong><br \/>\nPuissance de chauffage : <strong>15 kW<\/strong><br \/>\nT\u00e9l\u00e9chargement : <a href=\"https:\/\/store.microbiotech.dz\/wp-content\/uploads\/2024\/07\/Hde367748e7d64c5d9c0c088f108c101cA.pdf\">Fiche technique<\/a><\/p>\n","protected":false},"featured_media":10540,"comment_status":"open","ping_status":"closed","template":"","meta":{"site-sidebar-layout":"default","site-content-layout":"","ast-site-content-layout":"default","site-content-style":"default","site-sidebar-style":"default","ast-global-header-display":"","ast-banner-title-visibility":"","ast-main-header-display":"","ast-hfb-above-header-display":"","ast-hfb-below-header-display":"","ast-hfb-mobile-header-display":"","site-post-title":"","ast-breadcrumbs-content":"","ast-featured-img":"","footer-sml-layout":"","ast-disable-related-posts":"","theme-transparent-header-meta":"default","adv-header-id-meta":"","stick-header-meta":"","header-above-stick-meta":"","header-main-stick-meta":"","header-below-stick-meta":"","astra-migrate-meta-layouts":"set","ast-page-background-enabled":"default","ast-page-background-meta":{"desktop":{"background-color":"var(--ast-global-color-4)","background-image":"","background-repeat":"repeat","background-position":"center center","background-size":"auto","background-attachment":"scroll","background-type":"","background-media":"","overlay-type":"","overlay-color":"","overlay-opacity":"","overlay-gradient":""},"tablet":{"background-color":"","background-image":"","background-repeat":"repeat","background-position":"center center","background-size":"auto","background-attachment":"scroll","background-type":"","background-media":"","overlay-type":"","overlay-color":"","overlay-opacity":"","overlay-gradient":""},"mobile":{"background-color":"","background-image":"","background-repeat":"repeat","background-position":"center center","background-size":"auto","background-attachment":"scroll","background-type":"","background-media":"","overlay-type":"","overlay-color":"","overlay-opacity":"","overlay-gradient":""}},"ast-content-background-meta":{"desktop":{"background-color":"var(--ast-global-color-5)","background-image":"","background-repeat":"repeat","background-position":"center center","background-size":"auto","background-attachment":"scroll","background-type":"","background-media":"","overlay-type":"","overlay-color":"","overlay-opacity":"","overlay-gradient":""},"tablet":{"background-color":"var(--ast-global-color-5)","background-image":"","background-repeat":"repeat","background-position":"center center","background-size":"auto","background-attachment":"scroll","background-type":"","background-media":"","overlay-type":"","overlay-color":"","overlay-opacity":"","overlay-gradient":""},"mobile":{"background-color":"var(--ast-global-color-5)","background-image":"","background-repeat":"repeat","background-position":"center center","background-size":"auto","background-attachment":"scroll","background-type":"","background-media":"","overlay-type":"","overlay-color":"","overlay-opacity":"","overlay-gradient":""}},"jetpack_post_was_ever_published":true},"product_brand":[],"product_cat":[238],"product_tag":[383,106,24,930,997,465,1789],"class_list":{"0":"post-10538","1":"product","2":"type-product","3":"status-publish","4":"has-post-thumbnail","6":"product_cat-equipements","7":"product_tag-distillateur","8":"product_tag-distillee","9":"product_tag-eau-distillee","10":"product_tag-f90","11":"product_tag-faithful","12":"product_tag-purificateur-deau","13":"product_tag-purification","14":"desktop-align-center","15":"tablet-align-left","16":"mobile-align-left","18":"first","19":"onbackorder","20":"taxable","21":"shipping-taxable","22":"purchasable","23":"product-type-variable"},"yoast_head":"<!-- This site is optimized with the Yoast SEO plugin v27.5 - https:\/\/yoast.com\/product\/yoast-seo-wordpress\/ -->\n<title>Distillateur d&#039;eau Faithful - La Boutique en ligne<\/title>\n<meta name=\"description\" content=\"Distillateur d&#039;eau Faithful pour \u00e9liminer la plupart des impuret\u00e9s de l&#039;eau du robinet. De petite taille, durable, robuste et au meilleur prix !\" \/>\n<meta name=\"robots\" content=\"index, follow, max-snippet:-1, max-image-preview:large, max-video-preview:-1\" \/>\n<link rel=\"canonical\" href=\"https:\/\/store.microbiotech.dz\/index.php\/produit\/distillateur-deau-faithful\/\" \/>\n<meta property=\"og:locale\" content=\"fr_FR\" \/>\n<meta property=\"og:type\" content=\"article\" \/>\n<meta property=\"og:title\" content=\"Distillateur d&#039;eau Faithful - La Boutique en ligne\" \/>\n<meta property=\"og:description\" content=\"Distillateur d&#039;eau Faithful pour \u00e9liminer la plupart des impuret\u00e9s de l&#039;eau du robinet. De petite taille, durable, robuste et au meilleur prix !\" \/>\n<meta property=\"og:url\" content=\"https:\/\/store.microbiotech.dz\/index.php\/produit\/distillateur-deau-faithful\/\" \/>\n<meta property=\"og:site_name\" content=\"La Boutique en ligne\" \/>\n<meta property=\"article:publisher\" content=\"https:\/\/www.facebook.com\/MicroBiotech.dz\" \/>\n<meta property=\"article:modified_time\" content=\"2025-11-21T10:11:27+00:00\" \/>\n<meta property=\"og:image\" content=\"https:\/\/store.microbiotech.dz\/wp-content\/uploads\/2024\/07\/distillateur-acier.webp\" \/>\n\t<meta property=\"og:image:width\" content=\"600\" \/>\n\t<meta property=\"og:image:height\" content=\"600\" \/>\n\t<meta property=\"og:image:type\" content=\"image\/webp\" \/>\n<meta name=\"twitter:card\" content=\"summary_large_image\" \/>\n<meta name=\"twitter:site\" content=\"@MicrobiotechD\" \/>\n<script type=\"application\/ld+json\" class=\"yoast-schema-graph\">{\"@context\":\"https:\\\/\\\/schema.org\",\"@graph\":[{\"@type\":\"WebPage\",\"@id\":\"https:\\\/\\\/store.microbiotech.dz\\\/index.php\\\/produit\\\/distillateur-deau-faithful\\\/\",\"url\":\"https:\\\/\\\/store.microbiotech.dz\\\/index.php\\\/produit\\\/distillateur-deau-faithful\\\/\",\"name\":\"Distillateur d'eau Faithful - La Boutique en ligne\",\"isPartOf\":{\"@id\":\"https:\\\/\\\/store.microbiotech.dz\\\/#website\"},\"primaryImageOfPage\":{\"@id\":\"https:\\\/\\\/store.microbiotech.dz\\\/index.php\\\/produit\\\/distillateur-deau-faithful\\\/#primaryimage\"},\"image\":{\"@id\":\"https:\\\/\\\/store.microbiotech.dz\\\/index.php\\\/produit\\\/distillateur-deau-faithful\\\/#primaryimage\"},\"thumbnailUrl\":\"https:\\\/\\\/store.microbiotech.dz\\\/wp-content\\\/uploads\\\/2024\\\/07\\\/distillateur-acier.webp\",\"datePublished\":\"2024-07-25T10:05:19+00:00\",\"dateModified\":\"2025-11-21T10:11:27+00:00\",\"description\":\"Distillateur d'eau Faithful pour \u00e9liminer la plupart des impuret\u00e9s de l'eau du robinet. De petite taille, durable, robuste et au meilleur prix !\",\"breadcrumb\":{\"@id\":\"https:\\\/\\\/store.microbiotech.dz\\\/index.php\\\/produit\\\/distillateur-deau-faithful\\\/#breadcrumb\"},\"inLanguage\":\"fr-FR\",\"potentialAction\":[{\"@type\":\"ReadAction\",\"target\":[\"https:\\\/\\\/store.microbiotech.dz\\\/index.php\\\/produit\\\/distillateur-deau-faithful\\\/\"]}]},{\"@type\":\"ImageObject\",\"inLanguage\":\"fr-FR\",\"@id\":\"https:\\\/\\\/store.microbiotech.dz\\\/index.php\\\/produit\\\/distillateur-deau-faithful\\\/#primaryimage\",\"url\":\"https:\\\/\\\/store.microbiotech.dz\\\/wp-content\\\/uploads\\\/2024\\\/07\\\/distillateur-acier.webp\",\"contentUrl\":\"https:\\\/\\\/store.microbiotech.dz\\\/wp-content\\\/uploads\\\/2024\\\/07\\\/distillateur-acier.webp\",\"width\":600,\"height\":600,\"caption\":\"Distillateur d'eau Faithful\"},{\"@type\":\"BreadcrumbList\",\"@id\":\"https:\\\/\\\/store.microbiotech.dz\\\/index.php\\\/produit\\\/distillateur-deau-faithful\\\/#breadcrumb\",\"itemListElement\":[{\"@type\":\"ListItem\",\"position\":1,\"name\":\"Accueil\",\"item\":\"https:\\\/\\\/store.microbiotech.dz\\\/\"},{\"@type\":\"ListItem\",\"position\":2,\"name\":\"Nos Produits\",\"item\":\"https:\\\/\\\/store.microbiotech.dz\\\/index.php\\\/nos-produits\\\/\"},{\"@type\":\"ListItem\",\"position\":3,\"name\":\"Distillateur d&rsquo;eau Faithful\"}]},{\"@type\":\"WebSite\",\"@id\":\"https:\\\/\\\/store.microbiotech.dz\\\/#website\",\"url\":\"https:\\\/\\\/store.microbiotech.dz\\\/\",\"name\":\"La Boutique en ligne\",\"description\":\"Qualit\u00e9 - Rapidit\u00e9 - Tranquillit\u00e9\",\"publisher\":{\"@id\":\"https:\\\/\\\/store.microbiotech.dz\\\/#organization\"},\"potentialAction\":[{\"@type\":\"SearchAction\",\"target\":{\"@type\":\"EntryPoint\",\"urlTemplate\":\"https:\\\/\\\/store.microbiotech.dz\\\/?s={search_term_string}\"},\"query-input\":{\"@type\":\"PropertyValueSpecification\",\"valueRequired\":true,\"valueName\":\"search_term_string\"}}],\"inLanguage\":\"fr-FR\"},{\"@type\":\"Organization\",\"@id\":\"https:\\\/\\\/store.microbiotech.dz\\\/#organization\",\"name\":\"Microbiotech EURL\",\"url\":\"https:\\\/\\\/store.microbiotech.dz\\\/\",\"logo\":{\"@type\":\"ImageObject\",\"inLanguage\":\"fr-FR\",\"@id\":\"https:\\\/\\\/store.microbiotech.dz\\\/#\\\/schema\\\/logo\\\/image\\\/\",\"url\":\"https:\\\/\\\/store.microbiotech.dz\\\/wp-content\\\/uploads\\\/2021\\\/09\\\/cropped-logo-microbiotech-2.jpg\",\"contentUrl\":\"https:\\\/\\\/store.microbiotech.dz\\\/wp-content\\\/uploads\\\/2021\\\/09\\\/cropped-logo-microbiotech-2.jpg\",\"width\":815,\"height\":586,\"caption\":\"Microbiotech EURL\"},\"image\":{\"@id\":\"https:\\\/\\\/store.microbiotech.dz\\\/#\\\/schema\\\/logo\\\/image\\\/\"},\"sameAs\":[\"https:\\\/\\\/www.facebook.com\\\/MicroBiotech.dz\",\"https:\\\/\\\/x.com\\\/MicrobiotechD\",\"https:\\\/\\\/www.linkedin.com\\\/in\\\/microbiotech\\\/\",\"https:\\\/\\\/www.youtube.com\\\/channel\\\/UCTxc3VIiX7LXD2LQYfZEcDg\"]}]}<\/script>\n<!-- \/ Yoast SEO plugin. -->","yoast_head_json":{"title":"Distillateur d'eau Faithful - La Boutique en ligne","description":"Distillateur d'eau Faithful pour \u00e9liminer la plupart des impuret\u00e9s de l'eau du robinet. De petite taille, durable, robuste et au meilleur prix !","robots":{"index":"index","follow":"follow","max-snippet":"max-snippet:-1","max-image-preview":"max-image-preview:large","max-video-preview":"max-video-preview:-1"},"canonical":"https:\/\/store.microbiotech.dz\/index.php\/produit\/distillateur-deau-faithful\/","og_locale":"fr_FR","og_type":"article","og_title":"Distillateur d'eau Faithful - La Boutique en ligne","og_description":"Distillateur d'eau Faithful pour \u00e9liminer la plupart des impuret\u00e9s de l'eau du robinet. De petite taille, durable, robuste et au meilleur prix !","og_url":"https:\/\/store.microbiotech.dz\/index.php\/produit\/distillateur-deau-faithful\/","og_site_name":"La Boutique en ligne","article_publisher":"https:\/\/www.facebook.com\/MicroBiotech.dz","article_modified_time":"2025-11-21T10:11:27+00:00","og_image":[{"width":600,"height":600,"url":"https:\/\/store.microbiotech.dz\/wp-content\/uploads\/2024\/07\/distillateur-acier.webp","type":"image\/webp"}],"twitter_card":"summary_large_image","twitter_site":"@MicrobiotechD","schema":{"@context":"https:\/\/schema.org","@graph":[{"@type":"WebPage","@id":"https:\/\/store.microbiotech.dz\/index.php\/produit\/distillateur-deau-faithful\/","url":"https:\/\/store.microbiotech.dz\/index.php\/produit\/distillateur-deau-faithful\/","name":"Distillateur d'eau Faithful - La Boutique en ligne","isPartOf":{"@id":"https:\/\/store.microbiotech.dz\/#website"},"primaryImageOfPage":{"@id":"https:\/\/store.microbiotech.dz\/index.php\/produit\/distillateur-deau-faithful\/#primaryimage"},"image":{"@id":"https:\/\/store.microbiotech.dz\/index.php\/produit\/distillateur-deau-faithful\/#primaryimage"},"thumbnailUrl":"https:\/\/store.microbiotech.dz\/wp-content\/uploads\/2024\/07\/distillateur-acier.webp","datePublished":"2024-07-25T10:05:19+00:00","dateModified":"2025-11-21T10:11:27+00:00","description":"Distillateur d'eau Faithful pour \u00e9liminer la plupart des impuret\u00e9s de l'eau du robinet. De petite taille, durable, robuste et au meilleur prix !","breadcrumb":{"@id":"https:\/\/store.microbiotech.dz\/index.php\/produit\/distillateur-deau-faithful\/#breadcrumb"},"inLanguage":"fr-FR","potentialAction":[{"@type":"ReadAction","target":["https:\/\/store.microbiotech.dz\/index.php\/produit\/distillateur-deau-faithful\/"]}]},{"@type":"ImageObject","inLanguage":"fr-FR","@id":"https:\/\/store.microbiotech.dz\/index.php\/produit\/distillateur-deau-faithful\/#primaryimage","url":"https:\/\/store.microbiotech.dz\/wp-content\/uploads\/2024\/07\/distillateur-acier.webp","contentUrl":"https:\/\/store.microbiotech.dz\/wp-content\/uploads\/2024\/07\/distillateur-acier.webp","width":600,"height":600,"caption":"Distillateur d'eau Faithful"},{"@type":"BreadcrumbList","@id":"https:\/\/store.microbiotech.dz\/index.php\/produit\/distillateur-deau-faithful\/#breadcrumb","itemListElement":[{"@type":"ListItem","position":1,"name":"Accueil","item":"https:\/\/store.microbiotech.dz\/"},{"@type":"ListItem","position":2,"name":"Nos Produits","item":"https:\/\/store.microbiotech.dz\/index.php\/nos-produits\/"},{"@type":"ListItem","position":3,"name":"Distillateur d&rsquo;eau Faithful"}]},{"@type":"WebSite","@id":"https:\/\/store.microbiotech.dz\/#website","url":"https:\/\/store.microbiotech.dz\/","name":"La Boutique en ligne","description":"Qualit\u00e9 - Rapidit\u00e9 - Tranquillit\u00e9","publisher":{"@id":"https:\/\/store.microbiotech.dz\/#organization"},"potentialAction":[{"@type":"SearchAction","target":{"@type":"EntryPoint","urlTemplate":"https:\/\/store.microbiotech.dz\/?s={search_term_string}"},"query-input":{"@type":"PropertyValueSpecification","valueRequired":true,"valueName":"search_term_string"}}],"inLanguage":"fr-FR"},{"@type":"Organization","@id":"https:\/\/store.microbiotech.dz\/#organization","name":"Microbiotech EURL","url":"https:\/\/store.microbiotech.dz\/","logo":{"@type":"ImageObject","inLanguage":"fr-FR","@id":"https:\/\/store.microbiotech.dz\/#\/schema\/logo\/image\/","url":"https:\/\/store.microbiotech.dz\/wp-content\/uploads\/2021\/09\/cropped-logo-microbiotech-2.jpg","contentUrl":"https:\/\/store.microbiotech.dz\/wp-content\/uploads\/2021\/09\/cropped-logo-microbiotech-2.jpg","width":815,"height":586,"caption":"Microbiotech EURL"},"image":{"@id":"https:\/\/store.microbiotech.dz\/#\/schema\/logo\/image\/"},"sameAs":["https:\/\/www.facebook.com\/MicroBiotech.dz","https:\/\/x.com\/MicrobiotechD","https:\/\/www.linkedin.com\/in\/microbiotech\/","https:\/\/www.youtube.com\/channel\/UCTxc3VIiX7LXD2LQYfZEcDg"]}]}},"jetpack_sharing_enabled":true,"_links":{"self":[{"href":"https:\/\/store.microbiotech.dz\/index.php\/wp-json\/wp\/v2\/product\/10538","targetHints":{"allow":["GET"]}}],"collection":[{"href":"https:\/\/store.microbiotech.dz\/index.php\/wp-json\/wp\/v2\/product"}],"about":[{"href":"https:\/\/store.microbiotech.dz\/index.php\/wp-json\/wp\/v2\/types\/product"}],"replies":[{"embeddable":true,"href":"https:\/\/store.microbiotech.dz\/index.php\/wp-json\/wp\/v2\/comments?post=10538"}],"wp:featuredmedia":[{"embeddable":true,"href":"https:\/\/store.microbiotech.dz\/index.php\/wp-json\/wp\/v2\/media\/10540"}],"wp:attachment":[{"href":"https:\/\/store.microbiotech.dz\/index.php\/wp-json\/wp\/v2\/media?parent=10538"}],"wp:term":[{"taxonomy":"product_brand","embeddable":true,"href":"https:\/\/store.microbiotech.dz\/index.php\/wp-json\/wp\/v2\/product_brand?post=10538"},{"taxonomy":"product_cat","embeddable":true,"href":"https:\/\/store.microbiotech.dz\/index.php\/wp-json\/wp\/v2\/product_cat?post=10538"},{"taxonomy":"product_tag","embeddable":true,"href":"https:\/\/store.microbiotech.dz\/index.php\/wp-json\/wp\/v2\/product_tag?post=10538"}],"curies":[{"name":"wp","href":"https:\/\/api.w.org\/{rel}","templated":true}]}}