{"id":10370,"date":"2024-07-15T13:53:29","date_gmt":"2024-07-15T12:53:29","guid":{"rendered":"https:\/\/store.microbiotech.dz\/?post_type=product&#038;p=10370"},"modified":"2025-02-11T11:26:48","modified_gmt":"2025-02-11T10:26:48","slug":"conductimetre-portable-adwa","status":"publish","type":"product","link":"https:\/\/store.microbiotech.dz\/index.php\/produit\/conductimetre-portable-adwa\/","title":{"rendered":"Conductim\u00e8tre portable ADWA"},"content":{"rendered":"<p><span style=\"font-size: 16px; font-style: normal; font-weight: 400;\">Le <a href=\"https:\/\/store.microbiotech.dz\/?s=Conductim%C3%A8tre\" target=\"_blank\" rel=\"noopener\">Conductim\u00e8tre<\/a> portable <a href=\"https:\/\/www.adwainstruments.com\/\" target=\"_blank\" rel=\"noopener\">ADWA<\/a>\u00a0 r\u00e9sistant \u00e0 l&rsquo;eau, simplifie la mesure des valeurs EC, TDS et de la temp\u00e9rature. Sa conception l\u00e9g\u00e8re et compacte garantit des mesures rapides et pr\u00e9cises, id\u00e9ales pour les terrariums et aquariums. Indispensable pour les propri\u00e9taires de piscines, spas et aquariums soucieux de la qualit\u00e9 de l&rsquo;eau, il convient parfaitement aux applications de purification d&rsquo;eau, \u00e0 l&rsquo;aquaculture, \u00e0 la culture hydroponique, aux laboratoires, et bien plus encore. Pour maintenir une pr\u00e9cision optimale, pensez \u00e0 recalibrer r\u00e9guli\u00e8rement avec une solution de calibration. Assurez-vous des mesures fiables et simplifi\u00e9es avec l&rsquo;ADWA AD32, votre alli\u00e9 pour le contr\u00f4le de la qualit\u00e9 de l&rsquo;eau dans divers environnements.<\/span><\/p>\n<div dir=\"auto\"><\/div>\n","protected":false},"excerpt":{"rendered":"<p>&nbsp;<\/p>\n<p>Marque : <strong>ADWA <img loading=\"lazy\" decoding=\"async\" class=\"alignnone wp-image-3875\" src=\"https:\/\/store.microbiotech.dz\/wp-content\/uploads\/2023\/05\/flag-hongrie.png\" alt=\"\" width=\"33\" height=\"33\" srcset=\"https:\/\/store.microbiotech.dz\/wp-content\/uploads\/2023\/05\/flag-hongrie.png 250w, https:\/\/store.microbiotech.dz\/wp-content\/uploads\/2023\/05\/flag-hongrie-150x150.png 150w, https:\/\/store.microbiotech.dz\/wp-content\/uploads\/2023\/05\/flag-hongrie-100x100.png 100w\" sizes=\"auto, (max-width: 33px) 100vw, 33px\" \/><\/strong><br \/>\nImperm\u00e9able \u00e0 l&rsquo;eau : <strong>Waterproof<\/strong><br \/>\nEtalonnage : <strong>digital<\/strong><br \/>\nCompensation automatique de la temp\u00e9rature : <strong>-5\u00b0C \u00e0 60\u00b0C<\/strong><br \/>\nTemp\u00e9rature de fonctionnement : <strong>-5\u00b0C \/ +50\u00b0C<\/strong><br \/>\nHumidit\u00e9 relative d&rsquo;utilisation: <strong>100% RH max<\/strong><br \/>\nIndicateur : <strong>de batterie faible<\/strong><br \/>\nArr\u00eat : <strong>automatique<\/strong><br \/>\n3 modes de mesure: <strong>EC, TDS et temp\u00e9rature<\/strong><br \/>\n\u00c9lectrode : <strong>changeable<\/strong><br \/>\nCalibration: <strong>12,88 mS\/cm et 6.44 ppt<\/strong><br \/>\nGamme EC: <strong>0 \u00e0 20 mS \/ cm<\/strong><br \/>\nGamme TDS: <strong>0 \u00e0 10 ppt<\/strong><br \/>\nTemp\u00e9rature de : <strong>&#8211; 0 \u00e0 60\u00b0C (32-140\u00b0F)<\/strong><br \/>\nR\u00e9solution EC: <strong>0,01 mS\/cm<\/strong><br \/>\nR\u00e9solution TDS: <strong>0,01 ppt<\/strong><br \/>\nR\u00e9solution de la temp\u00e9rature: <strong>0,1 \u00b0C\/F<\/strong><br \/>\nPr\u00e9cision: <strong>+ \/ &#8211; 2%<\/strong><br \/>\nPr\u00e9cision de la temp\u00e9rature : <strong>+ \/ &#8211; 0,5\u00b0C (+ \/ &#8211; 1\u00baF)<\/strong><br \/>\nPiles: <strong>4 x 1,5 V piles<\/strong><br \/>\nT\u00e9l\u00e9chargements : <a href=\"https:\/\/store.microbiotech.dz\/wp-content\/uploads\/2024\/07\/manual_ad31_32-1.pdf\">manual_ad31_32 (1)<\/a><\/p>\n","protected":false},"featured_media":10372,"comment_status":"open","ping_status":"closed","template":"","meta":{"site-sidebar-layout":"default","site-content-layout":"default","ast-site-content-layout":"default","site-content-style":"default","site-sidebar-style":"default","ast-global-header-display":"","ast-banner-title-visibility":"","ast-main-header-display":"","ast-hfb-above-header-display":"","ast-hfb-below-header-display":"","ast-hfb-mobile-header-display":"","site-post-title":"","ast-breadcrumbs-content":"","ast-featured-img":"","footer-sml-layout":"","ast-disable-related-posts":"","theme-transparent-header-meta":"default","adv-header-id-meta":"","stick-header-meta":"","header-above-stick-meta":"","header-main-stick-meta":"","header-below-stick-meta":"","astra-migrate-meta-layouts":"set","ast-page-background-enabled":"default","ast-page-background-meta":{"desktop":{"background-color":"var(--ast-global-color-4)","background-image":"","background-repeat":"repeat","background-position":"center center","background-size":"auto","background-attachment":"scroll","background-type":"","background-media":"","overlay-type":"","overlay-color":"","overlay-opacity":"","overlay-gradient":""},"tablet":{"background-color":"","background-image":"","background-repeat":"repeat","background-position":"center center","background-size":"auto","background-attachment":"scroll","background-type":"","background-media":"","overlay-type":"","overlay-color":"","overlay-opacity":"","overlay-gradient":""},"mobile":{"background-color":"","background-image":"","background-repeat":"repeat","background-position":"center center","background-size":"auto","background-attachment":"scroll","background-type":"","background-media":"","overlay-type":"","overlay-color":"","overlay-opacity":"","overlay-gradient":""}},"ast-content-background-meta":{"desktop":{"background-color":"var(--ast-global-color-5)","background-image":"","background-repeat":"repeat","background-position":"center center","background-size":"auto","background-attachment":"scroll","background-type":"","background-media":"","overlay-type":"","overlay-color":"","overlay-opacity":"","overlay-gradient":""},"tablet":{"background-color":"var(--ast-global-color-5)","background-image":"","background-repeat":"repeat","background-position":"center center","background-size":"auto","background-attachment":"scroll","background-type":"","background-media":"","overlay-type":"","overlay-color":"","overlay-opacity":"","overlay-gradient":""},"mobile":{"background-color":"var(--ast-global-color-5)","background-image":"","background-repeat":"repeat","background-position":"center center","background-size":"auto","background-attachment":"scroll","background-type":"","background-media":"","overlay-type":"","overlay-color":"","overlay-opacity":"","overlay-gradient":""}},"jetpack_post_was_ever_published":false},"product_brand":[],"product_cat":[238],"product_tag":[1108,1106,1107,220,1157,1226,1555,1155,1156],"class_list":{"0":"post-10370","1":"product","2":"type-product","3":"status-publish","4":"has-post-thumbnail","6":"product_cat-equipements","7":"product_tag-adwa","8":"product_tag-conductimetre","9":"product_tag-conductivite","10":"product_tag-ec","11":"product_tag-ec-metre","12":"product_tag-f103","13":"product_tag-f113","14":"product_tag-tds","15":"product_tag-tds-ec-metre","16":"product_shipping_class-temperature-ambiante","17":"desktop-align-center","18":"tablet-align-left","19":"mobile-align-left","21":"first","22":"instock","23":"taxable","24":"shipping-taxable","25":"purchasable","26":"product-type-simple"},"yoast_head":"<!-- This site is optimized with the Yoast SEO plugin v27.4 - https:\/\/yoast.com\/product\/yoast-seo-wordpress\/ -->\n<title>Conductim\u00e8tre portable ADWA - La Boutique en ligne<\/title>\n<meta name=\"description\" content=\"Conductim\u00e8tre portable ADWA de haute qualit\u00e9 et tr\u00e8s facile \u00e0 utiliser, peu encombrant, pratique et fiable. Le tout \u00e0 bon prix sur microbiotech.dz\" \/>\n<meta name=\"robots\" content=\"index, follow, max-snippet:-1, max-image-preview:large, max-video-preview:-1\" \/>\n<link rel=\"canonical\" href=\"https:\/\/store.microbiotech.dz\/index.php\/produit\/conductimetre-portable-adwa\/\" \/>\n<meta property=\"og:locale\" content=\"fr_FR\" \/>\n<meta property=\"og:type\" content=\"article\" \/>\n<meta property=\"og:title\" content=\"Conductim\u00e8tre portable ADWA - La Boutique en ligne\" \/>\n<meta property=\"og:description\" content=\"Conductim\u00e8tre portable ADWA de haute qualit\u00e9 et tr\u00e8s facile \u00e0 utiliser, peu encombrant, pratique et fiable. Le tout \u00e0 bon prix sur microbiotech.dz\" \/>\n<meta property=\"og:url\" content=\"https:\/\/store.microbiotech.dz\/index.php\/produit\/conductimetre-portable-adwa\/\" \/>\n<meta property=\"og:site_name\" content=\"La Boutique en ligne\" \/>\n<meta property=\"article:publisher\" content=\"https:\/\/www.facebook.com\/MicroBiotech.dz\" \/>\n<meta property=\"article:modified_time\" content=\"2025-02-11T10:26:48+00:00\" \/>\n<meta property=\"og:image\" content=\"https:\/\/store.microbiotech.dz\/wp-content\/uploads\/2024\/07\/ad32.webp\" \/>\n\t<meta property=\"og:image:width\" content=\"600\" \/>\n\t<meta property=\"og:image:height\" content=\"600\" \/>\n\t<meta property=\"og:image:type\" content=\"image\/webp\" \/>\n<meta name=\"twitter:card\" content=\"summary_large_image\" \/>\n<meta name=\"twitter:site\" content=\"@MicrobiotechD\" \/>\n<meta name=\"twitter:label1\" content=\"Dur\u00e9e de lecture estim\u00e9e\" \/>\n\t<meta name=\"twitter:data1\" content=\"1 minute\" \/>\n<script type=\"application\/ld+json\" class=\"yoast-schema-graph\">{\"@context\":\"https:\\\/\\\/schema.org\",\"@graph\":[{\"@type\":\"WebPage\",\"@id\":\"https:\\\/\\\/store.microbiotech.dz\\\/index.php\\\/produit\\\/conductimetre-portable-adwa\\\/\",\"url\":\"https:\\\/\\\/store.microbiotech.dz\\\/index.php\\\/produit\\\/conductimetre-portable-adwa\\\/\",\"name\":\"Conductim\u00e8tre portable ADWA - La Boutique en ligne\",\"isPartOf\":{\"@id\":\"https:\\\/\\\/store.microbiotech.dz\\\/#website\"},\"primaryImageOfPage\":{\"@id\":\"https:\\\/\\\/store.microbiotech.dz\\\/index.php\\\/produit\\\/conductimetre-portable-adwa\\\/#primaryimage\"},\"image\":{\"@id\":\"https:\\\/\\\/store.microbiotech.dz\\\/index.php\\\/produit\\\/conductimetre-portable-adwa\\\/#primaryimage\"},\"thumbnailUrl\":\"https:\\\/\\\/store.microbiotech.dz\\\/wp-content\\\/uploads\\\/2024\\\/07\\\/ad32.webp\",\"datePublished\":\"2024-07-15T12:53:29+00:00\",\"dateModified\":\"2025-02-11T10:26:48+00:00\",\"description\":\"Conductim\u00e8tre portable ADWA de haute qualit\u00e9 et tr\u00e8s facile \u00e0 utiliser, peu encombrant, pratique et fiable. Le tout \u00e0 bon prix sur microbiotech.dz\",\"breadcrumb\":{\"@id\":\"https:\\\/\\\/store.microbiotech.dz\\\/index.php\\\/produit\\\/conductimetre-portable-adwa\\\/#breadcrumb\"},\"inLanguage\":\"fr-FR\",\"potentialAction\":[{\"@type\":\"ReadAction\",\"target\":[\"https:\\\/\\\/store.microbiotech.dz\\\/index.php\\\/produit\\\/conductimetre-portable-adwa\\\/\"]}]},{\"@type\":\"ImageObject\",\"inLanguage\":\"fr-FR\",\"@id\":\"https:\\\/\\\/store.microbiotech.dz\\\/index.php\\\/produit\\\/conductimetre-portable-adwa\\\/#primaryimage\",\"url\":\"https:\\\/\\\/store.microbiotech.dz\\\/wp-content\\\/uploads\\\/2024\\\/07\\\/ad32.webp\",\"contentUrl\":\"https:\\\/\\\/store.microbiotech.dz\\\/wp-content\\\/uploads\\\/2024\\\/07\\\/ad32.webp\",\"width\":600,\"height\":600},{\"@type\":\"BreadcrumbList\",\"@id\":\"https:\\\/\\\/store.microbiotech.dz\\\/index.php\\\/produit\\\/conductimetre-portable-adwa\\\/#breadcrumb\",\"itemListElement\":[{\"@type\":\"ListItem\",\"position\":1,\"name\":\"Accueil\",\"item\":\"https:\\\/\\\/store.microbiotech.dz\\\/\"},{\"@type\":\"ListItem\",\"position\":2,\"name\":\"Nos Produits\",\"item\":\"https:\\\/\\\/store.microbiotech.dz\\\/index.php\\\/nos-produits\\\/\"},{\"@type\":\"ListItem\",\"position\":3,\"name\":\"Conductim\u00e8tre portable ADWA\"}]},{\"@type\":\"WebSite\",\"@id\":\"https:\\\/\\\/store.microbiotech.dz\\\/#website\",\"url\":\"https:\\\/\\\/store.microbiotech.dz\\\/\",\"name\":\"La Boutique en ligne\",\"description\":\"Qualit\u00e9 - Rapidit\u00e9 - Tranquillit\u00e9\",\"publisher\":{\"@id\":\"https:\\\/\\\/store.microbiotech.dz\\\/#organization\"},\"potentialAction\":[{\"@type\":\"SearchAction\",\"target\":{\"@type\":\"EntryPoint\",\"urlTemplate\":\"https:\\\/\\\/store.microbiotech.dz\\\/?s={search_term_string}\"},\"query-input\":{\"@type\":\"PropertyValueSpecification\",\"valueRequired\":true,\"valueName\":\"search_term_string\"}}],\"inLanguage\":\"fr-FR\"},{\"@type\":\"Organization\",\"@id\":\"https:\\\/\\\/store.microbiotech.dz\\\/#organization\",\"name\":\"Microbiotech EURL\",\"url\":\"https:\\\/\\\/store.microbiotech.dz\\\/\",\"logo\":{\"@type\":\"ImageObject\",\"inLanguage\":\"fr-FR\",\"@id\":\"https:\\\/\\\/store.microbiotech.dz\\\/#\\\/schema\\\/logo\\\/image\\\/\",\"url\":\"https:\\\/\\\/store.microbiotech.dz\\\/wp-content\\\/uploads\\\/2021\\\/09\\\/cropped-logo-microbiotech-2.jpg\",\"contentUrl\":\"https:\\\/\\\/store.microbiotech.dz\\\/wp-content\\\/uploads\\\/2021\\\/09\\\/cropped-logo-microbiotech-2.jpg\",\"width\":815,\"height\":586,\"caption\":\"Microbiotech EURL\"},\"image\":{\"@id\":\"https:\\\/\\\/store.microbiotech.dz\\\/#\\\/schema\\\/logo\\\/image\\\/\"},\"sameAs\":[\"https:\\\/\\\/www.facebook.com\\\/MicroBiotech.dz\",\"https:\\\/\\\/x.com\\\/MicrobiotechD\",\"https:\\\/\\\/www.linkedin.com\\\/in\\\/microbiotech\\\/\",\"https:\\\/\\\/www.youtube.com\\\/channel\\\/UCTxc3VIiX7LXD2LQYfZEcDg\"]}]}<\/script>\n<!-- \/ Yoast SEO plugin. -->","yoast_head_json":{"title":"Conductim\u00e8tre portable ADWA - La Boutique en ligne","description":"Conductim\u00e8tre portable ADWA de haute qualit\u00e9 et tr\u00e8s facile \u00e0 utiliser, peu encombrant, pratique et fiable. Le tout \u00e0 bon prix sur microbiotech.dz","robots":{"index":"index","follow":"follow","max-snippet":"max-snippet:-1","max-image-preview":"max-image-preview:large","max-video-preview":"max-video-preview:-1"},"canonical":"https:\/\/store.microbiotech.dz\/index.php\/produit\/conductimetre-portable-adwa\/","og_locale":"fr_FR","og_type":"article","og_title":"Conductim\u00e8tre portable ADWA - La Boutique en ligne","og_description":"Conductim\u00e8tre portable ADWA de haute qualit\u00e9 et tr\u00e8s facile \u00e0 utiliser, peu encombrant, pratique et fiable. Le tout \u00e0 bon prix sur microbiotech.dz","og_url":"https:\/\/store.microbiotech.dz\/index.php\/produit\/conductimetre-portable-adwa\/","og_site_name":"La Boutique en ligne","article_publisher":"https:\/\/www.facebook.com\/MicroBiotech.dz","article_modified_time":"2025-02-11T10:26:48+00:00","og_image":[{"width":600,"height":600,"url":"https:\/\/store.microbiotech.dz\/wp-content\/uploads\/2024\/07\/ad32.webp","type":"image\/webp"}],"twitter_card":"summary_large_image","twitter_site":"@MicrobiotechD","twitter_misc":{"Dur\u00e9e de lecture estim\u00e9e":"1 minute"},"schema":{"@context":"https:\/\/schema.org","@graph":[{"@type":"WebPage","@id":"https:\/\/store.microbiotech.dz\/index.php\/produit\/conductimetre-portable-adwa\/","url":"https:\/\/store.microbiotech.dz\/index.php\/produit\/conductimetre-portable-adwa\/","name":"Conductim\u00e8tre portable ADWA - La Boutique en ligne","isPartOf":{"@id":"https:\/\/store.microbiotech.dz\/#website"},"primaryImageOfPage":{"@id":"https:\/\/store.microbiotech.dz\/index.php\/produit\/conductimetre-portable-adwa\/#primaryimage"},"image":{"@id":"https:\/\/store.microbiotech.dz\/index.php\/produit\/conductimetre-portable-adwa\/#primaryimage"},"thumbnailUrl":"https:\/\/store.microbiotech.dz\/wp-content\/uploads\/2024\/07\/ad32.webp","datePublished":"2024-07-15T12:53:29+00:00","dateModified":"2025-02-11T10:26:48+00:00","description":"Conductim\u00e8tre portable ADWA de haute qualit\u00e9 et tr\u00e8s facile \u00e0 utiliser, peu encombrant, pratique et fiable. Le tout \u00e0 bon prix sur microbiotech.dz","breadcrumb":{"@id":"https:\/\/store.microbiotech.dz\/index.php\/produit\/conductimetre-portable-adwa\/#breadcrumb"},"inLanguage":"fr-FR","potentialAction":[{"@type":"ReadAction","target":["https:\/\/store.microbiotech.dz\/index.php\/produit\/conductimetre-portable-adwa\/"]}]},{"@type":"ImageObject","inLanguage":"fr-FR","@id":"https:\/\/store.microbiotech.dz\/index.php\/produit\/conductimetre-portable-adwa\/#primaryimage","url":"https:\/\/store.microbiotech.dz\/wp-content\/uploads\/2024\/07\/ad32.webp","contentUrl":"https:\/\/store.microbiotech.dz\/wp-content\/uploads\/2024\/07\/ad32.webp","width":600,"height":600},{"@type":"BreadcrumbList","@id":"https:\/\/store.microbiotech.dz\/index.php\/produit\/conductimetre-portable-adwa\/#breadcrumb","itemListElement":[{"@type":"ListItem","position":1,"name":"Accueil","item":"https:\/\/store.microbiotech.dz\/"},{"@type":"ListItem","position":2,"name":"Nos Produits","item":"https:\/\/store.microbiotech.dz\/index.php\/nos-produits\/"},{"@type":"ListItem","position":3,"name":"Conductim\u00e8tre portable ADWA"}]},{"@type":"WebSite","@id":"https:\/\/store.microbiotech.dz\/#website","url":"https:\/\/store.microbiotech.dz\/","name":"La Boutique en ligne","description":"Qualit\u00e9 - Rapidit\u00e9 - Tranquillit\u00e9","publisher":{"@id":"https:\/\/store.microbiotech.dz\/#organization"},"potentialAction":[{"@type":"SearchAction","target":{"@type":"EntryPoint","urlTemplate":"https:\/\/store.microbiotech.dz\/?s={search_term_string}"},"query-input":{"@type":"PropertyValueSpecification","valueRequired":true,"valueName":"search_term_string"}}],"inLanguage":"fr-FR"},{"@type":"Organization","@id":"https:\/\/store.microbiotech.dz\/#organization","name":"Microbiotech EURL","url":"https:\/\/store.microbiotech.dz\/","logo":{"@type":"ImageObject","inLanguage":"fr-FR","@id":"https:\/\/store.microbiotech.dz\/#\/schema\/logo\/image\/","url":"https:\/\/store.microbiotech.dz\/wp-content\/uploads\/2021\/09\/cropped-logo-microbiotech-2.jpg","contentUrl":"https:\/\/store.microbiotech.dz\/wp-content\/uploads\/2021\/09\/cropped-logo-microbiotech-2.jpg","width":815,"height":586,"caption":"Microbiotech EURL"},"image":{"@id":"https:\/\/store.microbiotech.dz\/#\/schema\/logo\/image\/"},"sameAs":["https:\/\/www.facebook.com\/MicroBiotech.dz","https:\/\/x.com\/MicrobiotechD","https:\/\/www.linkedin.com\/in\/microbiotech\/","https:\/\/www.youtube.com\/channel\/UCTxc3VIiX7LXD2LQYfZEcDg"]}]}},"jetpack_sharing_enabled":true,"_links":{"self":[{"href":"https:\/\/store.microbiotech.dz\/index.php\/wp-json\/wp\/v2\/product\/10370","targetHints":{"allow":["GET"]}}],"collection":[{"href":"https:\/\/store.microbiotech.dz\/index.php\/wp-json\/wp\/v2\/product"}],"about":[{"href":"https:\/\/store.microbiotech.dz\/index.php\/wp-json\/wp\/v2\/types\/product"}],"replies":[{"embeddable":true,"href":"https:\/\/store.microbiotech.dz\/index.php\/wp-json\/wp\/v2\/comments?post=10370"}],"wp:featuredmedia":[{"embeddable":true,"href":"https:\/\/store.microbiotech.dz\/index.php\/wp-json\/wp\/v2\/media\/10372"}],"wp:attachment":[{"href":"https:\/\/store.microbiotech.dz\/index.php\/wp-json\/wp\/v2\/media?parent=10370"}],"wp:term":[{"taxonomy":"product_brand","embeddable":true,"href":"https:\/\/store.microbiotech.dz\/index.php\/wp-json\/wp\/v2\/product_brand?post=10370"},{"taxonomy":"product_cat","embeddable":true,"href":"https:\/\/store.microbiotech.dz\/index.php\/wp-json\/wp\/v2\/product_cat?post=10370"},{"taxonomy":"product_tag","embeddable":true,"href":"https:\/\/store.microbiotech.dz\/index.php\/wp-json\/wp\/v2\/product_tag?post=10370"}],"curies":[{"name":"wp","href":"https:\/\/api.w.org\/{rel}","templated":true}]}}