{"id":10172,"date":"2024-12-03T15:56:18","date_gmt":"2024-12-03T14:56:18","guid":{"rendered":"https:\/\/store.microbiotech.dz\/?post_type=product&#038;p=10172"},"modified":"2026-04-05T09:56:05","modified_gmt":"2026-04-05T08:56:05","slug":"huile-pour-pompe-a-vide-errecom","status":"publish","type":"product","link":"https:\/\/store.microbiotech.dz\/index.php\/produit\/huile-pour-pompe-a-vide-errecom\/","title":{"rendered":"Huile pour pompe \u00e0 vide Errecom"},"content":{"rendered":"<p>L&rsquo;Huile pour <a href=\"https:\/\/store.microbiotech.dz\/?s=pompe\" target=\"_blank\" rel=\"noopener\">pompe<\/a> \u00e0 vide Errecom de laboratoire est sp\u00e9cialement con\u00e7ue pour assurer un fonctionnement optimal et fiable de vos \u00e9quipements. Avec une formule avanc\u00e9e qui offre une lubrification sup\u00e9rieure et une r\u00e9sistance exceptionnelle \u00e0 la chaleur et \u00e0 l&rsquo;oxydation, cette huile prolonge la dur\u00e9e de vie de vos <a href=\"https:\/\/fr.wikipedia.org\/wiki\/Pompe_%C3%A0_vide\" target=\"_blank\" rel=\"noopener\">pompes<\/a> tout en r\u00e9duisant les besoins de maintenance. Choisissez la tranquillit\u00e9 d&rsquo;esprit et la performance durable pour vos travaux de laboratoire avec l&rsquo;Huile pour pompe \u00e0 vide Errecom de haute qualit\u00e9.<\/p>\n","protected":false},"excerpt":{"rendered":"<p>&nbsp;<\/p>\n<p>Marque : <strong>Errecom<img loading=\"lazy\" decoding=\"async\" class=\"alignnone wp-image-5529\" src=\"https:\/\/store.microbiotech.dz\/wp-content\/uploads\/2023\/09\/15943523-le-drapeau-italien-sous-la-forme-d-une-icone-de-papier-glace-removebg-preview-300x300.png\" alt=\"\" width=\"42\" height=\"42\" srcset=\"https:\/\/store.microbiotech.dz\/wp-content\/uploads\/2023\/09\/15943523-le-drapeau-italien-sous-la-forme-d-une-icone-de-papier-glace-removebg-preview-300x300.png 300w, https:\/\/store.microbiotech.dz\/wp-content\/uploads\/2023\/09\/15943523-le-drapeau-italien-sous-la-forme-d-une-icone-de-papier-glace-removebg-preview-150x150.png 150w, https:\/\/store.microbiotech.dz\/wp-content\/uploads\/2023\/09\/15943523-le-drapeau-italien-sous-la-forme-d-une-icone-de-papier-glace-removebg-preview-100x100.png 100w, https:\/\/store.microbiotech.dz\/wp-content\/uploads\/2023\/09\/15943523-le-drapeau-italien-sous-la-forme-d-une-icone-de-papier-glace-removebg-preview.png 450w\" sizes=\"auto, (max-width: 42px) 100vw, 42px\" \/><\/strong><\/p>\n","protected":false},"featured_media":12179,"comment_status":"open","ping_status":"closed","template":"","meta":{"site-sidebar-layout":"default","site-content-layout":"","ast-site-content-layout":"default","site-content-style":"default","site-sidebar-style":"default","ast-global-header-display":"","ast-banner-title-visibility":"","ast-main-header-display":"","ast-hfb-above-header-display":"","ast-hfb-below-header-display":"","ast-hfb-mobile-header-display":"","site-post-title":"","ast-breadcrumbs-content":"","ast-featured-img":"","footer-sml-layout":"","ast-disable-related-posts":"","theme-transparent-header-meta":"default","adv-header-id-meta":"","stick-header-meta":"","header-above-stick-meta":"","header-main-stick-meta":"","header-below-stick-meta":"","astra-migrate-meta-layouts":"set","ast-page-background-enabled":"default","ast-page-background-meta":{"desktop":{"background-color":"var(--ast-global-color-4)","background-image":"","background-repeat":"repeat","background-position":"center center","background-size":"auto","background-attachment":"scroll","background-type":"","background-media":"","overlay-type":"","overlay-color":"","overlay-opacity":"","overlay-gradient":""},"tablet":{"background-color":"","background-image":"","background-repeat":"repeat","background-position":"center center","background-size":"auto","background-attachment":"scroll","background-type":"","background-media":"","overlay-type":"","overlay-color":"","overlay-opacity":"","overlay-gradient":""},"mobile":{"background-color":"","background-image":"","background-repeat":"repeat","background-position":"center center","background-size":"auto","background-attachment":"scroll","background-type":"","background-media":"","overlay-type":"","overlay-color":"","overlay-opacity":"","overlay-gradient":""}},"ast-content-background-meta":{"desktop":{"background-color":"var(--ast-global-color-5)","background-image":"","background-repeat":"repeat","background-position":"center center","background-size":"auto","background-attachment":"scroll","background-type":"","background-media":"","overlay-type":"","overlay-color":"","overlay-opacity":"","overlay-gradient":""},"tablet":{"background-color":"var(--ast-global-color-5)","background-image":"","background-repeat":"repeat","background-position":"center center","background-size":"auto","background-attachment":"scroll","background-type":"","background-media":"","overlay-type":"","overlay-color":"","overlay-opacity":"","overlay-gradient":""},"mobile":{"background-color":"var(--ast-global-color-5)","background-image":"","background-repeat":"repeat","background-position":"center center","background-size":"auto","background-attachment":"scroll","background-type":"","background-media":"","overlay-type":"","overlay-color":"","overlay-opacity":"","overlay-gradient":""}},"jetpack_post_was_ever_published":false},"product_brand":[],"product_cat":[94],"product_tag":[2674,2330,1312,2368,2367,1079,450,2005,2329],"class_list":{"0":"post-10172","1":"product","2":"type-product","3":"status-publish","4":"has-post-thumbnail","6":"product_cat-additifs-et-autres","7":"product_tag-errecom","8":"product_tag-f140","9":"product_tag-huile","10":"product_tag-lubrification","11":"product_tag-oil","12":"product_tag-pompe","13":"product_tag-pompe-a-vide","14":"product_tag-vacuum","15":"product_tag-vacuum-pump","16":"desktop-align-center","17":"tablet-align-left","18":"mobile-align-left","20":"first","21":"instock","22":"taxable","23":"shipping-taxable","24":"purchasable","25":"product-type-variable"},"yoast_head":"<!-- This site is optimized with the Yoast SEO plugin v27.4 - https:\/\/yoast.com\/product\/yoast-seo-wordpress\/ -->\n<title>Huile pour pompe \u00e0 vide Errecom - La Boutique en ligne<\/title>\n<meta name=\"description\" content=\"Choisissez la tranquillit\u00e9 d&#039;esprit et la performance durable pour vos travaux de laboratoire avec l&#039;Huile pour pompe \u00e0 vide Errecom de haute qualit\u00e9.\" \/>\n<meta name=\"robots\" content=\"index, follow, max-snippet:-1, max-image-preview:large, max-video-preview:-1\" \/>\n<link rel=\"canonical\" href=\"https:\/\/store.microbiotech.dz\/index.php\/produit\/huile-pour-pompe-a-vide-errecom\/\" \/>\n<meta property=\"og:locale\" content=\"fr_FR\" \/>\n<meta property=\"og:type\" content=\"article\" \/>\n<meta property=\"og:title\" content=\"Huile pour pompe \u00e0 vide Errecom - La Boutique en ligne\" \/>\n<meta property=\"og:description\" content=\"Choisissez la tranquillit\u00e9 d&#039;esprit et la performance durable pour vos travaux de laboratoire avec l&#039;Huile pour pompe \u00e0 vide Errecom de haute qualit\u00e9.\" \/>\n<meta property=\"og:url\" content=\"https:\/\/store.microbiotech.dz\/index.php\/produit\/huile-pour-pompe-a-vide-errecom\/\" \/>\n<meta property=\"og:site_name\" content=\"La Boutique en ligne\" \/>\n<meta property=\"article:publisher\" content=\"https:\/\/www.facebook.com\/MicroBiotech.dz\" \/>\n<meta property=\"article:modified_time\" content=\"2026-04-05T08:56:05+00:00\" \/>\n<meta property=\"og:image\" content=\"https:\/\/store.microbiotech.dz\/wp-content\/uploads\/2024\/07\/oil.webp\" \/>\n\t<meta property=\"og:image:width\" content=\"600\" \/>\n\t<meta property=\"og:image:height\" content=\"600\" \/>\n\t<meta property=\"og:image:type\" content=\"image\/webp\" \/>\n<meta name=\"twitter:card\" content=\"summary_large_image\" \/>\n<meta name=\"twitter:site\" content=\"@MicrobiotechD\" \/>\n<script type=\"application\/ld+json\" class=\"yoast-schema-graph\">{\"@context\":\"https:\\\/\\\/schema.org\",\"@graph\":[{\"@type\":\"WebPage\",\"@id\":\"https:\\\/\\\/store.microbiotech.dz\\\/index.php\\\/produit\\\/huile-pour-pompe-a-vide-errecom\\\/\",\"url\":\"https:\\\/\\\/store.microbiotech.dz\\\/index.php\\\/produit\\\/huile-pour-pompe-a-vide-errecom\\\/\",\"name\":\"Huile pour pompe \u00e0 vide Errecom - La Boutique en ligne\",\"isPartOf\":{\"@id\":\"https:\\\/\\\/store.microbiotech.dz\\\/#website\"},\"primaryImageOfPage\":{\"@id\":\"https:\\\/\\\/store.microbiotech.dz\\\/index.php\\\/produit\\\/huile-pour-pompe-a-vide-errecom\\\/#primaryimage\"},\"image\":{\"@id\":\"https:\\\/\\\/store.microbiotech.dz\\\/index.php\\\/produit\\\/huile-pour-pompe-a-vide-errecom\\\/#primaryimage\"},\"thumbnailUrl\":\"https:\\\/\\\/store.microbiotech.dz\\\/wp-content\\\/uploads\\\/2024\\\/07\\\/oil.webp\",\"datePublished\":\"2024-12-03T14:56:18+00:00\",\"dateModified\":\"2026-04-05T08:56:05+00:00\",\"description\":\"Choisissez la tranquillit\u00e9 d'esprit et la performance durable pour vos travaux de laboratoire avec l'Huile pour pompe \u00e0 vide Errecom de haute qualit\u00e9.\",\"breadcrumb\":{\"@id\":\"https:\\\/\\\/store.microbiotech.dz\\\/index.php\\\/produit\\\/huile-pour-pompe-a-vide-errecom\\\/#breadcrumb\"},\"inLanguage\":\"fr-FR\",\"potentialAction\":[{\"@type\":\"ReadAction\",\"target\":[\"https:\\\/\\\/store.microbiotech.dz\\\/index.php\\\/produit\\\/huile-pour-pompe-a-vide-errecom\\\/\"]}]},{\"@type\":\"ImageObject\",\"inLanguage\":\"fr-FR\",\"@id\":\"https:\\\/\\\/store.microbiotech.dz\\\/index.php\\\/produit\\\/huile-pour-pompe-a-vide-errecom\\\/#primaryimage\",\"url\":\"https:\\\/\\\/store.microbiotech.dz\\\/wp-content\\\/uploads\\\/2024\\\/07\\\/oil.webp\",\"contentUrl\":\"https:\\\/\\\/store.microbiotech.dz\\\/wp-content\\\/uploads\\\/2024\\\/07\\\/oil.webp\",\"width\":600,\"height\":600,\"caption\":\"Huile pour pompe \u00e0 vide Errecom\"},{\"@type\":\"BreadcrumbList\",\"@id\":\"https:\\\/\\\/store.microbiotech.dz\\\/index.php\\\/produit\\\/huile-pour-pompe-a-vide-errecom\\\/#breadcrumb\",\"itemListElement\":[{\"@type\":\"ListItem\",\"position\":1,\"name\":\"Accueil\",\"item\":\"https:\\\/\\\/store.microbiotech.dz\\\/\"},{\"@type\":\"ListItem\",\"position\":2,\"name\":\"Nos Produits\",\"item\":\"https:\\\/\\\/store.microbiotech.dz\\\/index.php\\\/nos-produits\\\/\"},{\"@type\":\"ListItem\",\"position\":3,\"name\":\"Huile pour pompe \u00e0 vide Errecom\"}]},{\"@type\":\"WebSite\",\"@id\":\"https:\\\/\\\/store.microbiotech.dz\\\/#website\",\"url\":\"https:\\\/\\\/store.microbiotech.dz\\\/\",\"name\":\"La Boutique en ligne\",\"description\":\"Qualit\u00e9 - Rapidit\u00e9 - Tranquillit\u00e9\",\"publisher\":{\"@id\":\"https:\\\/\\\/store.microbiotech.dz\\\/#organization\"},\"potentialAction\":[{\"@type\":\"SearchAction\",\"target\":{\"@type\":\"EntryPoint\",\"urlTemplate\":\"https:\\\/\\\/store.microbiotech.dz\\\/?s={search_term_string}\"},\"query-input\":{\"@type\":\"PropertyValueSpecification\",\"valueRequired\":true,\"valueName\":\"search_term_string\"}}],\"inLanguage\":\"fr-FR\"},{\"@type\":\"Organization\",\"@id\":\"https:\\\/\\\/store.microbiotech.dz\\\/#organization\",\"name\":\"Microbiotech EURL\",\"url\":\"https:\\\/\\\/store.microbiotech.dz\\\/\",\"logo\":{\"@type\":\"ImageObject\",\"inLanguage\":\"fr-FR\",\"@id\":\"https:\\\/\\\/store.microbiotech.dz\\\/#\\\/schema\\\/logo\\\/image\\\/\",\"url\":\"https:\\\/\\\/store.microbiotech.dz\\\/wp-content\\\/uploads\\\/2021\\\/09\\\/cropped-logo-microbiotech-2.jpg\",\"contentUrl\":\"https:\\\/\\\/store.microbiotech.dz\\\/wp-content\\\/uploads\\\/2021\\\/09\\\/cropped-logo-microbiotech-2.jpg\",\"width\":815,\"height\":586,\"caption\":\"Microbiotech EURL\"},\"image\":{\"@id\":\"https:\\\/\\\/store.microbiotech.dz\\\/#\\\/schema\\\/logo\\\/image\\\/\"},\"sameAs\":[\"https:\\\/\\\/www.facebook.com\\\/MicroBiotech.dz\",\"https:\\\/\\\/x.com\\\/MicrobiotechD\",\"https:\\\/\\\/www.linkedin.com\\\/in\\\/microbiotech\\\/\",\"https:\\\/\\\/www.youtube.com\\\/channel\\\/UCTxc3VIiX7LXD2LQYfZEcDg\"]}]}<\/script>\n<!-- \/ Yoast SEO plugin. -->","yoast_head_json":{"title":"Huile pour pompe \u00e0 vide Errecom - La Boutique en ligne","description":"Choisissez la tranquillit\u00e9 d'esprit et la performance durable pour vos travaux de laboratoire avec l'Huile pour pompe \u00e0 vide Errecom de haute qualit\u00e9.","robots":{"index":"index","follow":"follow","max-snippet":"max-snippet:-1","max-image-preview":"max-image-preview:large","max-video-preview":"max-video-preview:-1"},"canonical":"https:\/\/store.microbiotech.dz\/index.php\/produit\/huile-pour-pompe-a-vide-errecom\/","og_locale":"fr_FR","og_type":"article","og_title":"Huile pour pompe \u00e0 vide Errecom - La Boutique en ligne","og_description":"Choisissez la tranquillit\u00e9 d'esprit et la performance durable pour vos travaux de laboratoire avec l'Huile pour pompe \u00e0 vide Errecom de haute qualit\u00e9.","og_url":"https:\/\/store.microbiotech.dz\/index.php\/produit\/huile-pour-pompe-a-vide-errecom\/","og_site_name":"La Boutique en ligne","article_publisher":"https:\/\/www.facebook.com\/MicroBiotech.dz","article_modified_time":"2026-04-05T08:56:05+00:00","og_image":[{"width":600,"height":600,"url":"https:\/\/store.microbiotech.dz\/wp-content\/uploads\/2024\/07\/oil.webp","type":"image\/webp"}],"twitter_card":"summary_large_image","twitter_site":"@MicrobiotechD","schema":{"@context":"https:\/\/schema.org","@graph":[{"@type":"WebPage","@id":"https:\/\/store.microbiotech.dz\/index.php\/produit\/huile-pour-pompe-a-vide-errecom\/","url":"https:\/\/store.microbiotech.dz\/index.php\/produit\/huile-pour-pompe-a-vide-errecom\/","name":"Huile pour pompe \u00e0 vide Errecom - La Boutique en ligne","isPartOf":{"@id":"https:\/\/store.microbiotech.dz\/#website"},"primaryImageOfPage":{"@id":"https:\/\/store.microbiotech.dz\/index.php\/produit\/huile-pour-pompe-a-vide-errecom\/#primaryimage"},"image":{"@id":"https:\/\/store.microbiotech.dz\/index.php\/produit\/huile-pour-pompe-a-vide-errecom\/#primaryimage"},"thumbnailUrl":"https:\/\/store.microbiotech.dz\/wp-content\/uploads\/2024\/07\/oil.webp","datePublished":"2024-12-03T14:56:18+00:00","dateModified":"2026-04-05T08:56:05+00:00","description":"Choisissez la tranquillit\u00e9 d'esprit et la performance durable pour vos travaux de laboratoire avec l'Huile pour pompe \u00e0 vide Errecom de haute qualit\u00e9.","breadcrumb":{"@id":"https:\/\/store.microbiotech.dz\/index.php\/produit\/huile-pour-pompe-a-vide-errecom\/#breadcrumb"},"inLanguage":"fr-FR","potentialAction":[{"@type":"ReadAction","target":["https:\/\/store.microbiotech.dz\/index.php\/produit\/huile-pour-pompe-a-vide-errecom\/"]}]},{"@type":"ImageObject","inLanguage":"fr-FR","@id":"https:\/\/store.microbiotech.dz\/index.php\/produit\/huile-pour-pompe-a-vide-errecom\/#primaryimage","url":"https:\/\/store.microbiotech.dz\/wp-content\/uploads\/2024\/07\/oil.webp","contentUrl":"https:\/\/store.microbiotech.dz\/wp-content\/uploads\/2024\/07\/oil.webp","width":600,"height":600,"caption":"Huile pour pompe \u00e0 vide Errecom"},{"@type":"BreadcrumbList","@id":"https:\/\/store.microbiotech.dz\/index.php\/produit\/huile-pour-pompe-a-vide-errecom\/#breadcrumb","itemListElement":[{"@type":"ListItem","position":1,"name":"Accueil","item":"https:\/\/store.microbiotech.dz\/"},{"@type":"ListItem","position":2,"name":"Nos Produits","item":"https:\/\/store.microbiotech.dz\/index.php\/nos-produits\/"},{"@type":"ListItem","position":3,"name":"Huile pour pompe \u00e0 vide Errecom"}]},{"@type":"WebSite","@id":"https:\/\/store.microbiotech.dz\/#website","url":"https:\/\/store.microbiotech.dz\/","name":"La Boutique en ligne","description":"Qualit\u00e9 - Rapidit\u00e9 - Tranquillit\u00e9","publisher":{"@id":"https:\/\/store.microbiotech.dz\/#organization"},"potentialAction":[{"@type":"SearchAction","target":{"@type":"EntryPoint","urlTemplate":"https:\/\/store.microbiotech.dz\/?s={search_term_string}"},"query-input":{"@type":"PropertyValueSpecification","valueRequired":true,"valueName":"search_term_string"}}],"inLanguage":"fr-FR"},{"@type":"Organization","@id":"https:\/\/store.microbiotech.dz\/#organization","name":"Microbiotech EURL","url":"https:\/\/store.microbiotech.dz\/","logo":{"@type":"ImageObject","inLanguage":"fr-FR","@id":"https:\/\/store.microbiotech.dz\/#\/schema\/logo\/image\/","url":"https:\/\/store.microbiotech.dz\/wp-content\/uploads\/2021\/09\/cropped-logo-microbiotech-2.jpg","contentUrl":"https:\/\/store.microbiotech.dz\/wp-content\/uploads\/2021\/09\/cropped-logo-microbiotech-2.jpg","width":815,"height":586,"caption":"Microbiotech EURL"},"image":{"@id":"https:\/\/store.microbiotech.dz\/#\/schema\/logo\/image\/"},"sameAs":["https:\/\/www.facebook.com\/MicroBiotech.dz","https:\/\/x.com\/MicrobiotechD","https:\/\/www.linkedin.com\/in\/microbiotech\/","https:\/\/www.youtube.com\/channel\/UCTxc3VIiX7LXD2LQYfZEcDg"]}]}},"jetpack_sharing_enabled":true,"_links":{"self":[{"href":"https:\/\/store.microbiotech.dz\/index.php\/wp-json\/wp\/v2\/product\/10172","targetHints":{"allow":["GET"]}}],"collection":[{"href":"https:\/\/store.microbiotech.dz\/index.php\/wp-json\/wp\/v2\/product"}],"about":[{"href":"https:\/\/store.microbiotech.dz\/index.php\/wp-json\/wp\/v2\/types\/product"}],"replies":[{"embeddable":true,"href":"https:\/\/store.microbiotech.dz\/index.php\/wp-json\/wp\/v2\/comments?post=10172"}],"wp:featuredmedia":[{"embeddable":true,"href":"https:\/\/store.microbiotech.dz\/index.php\/wp-json\/wp\/v2\/media\/12179"}],"wp:attachment":[{"href":"https:\/\/store.microbiotech.dz\/index.php\/wp-json\/wp\/v2\/media?parent=10172"}],"wp:term":[{"taxonomy":"product_brand","embeddable":true,"href":"https:\/\/store.microbiotech.dz\/index.php\/wp-json\/wp\/v2\/product_brand?post=10172"},{"taxonomy":"product_cat","embeddable":true,"href":"https:\/\/store.microbiotech.dz\/index.php\/wp-json\/wp\/v2\/product_cat?post=10172"},{"taxonomy":"product_tag","embeddable":true,"href":"https:\/\/store.microbiotech.dz\/index.php\/wp-json\/wp\/v2\/product_tag?post=10172"}],"curies":[{"name":"wp","href":"https:\/\/api.w.org\/{rel}","templated":true}]}}