{"id":19,"date":"2021-09-16T11:16:47","date_gmt":"2021-09-16T10:16:47","guid":{"rendered":"https:\/\/store.microbiotech.dz\/?page_id=19"},"modified":"2026-02-27T12:18:38","modified_gmt":"2026-02-27T11:18:38","slug":"a-propos-de-nous","status":"publish","type":"page","link":"https:\/\/store.microbiotech.dz\/index.php\/a-propos-de-nous\/","title":{"rendered":"\u00c0 propos de nous"},"content":{"rendered":"<div><span style=\"color: #000000;\"><b>E.U.R.L. MICROBIOTECH<\/b><\/span><\/div>\n<div><strong>Capital: 5.000.000,00 DZD<\/strong>\u00a0<\/div>\n<div>\u00a0<\/div>\n<div><span style=\"color: #000000;\"><b style=\"color: #000000;\">Fabrication de R\u00e9actifs, consommables et <\/b><span style=\"color: #000000;\"><b>\u00e9quipements<\/b><\/span><b style=\"color: #000000;\"> de Laboratoires<\/b><\/span><\/div>\n<div>\n<div><span style=\"color: #000000;\"><b>RC:\u00a0<\/b><b>13B0090561\u00a0 \u00a0 \u00a0\u00a0<\/b><b>NIF: 001319009056173\u00a0 \u00a0 \u00a0<\/b><\/span><span style=\"color: #000000;\"><b>NIS: 001319010025955<\/b><\/span><\/div>\n<div>\u00a0<\/div>\n<div><span style=\"color: #000000;\"><b style=\"color: #000000;\">Distribution de r\u00e9actifs et \u00e9quipements de laboratoires, de produits parapharmaceutique et de dispositifs m\u00e9dicaux.<\/b><\/span><\/div>\n<div><span style=\"color: #000000;\"><b>RC:\u00a0<\/b><b>13B0090561-19\/02\u00a0 \u00a0 \u00a0 <\/b><b>NIF: 00131900905617319002\u00a0 \u00a0 \u00a0<\/b><\/span><span style=\"color: #000000;\"><b>NIS: 001319010025955<\/b><\/span><\/div>\n<div><span style=\"color: #000000;\"><b>RIB: 032 00100 9682801208 83 (Agence AGB S\u00e9tif N\u00b0: 100)\u00a0\u00a0<\/b><\/span><\/div>\n<\/div>\n<p>Cr\u00e9e en 2013, <strong>EURL MicroBiotech<\/strong> est une entreprise sise \u00e0 S\u00e9tif qui active dans la fabrication et la commercialisation de r\u00e9actifs; consommables et \u00e9quipements de laboratoire, elle est sp\u00e9cialis\u00e9e en microbiologie. Nous fabriquons actuellement cinq gammes de produits,\u00a0 les milieux de cultures pr\u00eats \u00e0 l\u2019emploi, les colorants, les additifs, les diff\u00e9rents types d\u2019eaux analytiques (type 3, type 2, type 1) et les r\u00e9actifs pr\u00eats \u00e0 l\u2019emploi destin\u00e9s \u00e0 la biologie mol\u00e9culaire comme les colorants d\u2019ADN, les Tampons de migration, les gels de migration d\u2019ADN et prochainement d\u2019autres produits pour l\u2019extraction et la purification d\u2019ADN \/ARN.<\/p>\n<p>En 2023, apr\u00e8s dix ans d\u2019exp\u00e9rience et de pr\u00e9sence sur le march\u00e9 Alg\u00e9rien, nous avons \u00e9largie notre activit\u00e9 pour devenir distributeur et rendre disponibles tous types d&rsquo;\u00e9quipements et consommables de laboratoires ainsi que des produits parapharmaceutiques et des dispositifs m\u00e9dicaux. Grace \u00e0 Dieu et gr\u00e2ce \u00e0 l&rsquo;efficacit\u00e9, le savoir faire et le dynamisme de notre jeune \u00e9quipe nous avons pu nous positionn\u00e9 comme un partenaire fiable et incontournable sur tout le territoire national.<\/p>\n\n\n<figure class=\"wp-block-image aligncenter size-large is-resized\"><a href=\"https:\/\/www.google.com\/maps\/place\/MicroBiotech\/@36.1933937,5.4214955,17z\/data=!4m18!1m9!3m8!1s0x12f317c3e049af59:0x31e1a83f25bdb040!2sMicroBiotech!8m2!3d36.1933937!4d5.4214955!9m1!1b1!16s%2Fg%2F11bw5zz0ty!3m7!1s0x12f317c3e049af59:0x31e1a83f25bdb040!8m2!3d36.1933937!4d5.4214955!9m1!1b1!16s%2Fg%2F11bw5zz0ty?entry=ttu&amp;g_ep=EgoyMDI2MDIyNC4wIKXMDSoASAFQAw%3D%3D\" target=\"_blank\" rel=\" noreferrer noopener\"><img loading=\"lazy\" decoding=\"async\" width=\"1024\" height=\"593\" src=\"https:\/\/store.microbiotech.dz\/wp-content\/uploads\/2026\/02\/voir-les-avis-clients-2-e1772191028800-1024x593.webp\" alt=\"\" class=\"wp-image-19837\" style=\"aspect-ratio:2.174151716456502;width:733px;height:auto\" srcset=\"https:\/\/store.microbiotech.dz\/wp-content\/uploads\/2026\/02\/voir-les-avis-clients-2-e1772191028800-1024x593.webp 1024w, https:\/\/store.microbiotech.dz\/wp-content\/uploads\/2026\/02\/voir-les-avis-clients-2-e1772191028800-300x174.webp 300w, https:\/\/store.microbiotech.dz\/wp-content\/uploads\/2026\/02\/voir-les-avis-clients-2-e1772191028800-768x445.webp 768w, https:\/\/store.microbiotech.dz\/wp-content\/uploads\/2026\/02\/voir-les-avis-clients-2-e1772191028800-600x348.webp 600w, https:\/\/store.microbiotech.dz\/wp-content\/uploads\/2026\/02\/voir-les-avis-clients-2-e1772191028800.webp 1536w\" sizes=\"auto, (max-width: 1024px) 100vw, 1024px\" \/><\/a><figcaption class=\"wp-element-caption\"><a href=\"https:\/\/g.page\/r\/CUCwvSU_qOExEB0\/review\" target=\"_blank\" rel=\"noreferrer noopener\">Evaluez-nous <\/a><\/figcaption><\/figure>\n\n\n\n<div style=\"height:27px\" aria-hidden=\"true\" class=\"wp-block-spacer\"><\/div>\n\n\n\n<div class=\"wp-block-columns are-vertically-aligned-top is-layout-flex wp-container-core-columns-is-layout-28f84493 wp-block-columns-is-layout-flex\">\n<div class=\"wp-block-column is-vertically-aligned-top is-layout-flow wp-block-column-is-layout-flow\">\n<h3 class=\"wp-block-heading\">Horaires de travail :<\/h3>\n\n\n<dl class=\"jetpack-business-hours wp-block-jetpack-business-hours\"><div class=\"jetpack-business-hours__item\"><dt class=\"Sun\">Dimanche<\/dt><dd class=\"Sun\">08:30 &#8211; 16:00<\/dd><\/div><div class=\"jetpack-business-hours__item\"><dt class=\"Mon\">Lundi<\/dt><dd class=\"Mon\">08:30 &#8211; 16:00<\/dd><\/div><div class=\"jetpack-business-hours__item\"><dt class=\"Tue\">Mardi<\/dt><dd class=\"Tue\">08:30 &#8211; 16:00<\/dd><\/div><div class=\"jetpack-business-hours__item\"><dt class=\"Wed\">Mercredi<\/dt><dd class=\"Wed\">08:30 &#8211; 16:00<\/dd><\/div><div class=\"jetpack-business-hours__item\"><dt class=\"Thu\">Jeudi<\/dt><dd class=\"Thu\">09:00 &#8211; 16:00<\/dd><\/div><div class=\"jetpack-business-hours__item\"><dt class=\"Fri\">Vendredi<\/dt><dd class=\"Fri\">Ferm\u00e9<\/dd><\/div><div class=\"jetpack-business-hours__item\"><dt class=\"Sat\">Samedi<\/dt><dd class=\"Sat\">Ferm\u00e9<\/dd><\/div><\/dl><\/div>\n\n\n\n<div class=\"wp-block-column is-vertically-aligned-top is-layout-flow wp-block-column-is-layout-flow\">\n<h3 class=\"wp-block-heading\">Horaires de travail durant le Ramadan:<\/h3>\n\n\n<dl class=\"jetpack-business-hours wp-block-jetpack-business-hours\"><div class=\"jetpack-business-hours__item\"><dt class=\"Sun\">Dimanche<\/dt><dd class=\"Sun\">08:30 &#8211; 15:00<\/dd><\/div><div class=\"jetpack-business-hours__item\"><dt class=\"Mon\">Lundi<\/dt><dd class=\"Mon\">08:30 &#8211; 15:00<\/dd><\/div><div class=\"jetpack-business-hours__item\"><dt class=\"Tue\">Mardi<\/dt><dd class=\"Tue\">08:30 &#8211; 15:00<\/dd><\/div><div class=\"jetpack-business-hours__item\"><dt class=\"Wed\">Mercredi<\/dt><dd class=\"Wed\">08:30 &#8211; 15:00<\/dd><\/div><div class=\"jetpack-business-hours__item\"><dt class=\"Thu\">Jeudi<\/dt><dd class=\"Thu\">08:30 &#8211; 15:00<\/dd><\/div><div class=\"jetpack-business-hours__item\"><dt class=\"Fri\">Vendredi<\/dt><dd class=\"Fri\">Ferm\u00e9<\/dd><\/div><div class=\"jetpack-business-hours__item\"><dt class=\"Sat\">Samedi<\/dt><dd class=\"Sat\">Ferm\u00e9<\/dd><\/div><\/dl><\/div>\n<\/div>\n\n\n\n<div style=\"height:100px\" aria-hidden=\"true\" class=\"wp-block-spacer\"><\/div>\n\n\n\n<p><\/p>\n","protected":false},"excerpt":{"rendered":"<p>E.U.R.L. MICROBIOTECH Capital: 5.000.000,00 DZD\u00a0 \u00a0 Fabrication de R\u00e9actifs, consommables et \u00e9quipements de Laboratoires RC:\u00a013B0090561\u00a0 \u00a0 \u00a0\u00a0NIF: 001319009056173\u00a0 \u00a0 \u00a0NIS: 001319010025955 \u00a0 Distribution de r\u00e9actifs et \u00e9quipements de laboratoires, de produits parapharmaceutique et de dispositifs m\u00e9dicaux. RC:\u00a013B0090561-19\/02\u00a0 \u00a0 \u00a0 NIF: 00131900905617319002\u00a0 \u00a0 \u00a0NIS: 001319010025955 RIB: 032 00100 9682801208 83 (Agence AGB S\u00e9tif N\u00b0: 100)\u00a0\u00a0 Cr\u00e9e [&hellip;]<\/p>\n","protected":false},"author":1,"featured_media":0,"parent":0,"menu_order":0,"comment_status":"closed","ping_status":"closed","template":"","meta":{"site-sidebar-layout":"no-sidebar","site-content-layout":"default","ast-site-content-layout":"default","site-content-style":"default","site-sidebar-style":"default","ast-global-header-display":"","ast-banner-title-visibility":"","ast-main-header-display":"","ast-hfb-above-header-display":"","ast-hfb-below-header-display":"","ast-hfb-mobile-header-display":"","site-post-title":"","ast-breadcrumbs-content":"","ast-featured-img":"","footer-sml-layout":"","ast-disable-related-posts":"","theme-transparent-header-meta":"default","adv-header-id-meta":"","stick-header-meta":"","header-above-stick-meta":"","header-main-stick-meta":"","header-below-stick-meta":"","astra-migrate-meta-layouts":"set","ast-page-background-enabled":"default","ast-page-background-meta":{"desktop":{"background-color":"var(--ast-global-color-4)","background-image":"","background-repeat":"repeat","background-position":"center center","background-size":"auto","background-attachment":"scroll","background-type":"","background-media":"","overlay-type":"","overlay-color":"","overlay-opacity":"","overlay-gradient":""},"tablet":{"background-color":"","background-image":"","background-repeat":"repeat","background-position":"center center","background-size":"auto","background-attachment":"scroll","background-type":"","background-media":"","overlay-type":"","overlay-color":"","overlay-opacity":"","overlay-gradient":""},"mobile":{"background-color":"","background-image":"","background-repeat":"repeat","background-position":"center center","background-size":"auto","background-attachment":"scroll","background-type":"","background-media":"","overlay-type":"","overlay-color":"","overlay-opacity":"","overlay-gradient":""}},"ast-content-background-meta":{"desktop":{"background-color":"var(--ast-global-color-5)","background-image":"","background-repeat":"repeat","background-position":"center center","background-size":"auto","background-attachment":"scroll","background-type":"","background-media":"","overlay-type":"","overlay-color":"","overlay-opacity":"","overlay-gradient":""},"tablet":{"background-color":"var(--ast-global-color-5)","background-image":"","background-repeat":"repeat","background-position":"center center","background-size":"auto","background-attachment":"scroll","background-type":"","background-media":"","overlay-type":"","overlay-color":"","overlay-opacity":"","overlay-gradient":""},"mobile":{"background-color":"var(--ast-global-color-5)","background-image":"","background-repeat":"repeat","background-position":"center center","background-size":"auto","background-attachment":"scroll","background-type":"","background-media":"","overlay-type":"","overlay-color":"","overlay-opacity":"","overlay-gradient":""}},"jetpack_post_was_ever_published":false,"footnotes":""},"class_list":["post-19","page","type-page","status-publish","hentry"],"yoast_head":"<!-- This site is optimized with the Yoast SEO plugin v27.4 - https:\/\/yoast.com\/product\/yoast-seo-wordpress\/ -->\n<title>\u00c0 propos de nous La Boutique en ligne<\/title>\n<meta name=\"description\" content=\"Qui sommes nous et que faisons nous? cette page vous renseignera sur l&#039;historique et l&#039;activit\u00e9 de notre entreprise, tout \u00e0 propos de nous.\" \/>\n<meta name=\"robots\" content=\"index, follow, max-snippet:-1, max-image-preview:large, max-video-preview:-1\" \/>\n<link rel=\"canonical\" href=\"https:\/\/store.microbiotech.dz\/index.php\/a-propos-de-nous\/\" \/>\n<meta property=\"og:locale\" content=\"fr_FR\" \/>\n<meta property=\"og:type\" content=\"article\" \/>\n<meta property=\"og:title\" content=\"\u00c0 propos de nous La Boutique en ligne\" \/>\n<meta property=\"og:description\" content=\"Qui sommes nous et que faisons nous? cette page vous renseignera sur l&#039;historique et l&#039;activit\u00e9 de notre entreprise, tout \u00e0 propos de nous.\" \/>\n<meta property=\"og:url\" content=\"https:\/\/store.microbiotech.dz\/index.php\/a-propos-de-nous\/\" \/>\n<meta property=\"og:site_name\" content=\"La Boutique en ligne\" \/>\n<meta property=\"article:publisher\" content=\"https:\/\/www.facebook.com\/MicroBiotech.dz\" \/>\n<meta property=\"article:modified_time\" content=\"2026-02-27T11:18:38+00:00\" \/>\n<meta property=\"og:image\" content=\"https:\/\/store.microbiotech.dz\/wp-content\/uploads\/2026\/02\/voir-les-avis-clients-2-e1772191028800.webp\" \/>\n\t<meta property=\"og:image:width\" content=\"1536\" \/>\n\t<meta property=\"og:image:height\" content=\"890\" \/>\n\t<meta property=\"og:image:type\" content=\"image\/webp\" \/>\n<meta name=\"twitter:card\" content=\"summary_large_image\" \/>\n<meta name=\"twitter:site\" content=\"@MicrobiotechD\" \/>\n<meta name=\"twitter:label1\" content=\"Dur\u00e9e de lecture estim\u00e9e\" \/>\n\t<meta name=\"twitter:data1\" content=\"1 minute\" \/>\n<script type=\"application\/ld+json\" class=\"yoast-schema-graph\">{\"@context\":\"https:\\\/\\\/schema.org\",\"@graph\":[{\"@type\":\"WebPage\",\"@id\":\"https:\\\/\\\/store.microbiotech.dz\\\/index.php\\\/a-propos-de-nous\\\/\",\"url\":\"https:\\\/\\\/store.microbiotech.dz\\\/index.php\\\/a-propos-de-nous\\\/\",\"name\":\"\u00c0 propos de nous La Boutique en ligne\",\"isPartOf\":{\"@id\":\"https:\\\/\\\/store.microbiotech.dz\\\/#website\"},\"primaryImageOfPage\":{\"@id\":\"https:\\\/\\\/store.microbiotech.dz\\\/index.php\\\/a-propos-de-nous\\\/#primaryimage\"},\"image\":{\"@id\":\"https:\\\/\\\/store.microbiotech.dz\\\/index.php\\\/a-propos-de-nous\\\/#primaryimage\"},\"thumbnailUrl\":\"https:\\\/\\\/store.microbiotech.dz\\\/wp-content\\\/uploads\\\/2026\\\/02\\\/voir-les-avis-clients-2-e1772191028800-1024x593.webp\",\"datePublished\":\"2021-09-16T10:16:47+00:00\",\"dateModified\":\"2026-02-27T11:18:38+00:00\",\"description\":\"Qui sommes nous et que faisons nous? cette page vous renseignera sur l'historique et l'activit\u00e9 de notre entreprise, tout \u00e0 propos de nous.\",\"breadcrumb\":{\"@id\":\"https:\\\/\\\/store.microbiotech.dz\\\/index.php\\\/a-propos-de-nous\\\/#breadcrumb\"},\"inLanguage\":\"fr-FR\",\"potentialAction\":[{\"@type\":\"ReadAction\",\"target\":[\"https:\\\/\\\/store.microbiotech.dz\\\/index.php\\\/a-propos-de-nous\\\/\"]}]},{\"@type\":\"ImageObject\",\"inLanguage\":\"fr-FR\",\"@id\":\"https:\\\/\\\/store.microbiotech.dz\\\/index.php\\\/a-propos-de-nous\\\/#primaryimage\",\"url\":\"https:\\\/\\\/store.microbiotech.dz\\\/wp-content\\\/uploads\\\/2026\\\/02\\\/voir-les-avis-clients-2-e1772191028800.webp\",\"contentUrl\":\"https:\\\/\\\/store.microbiotech.dz\\\/wp-content\\\/uploads\\\/2026\\\/02\\\/voir-les-avis-clients-2-e1772191028800.webp\",\"width\":1536,\"height\":890},{\"@type\":\"BreadcrumbList\",\"@id\":\"https:\\\/\\\/store.microbiotech.dz\\\/index.php\\\/a-propos-de-nous\\\/#breadcrumb\",\"itemListElement\":[{\"@type\":\"ListItem\",\"position\":1,\"name\":\"Accueil\",\"item\":\"https:\\\/\\\/store.microbiotech.dz\\\/\"},{\"@type\":\"ListItem\",\"position\":2,\"name\":\"\u00c0 propos de nous\"}]},{\"@type\":\"WebSite\",\"@id\":\"https:\\\/\\\/store.microbiotech.dz\\\/#website\",\"url\":\"https:\\\/\\\/store.microbiotech.dz\\\/\",\"name\":\"La Boutique en ligne\",\"description\":\"Qualit\u00e9 - Rapidit\u00e9 - Tranquillit\u00e9\",\"publisher\":{\"@id\":\"https:\\\/\\\/store.microbiotech.dz\\\/#organization\"},\"potentialAction\":[{\"@type\":\"SearchAction\",\"target\":{\"@type\":\"EntryPoint\",\"urlTemplate\":\"https:\\\/\\\/store.microbiotech.dz\\\/?s={search_term_string}\"},\"query-input\":{\"@type\":\"PropertyValueSpecification\",\"valueRequired\":true,\"valueName\":\"search_term_string\"}}],\"inLanguage\":\"fr-FR\"},{\"@type\":\"Organization\",\"@id\":\"https:\\\/\\\/store.microbiotech.dz\\\/#organization\",\"name\":\"Microbiotech EURL\",\"url\":\"https:\\\/\\\/store.microbiotech.dz\\\/\",\"logo\":{\"@type\":\"ImageObject\",\"inLanguage\":\"fr-FR\",\"@id\":\"https:\\\/\\\/store.microbiotech.dz\\\/#\\\/schema\\\/logo\\\/image\\\/\",\"url\":\"https:\\\/\\\/store.microbiotech.dz\\\/wp-content\\\/uploads\\\/2021\\\/09\\\/cropped-logo-microbiotech-2.jpg\",\"contentUrl\":\"https:\\\/\\\/store.microbiotech.dz\\\/wp-content\\\/uploads\\\/2021\\\/09\\\/cropped-logo-microbiotech-2.jpg\",\"width\":815,\"height\":586,\"caption\":\"Microbiotech EURL\"},\"image\":{\"@id\":\"https:\\\/\\\/store.microbiotech.dz\\\/#\\\/schema\\\/logo\\\/image\\\/\"},\"sameAs\":[\"https:\\\/\\\/www.facebook.com\\\/MicroBiotech.dz\",\"https:\\\/\\\/x.com\\\/MicrobiotechD\",\"https:\\\/\\\/www.linkedin.com\\\/in\\\/microbiotech\\\/\",\"https:\\\/\\\/www.youtube.com\\\/channel\\\/UCTxc3VIiX7LXD2LQYfZEcDg\"]}]}<\/script>\n<!-- \/ Yoast SEO plugin. -->","yoast_head_json":{"title":"\u00c0 propos de nous La Boutique en ligne","description":"Qui sommes nous et que faisons nous? cette page vous renseignera sur l'historique et l'activit\u00e9 de notre entreprise, tout \u00e0 propos de nous.","robots":{"index":"index","follow":"follow","max-snippet":"max-snippet:-1","max-image-preview":"max-image-preview:large","max-video-preview":"max-video-preview:-1"},"canonical":"https:\/\/store.microbiotech.dz\/index.php\/a-propos-de-nous\/","og_locale":"fr_FR","og_type":"article","og_title":"\u00c0 propos de nous La Boutique en ligne","og_description":"Qui sommes nous et que faisons nous? cette page vous renseignera sur l'historique et l'activit\u00e9 de notre entreprise, tout \u00e0 propos de nous.","og_url":"https:\/\/store.microbiotech.dz\/index.php\/a-propos-de-nous\/","og_site_name":"La Boutique en ligne","article_publisher":"https:\/\/www.facebook.com\/MicroBiotech.dz","article_modified_time":"2026-02-27T11:18:38+00:00","og_image":[{"width":1536,"height":890,"url":"https:\/\/store.microbiotech.dz\/wp-content\/uploads\/2026\/02\/voir-les-avis-clients-2-e1772191028800.webp","type":"image\/webp"}],"twitter_card":"summary_large_image","twitter_site":"@MicrobiotechD","twitter_misc":{"Dur\u00e9e de lecture estim\u00e9e":"1 minute"},"schema":{"@context":"https:\/\/schema.org","@graph":[{"@type":"WebPage","@id":"https:\/\/store.microbiotech.dz\/index.php\/a-propos-de-nous\/","url":"https:\/\/store.microbiotech.dz\/index.php\/a-propos-de-nous\/","name":"\u00c0 propos de nous La Boutique en ligne","isPartOf":{"@id":"https:\/\/store.microbiotech.dz\/#website"},"primaryImageOfPage":{"@id":"https:\/\/store.microbiotech.dz\/index.php\/a-propos-de-nous\/#primaryimage"},"image":{"@id":"https:\/\/store.microbiotech.dz\/index.php\/a-propos-de-nous\/#primaryimage"},"thumbnailUrl":"https:\/\/store.microbiotech.dz\/wp-content\/uploads\/2026\/02\/voir-les-avis-clients-2-e1772191028800-1024x593.webp","datePublished":"2021-09-16T10:16:47+00:00","dateModified":"2026-02-27T11:18:38+00:00","description":"Qui sommes nous et que faisons nous? cette page vous renseignera sur l'historique et l'activit\u00e9 de notre entreprise, tout \u00e0 propos de nous.","breadcrumb":{"@id":"https:\/\/store.microbiotech.dz\/index.php\/a-propos-de-nous\/#breadcrumb"},"inLanguage":"fr-FR","potentialAction":[{"@type":"ReadAction","target":["https:\/\/store.microbiotech.dz\/index.php\/a-propos-de-nous\/"]}]},{"@type":"ImageObject","inLanguage":"fr-FR","@id":"https:\/\/store.microbiotech.dz\/index.php\/a-propos-de-nous\/#primaryimage","url":"https:\/\/store.microbiotech.dz\/wp-content\/uploads\/2026\/02\/voir-les-avis-clients-2-e1772191028800.webp","contentUrl":"https:\/\/store.microbiotech.dz\/wp-content\/uploads\/2026\/02\/voir-les-avis-clients-2-e1772191028800.webp","width":1536,"height":890},{"@type":"BreadcrumbList","@id":"https:\/\/store.microbiotech.dz\/index.php\/a-propos-de-nous\/#breadcrumb","itemListElement":[{"@type":"ListItem","position":1,"name":"Accueil","item":"https:\/\/store.microbiotech.dz\/"},{"@type":"ListItem","position":2,"name":"\u00c0 propos de nous"}]},{"@type":"WebSite","@id":"https:\/\/store.microbiotech.dz\/#website","url":"https:\/\/store.microbiotech.dz\/","name":"La Boutique en ligne","description":"Qualit\u00e9 - Rapidit\u00e9 - Tranquillit\u00e9","publisher":{"@id":"https:\/\/store.microbiotech.dz\/#organization"},"potentialAction":[{"@type":"SearchAction","target":{"@type":"EntryPoint","urlTemplate":"https:\/\/store.microbiotech.dz\/?s={search_term_string}"},"query-input":{"@type":"PropertyValueSpecification","valueRequired":true,"valueName":"search_term_string"}}],"inLanguage":"fr-FR"},{"@type":"Organization","@id":"https:\/\/store.microbiotech.dz\/#organization","name":"Microbiotech EURL","url":"https:\/\/store.microbiotech.dz\/","logo":{"@type":"ImageObject","inLanguage":"fr-FR","@id":"https:\/\/store.microbiotech.dz\/#\/schema\/logo\/image\/","url":"https:\/\/store.microbiotech.dz\/wp-content\/uploads\/2021\/09\/cropped-logo-microbiotech-2.jpg","contentUrl":"https:\/\/store.microbiotech.dz\/wp-content\/uploads\/2021\/09\/cropped-logo-microbiotech-2.jpg","width":815,"height":586,"caption":"Microbiotech EURL"},"image":{"@id":"https:\/\/store.microbiotech.dz\/#\/schema\/logo\/image\/"},"sameAs":["https:\/\/www.facebook.com\/MicroBiotech.dz","https:\/\/x.com\/MicrobiotechD","https:\/\/www.linkedin.com\/in\/microbiotech\/","https:\/\/www.youtube.com\/channel\/UCTxc3VIiX7LXD2LQYfZEcDg"]}]}},"jetpack_sharing_enabled":true,"_links":{"self":[{"href":"https:\/\/store.microbiotech.dz\/index.php\/wp-json\/wp\/v2\/pages\/19","targetHints":{"allow":["GET"]}}],"collection":[{"href":"https:\/\/store.microbiotech.dz\/index.php\/wp-json\/wp\/v2\/pages"}],"about":[{"href":"https:\/\/store.microbiotech.dz\/index.php\/wp-json\/wp\/v2\/types\/page"}],"author":[{"embeddable":true,"href":"https:\/\/store.microbiotech.dz\/index.php\/wp-json\/wp\/v2\/users\/1"}],"replies":[{"embeddable":true,"href":"https:\/\/store.microbiotech.dz\/index.php\/wp-json\/wp\/v2\/comments?post=19"}],"version-history":[{"count":30,"href":"https:\/\/store.microbiotech.dz\/index.php\/wp-json\/wp\/v2\/pages\/19\/revisions"}],"predecessor-version":[{"id":19838,"href":"https:\/\/store.microbiotech.dz\/index.php\/wp-json\/wp\/v2\/pages\/19\/revisions\/19838"}],"wp:attachment":[{"href":"https:\/\/store.microbiotech.dz\/index.php\/wp-json\/wp\/v2\/media?parent=19"}],"curies":[{"name":"wp","href":"https:\/\/api.w.org\/{rel}","templated":true}]}}